{"id":742243,"date":"2025-08-28T01:07:37","date_gmt":"2025-08-27T22:07:37","guid":{"rendered":"https:\/\/roveyayinevi.com.tr\/index.php\/urun\/gecici\/"},"modified":"2026-04-16T02:53:22","modified_gmt":"2026-04-15T23:53:22","slug":"gecici","status":"publish","type":"product","link":"https:\/\/roveyayinevi.com.tr\/index.php\/urun\/gecici\/","title":{"rendered":"Ge\u00e7ici"},"content":{"rendered":"<p>S\u00fcrekli birbirinden farkl\u0131 i\u015flerde \u00e7al\u0131\u015fan, kal\u0131c\u0131l\u0131k pe\u015finde bir \u201cGe\u00e7ici\u201dnin hik\u00e2yesi bu. Kal\u0131c\u0131l\u0131\u011fa giden yolda, m\u00fctemadiyen yeni bir i\u015fe yerle\u015ftirilen, sorumlulu\u011fu neyse onu yerine getirip s\u0131radaki \u201cyerle\u015ftirme\u201dyi bekleyen bir Ge\u00e7ici\u2026 \u0130\u015fi ise her \u015fey olabilir; b\u00fcy\u00fck bir \u015firketin Y\u00f6netim Kurulu Ba\u015fkan\u0131\u2019n\u0131n yerine bakmak, bir korsan gemisinde \u00e7al\u0131\u015fmak, bir evin kap\u0131lar\u0131n\u0131 a\u00e7\u0131p kapamak, hatta bir katilin yard\u0131mc\u0131s\u0131 olmak\u2026PEN\/Hemingway \u0130lk Roman \u00d6d\u00fcl\u00fc adaylar\u0131ndan Ge\u00e7ici, s\u00fcrrealist bir mizah anlay\u0131\u015f\u0131 ile kapitalizm ele\u015ftirisinin i\u00e7 i\u00e7e ge\u00e7ti\u011fi, i\u015f d\u00fcnyas\u0131ndaki g\u00f6r\u00fcnmez tehlikeleri sergileyen, s\u0131radan ya\u015fam\u0131n tuhafl\u0131\u011f\u0131na dikkat \u00e7eken, kimli\u011fimizi nas\u0131l in\u015fa etti\u011fimizi irdeleyen, g\u00fcn\u00fcm\u00fcz\u00fcn laneti \u201cesnek ekonomi\u201d sorununa e\u011filen, hem ciddi hem alayc\u0131 bir manifesto.\u201cBir Salvador Dali tablosu \u00e7a\u011fda\u015f bir roman olarak yeniden tasarlansayd\u0131 bu kitap ortaya \u00e7\u0131kard\u0131.\u201d\u2014Parade\u201cLeichter, sordu\u011fu \u015fu soruya dengeli bir cevap sunuyor: Her \u015fey i\u015f olarak kabul edildi\u011finde, onun d\u0131\u015f\u0131nda kalmak nas\u0131l m\u00fcmk\u00fcn olabilir?\u201d\u2014Vulture<\/p>\n","protected":false},"excerpt":{"rendered":"<p>S\u00fcrekli birbirinden farkl\u0131 i\u015flerde \u00e7al\u0131\u015fan, kal\u0131c\u0131l\u0131k pe\u015finde bir \u201cGe\u00e7ici\u201dnin hik\u00e2yesi bu. Kal\u0131c\u0131l\u0131\u011fa giden yolda, m\u00fctemadiyen yeni bir i\u015fe yerle\u015ftirilen, sorumlulu\u011fu neyse onu yerine getirip s\u0131radaki \u201cyerle\u015ftirme\u201dyi<span class=\"excerpt-hellip\"> [\u2026]<\/span><\/p>\n","protected":false},"featured_media":0,"template":"","meta":{"_monsterinsights_skip_tracking":false,"_monsterinsights_sitenote_active":false,"_monsterinsights_sitenote_note":"","_monsterinsights_sitenote_category":0},"product_brand":[],"product_cat":[12291,12711],"product_tag":[],"class_list":{"0":"post-742243","1":"product","2":"type-product","3":"status-publish","5":"product_cat-edebiyat","6":"product_cat-roman-oyku","7":"pa_cilt-ciltsiz","8":"pa_tur-kitap","9":"pa_yayinevi-ithaki-yayinlari","10":"pa_yazar-hilary-leichter","12":"first","13":"instock","14":"sale","15":"shipping-taxable","16":"purchasable","17":"product-type-simple"},"_links":{"self":[{"href":"https:\/\/roveyayinevi.com.tr\/index.php\/wp-json\/wp\/v2\/product\/742243","targetHints":{"allow":["GET"]}}],"collection":[{"href":"https:\/\/roveyayinevi.com.tr\/index.php\/wp-json\/wp\/v2\/product"}],"about":[{"href":"https:\/\/roveyayinevi.com.tr\/index.php\/wp-json\/wp\/v2\/types\/product"}],"wp:attachment":[{"href":"https:\/\/roveyayinevi.com.tr\/index.php\/wp-json\/wp\/v2\/media?parent=742243"}],"wp:term":[{"taxonomy":"product_brand","embeddable":true,"href":"https:\/\/roveyayinevi.com.tr\/index.php\/wp-json\/wp\/v2\/product_brand?post=742243"},{"taxonomy":"product_cat","embeddable":true,"href":"https:\/\/roveyayinevi.com.tr\/index.php\/wp-json\/wp\/v2\/product_cat?post=742243"},{"taxonomy":"product_tag","embeddable":true,"href":"https:\/\/roveyayinevi.com.tr\/index.php\/wp-json\/wp\/v2\/product_tag?post=742243"}],"curies":[{"name":"wp","href":"https:\/\/api.w.org\/{rel}","templated":true}]}}