{"id":742242,"date":"2025-08-28T01:07:36","date_gmt":"2025-08-27T22:07:36","guid":{"rendered":"https:\/\/roveyayinevi.com.tr\/index.php\/urun\/yasli-aslan-ve-genc-aslan\/"},"modified":"2026-04-16T02:53:22","modified_gmt":"2026-04-15T23:53:22","slug":"yasli-aslan-ve-genc-aslan","status":"publish","type":"product","link":"https:\/\/roveyayinevi.com.tr\/index.php\/urun\/yasli-aslan-ve-genc-aslan\/","title":{"rendered":"Ya\u015fl\u0131 Aslan ve Gen\u00e7 Aslan"},"content":{"rendered":"<p>Kocaman a\u011fa\u00e7lar\u0131n ve \u00e7ok b\u00fcy\u00fck yapraklar\u0131n oldu\u011fu yemye\u015fil bir ormanda Ya\u015fl\u0131 Aslan ve Gen\u00e7 Aslan ya\u015f\u0131yordu. Bir\u00e7ok canl\u0131n\u0131n evi olan bu ormana bir g\u00fcn, k\u00f6t\u00fc kalpli Cad\u0131 geldi. Cad\u0131, ormandaki a\u011fa\u00e7lar\u0131 kesmek istiyordu. Cad\u0131&#8217;y\u0131 durdurmak isteyen hayvanlar, g\u00fc\u00e7l\u00fc birinden yard\u0131m istemeye karar verdi.Peki, k\u00f6t\u00fc kalpli Cad\u0131&#8217;yla Gen\u00e7 Aslan m\u0131 ba\u015fa \u00e7\u0131kabilecekti yoksa Ya\u015fl\u0131 Aslan m\u0131?(Tan\u0131t\u0131m B\u00fclteninden)<\/p>\n","protected":false},"excerpt":{"rendered":"<p>Kocaman a\u011fa\u00e7lar\u0131n ve \u00e7ok b\u00fcy\u00fck yapraklar\u0131n oldu\u011fu yemye\u015fil bir ormanda Ya\u015fl\u0131 Aslan ve Gen\u00e7 Aslan ya\u015f\u0131yordu. Bir\u00e7ok canl\u0131n\u0131n evi olan bu ormana bir g\u00fcn, k\u00f6t\u00fc kalpli<span class=\"excerpt-hellip\"> [\u2026]<\/span><\/p>\n","protected":false},"featured_media":0,"template":"","meta":{"_monsterinsights_skip_tracking":false,"_monsterinsights_sitenote_active":false,"_monsterinsights_sitenote_note":"","_monsterinsights_sitenote_category":0},"product_brand":[],"product_cat":[12913,12274],"product_tag":[],"class_list":{"0":"post-742242","1":"product","2":"type-product","3":"status-publish","5":"product_cat-3-6-yas-kitaplari","6":"product_cat-cocuk-ve-genclik-kitaplari","7":"pa_cilt-ciltsiz","8":"pa_tur-kitap","9":"pa_yayinevi-mandolin-yayinlari","10":"pa_yazar-serhan-kursun","12":"first","13":"instock","14":"sale","15":"shipping-taxable","16":"purchasable","17":"product-type-simple"},"_links":{"self":[{"href":"https:\/\/roveyayinevi.com.tr\/index.php\/wp-json\/wp\/v2\/product\/742242","targetHints":{"allow":["GET"]}}],"collection":[{"href":"https:\/\/roveyayinevi.com.tr\/index.php\/wp-json\/wp\/v2\/product"}],"about":[{"href":"https:\/\/roveyayinevi.com.tr\/index.php\/wp-json\/wp\/v2\/types\/product"}],"wp:attachment":[{"href":"https:\/\/roveyayinevi.com.tr\/index.php\/wp-json\/wp\/v2\/media?parent=742242"}],"wp:term":[{"taxonomy":"product_brand","embeddable":true,"href":"https:\/\/roveyayinevi.com.tr\/index.php\/wp-json\/wp\/v2\/product_brand?post=742242"},{"taxonomy":"product_cat","embeddable":true,"href":"https:\/\/roveyayinevi.com.tr\/index.php\/wp-json\/wp\/v2\/product_cat?post=742242"},{"taxonomy":"product_tag","embeddable":true,"href":"https:\/\/roveyayinevi.com.tr\/index.php\/wp-json\/wp\/v2\/product_tag?post=742242"}],"curies":[{"name":"wp","href":"https:\/\/api.w.org\/{rel}","templated":true}]}}