{"id":742241,"date":"2025-08-28T01:07:35","date_gmt":"2025-08-27T22:07:35","guid":{"rendered":"https:\/\/roveyayinevi.com.tr\/index.php\/urun\/masa-bayrak-sandalye\/"},"modified":"2026-04-16T02:53:22","modified_gmt":"2026-04-15T23:53:22","slug":"masa-bayrak-sandalye","status":"publish","type":"product","link":"https:\/\/roveyayinevi.com.tr\/index.php\/urun\/masa-bayrak-sandalye\/","title":{"rendered":"Masa, Bayrak, Sandalye"},"content":{"rendered":"<p>2009\u2019da Renkzaman, 2012\u2019de Pencere, 2016\u2019da Karlar Alt\u0131nda K\u00f6rler \u00dclkesi adl\u0131 kitaplar\u0131 yay\u0131mlanan Serhat \u00c7elikel, ikinci roman\u0131yla okur kar\u015f\u0131s\u0131nda.Masa, Bayrak, Sandalye bir dostluk hik\u00e2yesi. Roman\u0131n ba\u015fki\u015fisi ve anlat\u0131c\u0131s\u0131 konumundaki Burak\u2019\u0131n, ev arkada\u015flar\u0131 Ece, Cemil ve hem evlerine hem aralar\u0131na sonradan dahil olan Yasemin\u2019le ya\u015fad\u0131klar\u0131, onlarla birlikte kendini yeniden ve durmadan ke\u015ffetme h\u00e2li ve d\u00fcnya \u00fczerindeki her \u015feyin ge\u00e7ip gidiyor olu\u015fu, bu hik\u00e2yenin temel ta\u015flar\u0131n\u0131 olu\u015fturuyor. Roman boyunca payla\u015f\u0131lanlar\u0131n \u201cu\u00e7uculu\u011funu\u201d ise Burak\u2019\u0131n aral\u0131klarla yineledi\u011fi c\u00fcmle temsil ediyor: \u201cKimseye zarar\u0131m yok, galiba bu d\u00fcnyada bir amac\u0131m da yok.\u201d\u00c7elikel, kendi h\u00e2linde d\u00f6rt \u00fcniversite \u00f6\u011frencisinin hayat\u0131nda olan biten ufak tefek \u015feyleri mevsim mevsim anlat\u0131rken, \u00f6nce bu ola\u011fan ak\u0131\u015f\u0131 bozan ola\u011fand\u0131\u015f\u0131 olaylara, sonra da roman\u0131n var olma s\u00fcrecine dahil ediyor okuru. Bu duraklar, roman\u0131n bir dostluk hik\u00e2yesinden fazlas\u0131 oldu\u011funun kan\u0131t\u0131.&#8221;Burak kendisini de taklit etmelerini bekledi fakat hen\u00fcz aralar\u0131na kat\u0131lm\u0131\u015f Yasemin\u2019in bile sa\u00e7lar\u0131n\u0131 tepesinde toplad\u0131\u011f\u0131 zamanlarda yapt\u0131\u011f\u0131 bir hareketle dalga ge\u00e7ildikten ve buna g\u00fcl\u00fcnd\u00fckten sonra ba\u015fka g\u00fcl\u00fcn\u00e7l\u00fcklere ge\u00e7ildi. Kendisini taklit edecek olsa bunun nas\u0131l bir hareket olaca\u011f\u0131n\u0131 d\u00fc\u015f\u00fcnd\u00fc, akl\u0131na bir \u015fey gelmiyordu. S\u00fcrekli kulland\u0131\u011f\u0131 bir hareket, bir kelime, bir y\u00fcz ifadesi d\u00fc\u015f\u00fcnd\u00fc ama b\u00f6yle bir \u015fey de bulamad\u0131. Bazen kar\u015f\u0131daki nas\u0131l konu\u015fursa, nas\u0131l davran\u0131rsa kendisinin de buna hemen uydu\u011funu, kar\u015f\u0131s\u0131ndaki gibi \u015feyler s\u00f6yleyip, kar\u015f\u0131s\u0131ndakine benzer hareketler yapt\u0131\u011f\u0131n\u0131 d\u00fc\u015f\u00fcn\u00fcr ama buna can\u0131n\u0131 s\u0131kmazd\u0131. Burak\u2019\u0131 di\u011ferlerinden ay\u0131ran bir \u015fey muhakkak olmal\u0131yd\u0131, bir ilgin\u00e7 yan, yaln\u0131zca ona has bir \u015fey olmal\u0131yd\u0131. \u2018Yok,\u2019 diye d\u00fc\u015f\u00fcnd\u00fc. \u2018Bu hayatta hi\u00e7bir amac\u0131m da yok.\u2019&#8221;<\/p>\n","protected":false},"excerpt":{"rendered":"<p>2009\u2019da Renkzaman, 2012\u2019de Pencere, 2016\u2019da Karlar Alt\u0131nda K\u00f6rler \u00dclkesi adl\u0131 kitaplar\u0131 yay\u0131mlanan Serhat \u00c7elikel, ikinci roman\u0131yla okur kar\u015f\u0131s\u0131nda.Masa, Bayrak, Sandalye bir dostluk hik\u00e2yesi. Roman\u0131n ba\u015fki\u015fisi ve<span class=\"excerpt-hellip\"> [\u2026]<\/span><\/p>\n","protected":false},"featured_media":0,"template":"","meta":{"_monsterinsights_skip_tracking":false,"_monsterinsights_sitenote_active":false,"_monsterinsights_sitenote_note":"","_monsterinsights_sitenote_category":0},"product_brand":[],"product_cat":[12291,12711],"product_tag":[],"class_list":{"0":"post-742241","1":"product","2":"type-product","3":"status-publish","5":"product_cat-edebiyat","6":"product_cat-roman-oyku","7":"pa_cilt-ciltsiz","8":"pa_tur-kitap","9":"pa_yayinevi-ithaki-yayinlari","10":"pa_yazar-serhat-celikel","12":"first","13":"instock","14":"sale","15":"shipping-taxable","16":"purchasable","17":"product-type-simple"},"_links":{"self":[{"href":"https:\/\/roveyayinevi.com.tr\/index.php\/wp-json\/wp\/v2\/product\/742241","targetHints":{"allow":["GET"]}}],"collection":[{"href":"https:\/\/roveyayinevi.com.tr\/index.php\/wp-json\/wp\/v2\/product"}],"about":[{"href":"https:\/\/roveyayinevi.com.tr\/index.php\/wp-json\/wp\/v2\/types\/product"}],"wp:attachment":[{"href":"https:\/\/roveyayinevi.com.tr\/index.php\/wp-json\/wp\/v2\/media?parent=742241"}],"wp:term":[{"taxonomy":"product_brand","embeddable":true,"href":"https:\/\/roveyayinevi.com.tr\/index.php\/wp-json\/wp\/v2\/product_brand?post=742241"},{"taxonomy":"product_cat","embeddable":true,"href":"https:\/\/roveyayinevi.com.tr\/index.php\/wp-json\/wp\/v2\/product_cat?post=742241"},{"taxonomy":"product_tag","embeddable":true,"href":"https:\/\/roveyayinevi.com.tr\/index.php\/wp-json\/wp\/v2\/product_tag?post=742241"}],"curies":[{"name":"wp","href":"https:\/\/api.w.org\/{rel}","templated":true}]}}