{"id":742240,"date":"2025-08-28T01:07:34","date_gmt":"2025-08-27T22:07:34","guid":{"rendered":"https:\/\/roveyayinevi.com.tr\/index.php\/urun\/dogrudan-demokrasi\/"},"modified":"2026-04-16T02:53:22","modified_gmt":"2026-04-15T23:53:22","slug":"dogrudan-demokrasi","status":"publish","type":"product","link":"https:\/\/roveyayinevi.com.tr\/index.php\/urun\/dogrudan-demokrasi\/","title":{"rendered":"Do\u011frudan Demokrasi"},"content":{"rendered":"<p>Do\u011frudan demokrasi mekanizmalar\u0131n\u0131n i\u015fletilmesinin demokrasinin g\u00fc\u00e7lenmesine katk\u0131 sa\u011flayaca\u011f\u0131 inanc\u0131yla haz\u0131rlanan bu kitap, T\u00fcrkiye\u2019de g\u00f6rece az bilinen ba\u015fl\u0131klar olan do\u011frudan demokrasinin ve do\u011frudan demokrasinin uygulanma bi\u00e7imini olu\u015fturan do\u011frudan demokrasi mekanizmalar\u0131n\u0131n bilinirli\u011fini art\u0131rmay\u0131 hedeflemektedir.   Konu \u00fczerine yap\u0131lm\u0131\u015f olan \u00e7al\u0131\u015fmalar \u00e7o\u011funlukla do\u011frudan demokrasiyi ulusal d\u00fczeyde ele alan \u00e7al\u0131\u015fmalard\u0131r. Bu kitapta, ulusal d\u00fczeydeki do\u011frudan demokrasi mekanizmalar\u0131n\u0131n yan\u0131 s\u0131ra, do\u011frudan demokrasinin yerel d\u00fczeyde uygulan\u0131\u015f\u0131 da ele al\u0131nm\u0131\u015f ve buna ili\u015fkin \u00f6rneklere de yer verilmi\u015ftir. <\/p>\n","protected":false},"excerpt":{"rendered":"<p>Do\u011frudan demokrasi mekanizmalar\u0131n\u0131n i\u015fletilmesinin demokrasinin g\u00fc\u00e7lenmesine katk\u0131 sa\u011flayaca\u011f\u0131 inanc\u0131yla haz\u0131rlanan bu kitap, T\u00fcrkiye\u2019de g\u00f6rece az bilinen ba\u015fl\u0131klar olan do\u011frudan demokrasinin ve do\u011frudan demokrasinin uygulanma bi\u00e7imini olu\u015fturan<span class=\"excerpt-hellip\"> [\u2026]<\/span><\/p>\n","protected":false},"featured_media":0,"template":"","meta":{"_monsterinsights_skip_tracking":false,"_monsterinsights_sitenote_active":false,"_monsterinsights_sitenote_note":"","_monsterinsights_sitenote_category":0},"product_brand":[],"product_cat":[12337,14706],"product_tag":[],"class_list":{"0":"post-742240","1":"product","2":"type-product","3":"status-publish","5":"product_cat-politika-siyaset","6":"product_cat-siyaset-bilimi","7":"pa_cilt-ciltsiz","8":"pa_tur-kitap","9":"pa_yayinevi-vulgus-yayinlari","10":"pa_yazar-oguzhan-goktolga","12":"first","13":"instock","14":"sale","15":"shipping-taxable","16":"purchasable","17":"product-type-simple"},"_links":{"self":[{"href":"https:\/\/roveyayinevi.com.tr\/index.php\/wp-json\/wp\/v2\/product\/742240","targetHints":{"allow":["GET"]}}],"collection":[{"href":"https:\/\/roveyayinevi.com.tr\/index.php\/wp-json\/wp\/v2\/product"}],"about":[{"href":"https:\/\/roveyayinevi.com.tr\/index.php\/wp-json\/wp\/v2\/types\/product"}],"wp:attachment":[{"href":"https:\/\/roveyayinevi.com.tr\/index.php\/wp-json\/wp\/v2\/media?parent=742240"}],"wp:term":[{"taxonomy":"product_brand","embeddable":true,"href":"https:\/\/roveyayinevi.com.tr\/index.php\/wp-json\/wp\/v2\/product_brand?post=742240"},{"taxonomy":"product_cat","embeddable":true,"href":"https:\/\/roveyayinevi.com.tr\/index.php\/wp-json\/wp\/v2\/product_cat?post=742240"},{"taxonomy":"product_tag","embeddable":true,"href":"https:\/\/roveyayinevi.com.tr\/index.php\/wp-json\/wp\/v2\/product_tag?post=742240"}],"curies":[{"name":"wp","href":"https:\/\/api.w.org\/{rel}","templated":true}]}}