{"id":742239,"date":"2025-08-28T01:07:33","date_gmt":"2025-08-27T22:07:33","guid":{"rendered":"https:\/\/roveyayinevi.com.tr\/index.php\/urun\/oluhane-kapilari\/"},"modified":"2026-04-16T02:53:22","modified_gmt":"2026-04-15T23:53:22","slug":"oluhane-kapilari","status":"publish","type":"product","link":"https:\/\/roveyayinevi.com.tr\/index.php\/urun\/oluhane-kapilari\/","title":{"rendered":"\u00d6l\u00fchane Kap\u0131lar\u0131"},"content":{"rendered":"<p>\u201cBIRAKIN \u00d6L\u00dcM\u00dcM \u015eAN GET\u0130RMES\u0130N. BIRAKIN UNUTULUP G\u0130DEY\u0130M. BIRAKIN CANLILARI SU\u00c7LAYAN \u00d6L\u00dcLER\u0130N ARASINDA YER ALMAYAYIM.\u201dZaman\u0131n ve kumlar\u0131n \u00f6l\u00fc uygarl\u0131klar\u0131n \u00fczerini \u00f6rtt\u00fc\u011f\u00fc, bir zamanlar denizken art\u0131k \u00f6l\u00fcmc\u00fcl g\u00fcne\u015fin kavurdu\u011fu Kutsal Raraku \u00c7\u00f6l\u00fc\u2026 Malazan \u0130mparatorlu\u011fu h\u00e2kimiyeti alt\u0131ndaki Yedi Kent k\u0131tas\u0131nda esen s\u0131cak \u00e7\u00f6l r\u00fczg\u00e2rlar\u0131nda bir isyan\u0131n f\u0131s\u0131lt\u0131lar\u0131 ta\u015f\u0131nmaktayd\u0131. Raraku \u00c7\u00f6l\u00fc\u2019ndeki sakl\u0131 bir vahada, Sha\u2019ik ismindeki peygamber, Dryjhna K\u0131yamet Kitab\u0131\u2019n\u0131n eline teslim edilmesini bekliyordu. Kehanete g\u00f6re, Sha\u2019ik kitab\u0131 a\u00e7t\u0131\u011f\u0131nda, intikam tanr\u0131\u00e7as\u0131 uyanacak ve Yedi Kent h\u00fcrriyetini geri almak i\u00e7in ayaklanacakt\u0131.Yedi Kent k\u0131tas\u0131nda ger\u00e7ekle\u015fmeyi bekleyen tek kehanet bundan ibaret de\u011fildi. Hayvan cismine b\u00fcr\u00fcnebilen \u015fekilde\u011fi\u015ftirenler, verilmi\u015f kadim bir s\u00f6z\u00fcn pe\u015finden Yedi Kent\u2019e ak\u0131n ediyor, hem \u00e7\u00f6lde hem de b\u00fcy\u00fcl\u00fc kovanlarda birbirleriyle \u00e7at\u0131\u015f\u0131yorlard\u0131. Kana susam\u0131\u015f \u00e7\u00f6l kumlar\u0131n\u0131 besleyen bu \u00e7at\u0131\u015fmalar, Yedi Kent\u2019i hi\u00e7 olmad\u0131\u011f\u0131 kadar tehlikeli ve korkun\u00e7 bir yer h\u00e2line getiriyordu.Tanr\u0131lar\u0131n faniler \u00fczerindeki ac\u0131 oyunlar\u0131 devam ediyor, kumlara g\u00f6m\u00fcl\u00fc s\u0131rlar ke\u015ffedildik\u00e7e fanilerin entrikalar\u0131n\u0131n ne kadar \u00f6nemsiz oldu\u011fu a\u00e7\u0131\u011fa \u00e7\u0131k\u0131yordu. Ancak ne tanr\u0131lar\u0131n ne de fanilerin hesaba katt\u0131\u011f\u0131 bir ger\u00e7ek vard\u0131: Tanr\u0131lar da entrikalara kurban gidebilirlerdi.\u201cSteven Erikson beni kendine hayran b\u0131rak\u0131yor. Eserleri sadece bir avu\u00e7 kitab\u0131n ba\u015farabildi\u011fini ger\u00e7ekle\u015ftiriyor: Okurun ger\u00e7eklik alg\u0131s\u0131n\u0131 de\u011fi\u015ftiriyor.\u201d \u2014Stephen R. Donaldson\u201cErikson \u00f6yle ger\u00e7ek\u00e7i, \u00f6yle efsunlu d\u00fcnyalar yarat\u0131yor ki oradan ayr\u0131lmak istedi\u011finden emin olam\u0131yor insan.\u201d \u2014Michael A. Stackpole\u201cElinizden d\u00fc\u015f\u00fcremeyece\u011finiz, soluk solu\u011fa, George R. R. Martin&#8217;in eserlerindeki vah\u015fili\u011fe sahip bir kitap.\u201d \u2014Elizabeth Haydon\u201cY\u0131l\u0131n en iyi fantastik eserlerinden biri.\u201d \u2014SF Site<\/p>\n","protected":false},"excerpt":{"rendered":"<p>\u201cBIRAKIN \u00d6L\u00dcM\u00dcM \u015eAN GET\u0130RMES\u0130N. BIRAKIN UNUTULUP G\u0130DEY\u0130M. BIRAKIN CANLILARI SU\u00c7LAYAN \u00d6L\u00dcLER\u0130N ARASINDA YER ALMAYAYIM.\u201dZaman\u0131n ve kumlar\u0131n \u00f6l\u00fc uygarl\u0131klar\u0131n \u00fczerini \u00f6rtt\u00fc\u011f\u00fc, bir zamanlar denizken art\u0131k \u00f6l\u00fcmc\u00fcl g\u00fcne\u015fin<span class=\"excerpt-hellip\"> [\u2026]<\/span><\/p>\n","protected":false},"featured_media":0,"template":"","meta":{"_monsterinsights_skip_tracking":false,"_monsterinsights_sitenote_active":false,"_monsterinsights_sitenote_note":"","_monsterinsights_sitenote_category":0},"product_brand":[],"product_cat":[12540,12291],"product_tag":[],"class_list":{"0":"post-742239","1":"product","2":"type-product","3":"status-publish","5":"product_cat-bilim-kurgu","6":"product_cat-edebiyat","7":"pa_cilt-ciltsiz","8":"pa_tur-kitap","9":"pa_yayinevi-ithaki-yayinlari","10":"pa_yazar-steven-erikson","12":"first","13":"instock","14":"sale","15":"shipping-taxable","16":"purchasable","17":"product-type-simple"},"_links":{"self":[{"href":"https:\/\/roveyayinevi.com.tr\/index.php\/wp-json\/wp\/v2\/product\/742239","targetHints":{"allow":["GET"]}}],"collection":[{"href":"https:\/\/roveyayinevi.com.tr\/index.php\/wp-json\/wp\/v2\/product"}],"about":[{"href":"https:\/\/roveyayinevi.com.tr\/index.php\/wp-json\/wp\/v2\/types\/product"}],"wp:attachment":[{"href":"https:\/\/roveyayinevi.com.tr\/index.php\/wp-json\/wp\/v2\/media?parent=742239"}],"wp:term":[{"taxonomy":"product_brand","embeddable":true,"href":"https:\/\/roveyayinevi.com.tr\/index.php\/wp-json\/wp\/v2\/product_brand?post=742239"},{"taxonomy":"product_cat","embeddable":true,"href":"https:\/\/roveyayinevi.com.tr\/index.php\/wp-json\/wp\/v2\/product_cat?post=742239"},{"taxonomy":"product_tag","embeddable":true,"href":"https:\/\/roveyayinevi.com.tr\/index.php\/wp-json\/wp\/v2\/product_tag?post=742239"}],"curies":[{"name":"wp","href":"https:\/\/api.w.org\/{rel}","templated":true}]}}