{"id":742238,"date":"2025-08-28T01:07:32","date_gmt":"2025-08-27T22:07:32","guid":{"rendered":"https:\/\/roveyayinevi.com.tr\/index.php\/urun\/cocuklugum-10\/"},"modified":"2026-04-16T02:53:22","modified_gmt":"2026-04-15T23:53:22","slug":"cocuklugum-10","status":"publish","type":"product","link":"https:\/\/roveyayinevi.com.tr\/index.php\/urun\/cocuklugum-10\/","title":{"rendered":"\u00c7ocuklu\u011fum"},"content":{"rendered":"<p>K\u0131rg\u0131z halk\u0131n\u0131n siyasi ve toplumsal k\u0131r\u0131lma anlar\u0131n\u0131 ve b\u00fcy\u00fck de\u011fi\u015fimlerin yaratt\u0131\u011f\u0131 derin sanc\u0131lar\u0131 anlatt\u0131\u011f\u0131 eserleri 176 dile \u00e7evrilen b\u00fcy\u00fck usta Cengiz Aytmatov\u2019un dilinden; \u00e7ocukluk ve ilk gen\u00e7lik y\u0131llar\u0131na dair hem okuma lezzeti vadeden hem de kaynak niteli\u011finde e\u015fsiz bir eser! Halk\u0131n\u0131n ya\u015fad\u0131\u011f\u0131 zorluklara kay\u0131ts\u0131z kalamayan y\u00fcksek bir ruhun t\u00fcm d\u00fcnyada y\u00fcz binlerce okura ula\u015fan eserlerine esin kayna\u011f\u0131 olan, onu sadece K\u0131rg\u0131z edebiyat\u0131n\u0131n de\u011fil d\u00fcnyan\u0131n en \u00f6nemli yazarlar\u0131ndan biri yapan yaz\u0131n ser\u00fcvenin ilk s\u0131\u00e7ray\u0131\u015f noktas\u0131ndan hat\u0131ralara yer veren \u00c7ocuklu\u011fum, Aytmatov\u2019un uzun soluklu y\u00fcr\u00fcy\u00fc\u015f\u00fcn\u00fcn ilk ad\u0131mlar\u0131na odaklan\u0131yor. Cengiz Aytmatov\u2019un aile ve e\u011fitim hayat\u0131ndan ar\u015fiv g\u00f6r\u00fcnt\u00fcleri ve geni\u015f bir koleksiyondan \u00f6zenle se\u00e7ilen foto\u011fraflar\u0131 ile de s\u00fcslenen \u00c7ocuklu\u011fum\u2019un bu \u00f6zel edisyonu; kutulu benzersiz tasar\u0131m\u0131, \u00f6zel bask\u0131, cilt ve k\u00e2\u011f\u0131t kalitesi ile koleksiyonluk bir eser. \u201cSanat\u00e7\u0131 ve halk iki birle\u015fik de\u011ferdir. Halk yetenekli insanlar olan sanat\u00e7\u0131lar\u0131 yarat\u0131r ve yine halk kendi sanat\u00e7\u0131lar\u0131n\u0131n yaratt\u0131\u011f\u0131 en iyi eserlerin de\u011ferini bilir ve korur. Burada ba\u011flant\u0131 \u00e7ift tarafl\u0131d\u0131r: Sanat\u00e7\u0131 halk\u0131n manevi temelini, halk da ayn\u0131 \u015fekilde sanat\u00e7\u0131n\u0131n manevi temelini olu\u015fturur.\u201d Cengiz AYTMATOV<\/p>\n","protected":false},"excerpt":{"rendered":"<p>K\u0131rg\u0131z halk\u0131n\u0131n siyasi ve toplumsal k\u0131r\u0131lma anlar\u0131n\u0131 ve b\u00fcy\u00fck de\u011fi\u015fimlerin yaratt\u0131\u011f\u0131 derin sanc\u0131lar\u0131 anlatt\u0131\u011f\u0131 eserleri 176 dile \u00e7evrilen b\u00fcy\u00fck usta Cengiz Aytmatov\u2019un dilinden; \u00e7ocukluk ve ilk<span class=\"excerpt-hellip\"> [\u2026]<\/span><\/p>\n","protected":false},"featured_media":0,"template":"","meta":{"_monsterinsights_skip_tracking":false,"_monsterinsights_sitenote_active":false,"_monsterinsights_sitenote_note":"","_monsterinsights_sitenote_category":0},"product_brand":[],"product_cat":[13701,12291],"product_tag":[],"class_list":{"0":"post-742238","1":"product","2":"type-product","3":"status-publish","5":"product_cat-ani-mektup-gunluk","6":"product_cat-edebiyat","7":"pa_cilt-ciltli","8":"pa_tur-kitap","9":"pa_yayinevi-ketebe-yayinlari","10":"pa_yazar-cengiz-aytmatov","12":"first","13":"instock","14":"sale","15":"shipping-taxable","16":"purchasable","17":"product-type-simple"},"_links":{"self":[{"href":"https:\/\/roveyayinevi.com.tr\/index.php\/wp-json\/wp\/v2\/product\/742238","targetHints":{"allow":["GET"]}}],"collection":[{"href":"https:\/\/roveyayinevi.com.tr\/index.php\/wp-json\/wp\/v2\/product"}],"about":[{"href":"https:\/\/roveyayinevi.com.tr\/index.php\/wp-json\/wp\/v2\/types\/product"}],"wp:attachment":[{"href":"https:\/\/roveyayinevi.com.tr\/index.php\/wp-json\/wp\/v2\/media?parent=742238"}],"wp:term":[{"taxonomy":"product_brand","embeddable":true,"href":"https:\/\/roveyayinevi.com.tr\/index.php\/wp-json\/wp\/v2\/product_brand?post=742238"},{"taxonomy":"product_cat","embeddable":true,"href":"https:\/\/roveyayinevi.com.tr\/index.php\/wp-json\/wp\/v2\/product_cat?post=742238"},{"taxonomy":"product_tag","embeddable":true,"href":"https:\/\/roveyayinevi.com.tr\/index.php\/wp-json\/wp\/v2\/product_tag?post=742238"}],"curies":[{"name":"wp","href":"https:\/\/api.w.org\/{rel}","templated":true}]}}