{"id":742237,"date":"2025-08-28T01:07:30","date_gmt":"2025-08-27T22:07:30","guid":{"rendered":"https:\/\/roveyayinevi.com.tr\/index.php\/urun\/olumcul-7li\/"},"modified":"2026-04-16T02:53:22","modified_gmt":"2026-04-15T23:53:22","slug":"olumcul-7li","status":"publish","type":"product","link":"https:\/\/roveyayinevi.com.tr\/index.php\/urun\/olumcul-7li\/","title":{"rendered":"\u00d6l\u00fcmc\u00fcl 7\u2019li"},"content":{"rendered":"<p>On bir ya\u015f\u0131ndaki Nelson&#8217;\u0131n biricik ablas\u0131 ve ayn\u0131 zamandatek arkada\u015f\u0131 Celeste kayboldu. Annesiyle babas\u0131 daonu aramaya gidince Nelson&#8217;\u0131n, day\u0131s\u0131 Pogo ile ba\u015f ba\u015fa kalmaktan ba\u015fka \u00e7aresi yoktu.Pogo bir katedralin tesisat i\u015flerini yap\u0131yordu ve Nelson,buran\u0131n karanl\u0131k dehlizlerindeki mahzende eski bir makineye rastlad\u0131. Yedi \u00f6l\u00fcmc\u00fcl g\u00fcnah\u0131n yanl\u0131\u015fl\u0131kla ruhundan \u00e7\u0131k\u0131p canavarla\u015fmas\u0131na sebep olantam da buydu. B\u00f6ylece k\u00fc\u00e7\u00fck, \u00e7irkin mi \u00e7irkin ve huysuzyedi canavar, nereye giderse gitsinNelson&#8217;\u0131 takip etmeye ba\u015flad\u0131. Ancak asl\u0131nda hik\u00e2ye bundan \u00e7ok daha fazlas\u0131yd\u0131. Nelson, kendi canavarlar\u0131 sayesinde ak\u0131l almaz maceralara at\u0131lacak, sihrin g\u00fcc\u00fcyle tan\u0131\u015facak,bir yandan ablas\u0131n\u0131 bulmaya \u00e7al\u0131\u015f\u0131rken bir yandan dadaha \u00f6nce hi\u00e7 al\u0131\u015f\u0131k olmad\u0131\u011f\u0131 t\u00fcrden bir arkada\u015fl\u0131k deneyimi ya\u015fayacak. <\/p>\n","protected":false},"excerpt":{"rendered":"<p>On bir ya\u015f\u0131ndaki Nelson&#8217;\u0131n biricik ablas\u0131 ve ayn\u0131 zamandatek arkada\u015f\u0131 Celeste kayboldu. Annesiyle babas\u0131 daonu aramaya gidince Nelson&#8217;\u0131n, day\u0131s\u0131 Pogo ile ba\u015f ba\u015fa kalmaktan ba\u015fka \u00e7aresi<span class=\"excerpt-hellip\"> [\u2026]<\/span><\/p>\n","protected":false},"featured_media":0,"template":"","meta":{"_monsterinsights_skip_tracking":false,"_monsterinsights_sitenote_active":false,"_monsterinsights_sitenote_note":"","_monsterinsights_sitenote_category":0},"product_brand":[],"product_cat":[12689,12274],"product_tag":[],"class_list":{"0":"post-742237","1":"product","2":"type-product","3":"status-publish","5":"product_cat-cizgi-roman-cocuk-ve-genclik-kitaplari","6":"product_cat-cocuk-ve-genclik-kitaplari","7":"pa_cilt-ciltsiz","8":"pa_tur-kitap","9":"pa_yayinevi-epsilon-yayinlari","10":"pa_yazar-garth-jennings","12":"first","13":"instock","14":"sale","15":"shipping-taxable","16":"purchasable","17":"product-type-simple"},"_links":{"self":[{"href":"https:\/\/roveyayinevi.com.tr\/index.php\/wp-json\/wp\/v2\/product\/742237","targetHints":{"allow":["GET"]}}],"collection":[{"href":"https:\/\/roveyayinevi.com.tr\/index.php\/wp-json\/wp\/v2\/product"}],"about":[{"href":"https:\/\/roveyayinevi.com.tr\/index.php\/wp-json\/wp\/v2\/types\/product"}],"wp:attachment":[{"href":"https:\/\/roveyayinevi.com.tr\/index.php\/wp-json\/wp\/v2\/media?parent=742237"}],"wp:term":[{"taxonomy":"product_brand","embeddable":true,"href":"https:\/\/roveyayinevi.com.tr\/index.php\/wp-json\/wp\/v2\/product_brand?post=742237"},{"taxonomy":"product_cat","embeddable":true,"href":"https:\/\/roveyayinevi.com.tr\/index.php\/wp-json\/wp\/v2\/product_cat?post=742237"},{"taxonomy":"product_tag","embeddable":true,"href":"https:\/\/roveyayinevi.com.tr\/index.php\/wp-json\/wp\/v2\/product_tag?post=742237"}],"curies":[{"name":"wp","href":"https:\/\/api.w.org\/{rel}","templated":true}]}}