{"id":742235,"date":"2025-08-28T01:07:28","date_gmt":"2025-08-27T22:07:28","guid":{"rendered":"https:\/\/roveyayinevi.com.tr\/index.php\/urun\/gokyuzune-uzanan-merdiven-2\/"},"modified":"2026-04-16T02:53:22","modified_gmt":"2026-04-15T23:53:22","slug":"gokyuzune-uzanan-merdiven-2","status":"publish","type":"product","link":"https:\/\/roveyayinevi.com.tr\/index.php\/urun\/gokyuzune-uzanan-merdiven-2\/","title":{"rendered":"G\u00f6ky\u00fcz\u00fcne Uzanan Merdiven"},"content":{"rendered":"<p>Yazar, bir hik\u00e2yenin pe\u015fine d\u00fc\u015ft\u00fc\u011f\u00fcnde ne kadar ileriye gidebilir?  \u00c7izgili Pijamal\u0131 \u00c7ocuk&#8217;tan tan\u0131d\u0131\u011f\u0131m\u0131z John Boyne&#8217;un kalemini zirve noktas\u0131na t\u0131rmand\u0131ran G\u00f6ky\u00fcz\u00fcne Uzanan Merdiven, ba\u015fkalar\u0131n\u0131n hik\u00e2yelerini avlayarak kendine m\u00e2l eden saplant\u0131l\u0131 bir yazar\u0131n portresini \u00e7iziyor. Ba\u015far\u0131ya ula\u015fmak i\u00e7in her yolu mubah g\u00f6ren zeki ve ac\u0131mas\u0131z bir yazar\u0131n edebiyat \u00e7evrelerinde tutunabilmek i\u00e7in neleri g\u00f6ze alabilece\u011fini g\u00f6steren bu ustaca tasarlanm\u0131\u015f roman, fikir ve sanat eserlerindeki intihal sorununa da dikkat \u00e7ekiyor. Yay\u0131nc\u0131l\u0131k d\u00fcnyas\u0131n\u0131n dinamiklerini anlamak ad\u0131na \u00e7ok de\u011ferli payla\u015f\u0131mlarda bulunan kitap; h\u0131rslar\u0131, zaaflar\u0131 ve bast\u0131r\u0131lm\u0131\u015f arzular\u0131 u\u011fruna y\u0131ld\u0131z\u0131 bir anda parlayan veya \u0131\u015f\u0131k h\u0131z\u0131nda s\u00f6nen yazarlar\u0131n \u00e7alkant\u0131l\u0131 hayatlar\u0131ndan, \u0131\u015f\u0131lt\u0131l\u0131 ama bir o kadar da samimiyetsiz manzaralar sunuyor.Bir hik\u00e2ye buldu\u011funda ya da duydu\u011funda onu sahiplen; sonra d\u00fcnya ayaklar\u0131na gelecektir.  Edebiyat tutkusu y\u00fcz\u00fcnden evinden, ailesinden koparak bir otelde garsonluk yapmaya ba\u015flayan Maurice Swift&#8217;in en b\u00fcy\u00fck ideali ileride ba\u015far\u0131l\u0131 bir yazar olmakt\u0131r. Bu yolda kendince ad\u0131mlar atsa da en b\u00fcy\u00fck eksikli\u011fi hayal g\u00fcc\u00fcd\u00fcr. Fakat b\u00f6ylesine k\u00fc\u00e7\u00fck bir ayr\u0131nt\u0131 y\u00fcz\u00fcnden idealinden vazge\u00e7mek niyetinde de\u011fildir. \u00c7\u00fcnk\u00fc asl\u0131nda, bir yazar i\u00e7in gereken en \u00f6nemli \u015fey hik\u00e2yelerdir ve hik\u00e2yeler tek bir zihnin \u00fcr\u00fcn\u00fc olmaks\u0131z\u0131n her yerde bulunabilir.  Gen\u00e7 adam, 1988 y\u0131l\u0131nda, Bat\u0131 Berlin&#8217;deki Savoy Oteli&#8217;nde, \u00fcnl\u00fc romanc\u0131 Erich Ackermann&#8217;la ya\u015fad\u0131\u011f\u0131 tesad\u00fcfi kar\u015f\u0131la\u015fma sonras\u0131nda hedefine bir ad\u0131m daha yakla\u015f\u0131r. K\u0131sa s\u00fcrede ili\u015fkileri tarifi zor bir usta-\u00e7\u0131rak ili\u015fkisine d\u00f6n\u00fc\u015f\u00fcr. Uzun s\u00fcredir yarat\u0131c\u0131 ate\u015fini yakabilecek bir k\u0131v\u0131lc\u0131m\u0131n izini s\u00fcren Maurice nihayet arad\u0131\u011f\u0131n\u0131 bulmu\u015ftur: Erich&#8217;in yar\u0131m as\u0131rd\u0131r y\u00fck\u00fcn\u00fc s\u0131rtlad\u0131\u011f\u0131 b\u00fcy\u00fck s\u0131rr\u0131, ilk roman\u0131 i\u00e7in bulunmaz bir kaynak olacakt\u0131r&#8230; Zamanla &#8221;neslinin en becerikli \u0130ngiliz yazar\u0131&#8221; olarak an\u0131lmaya ba\u015flanacak bir adam\u0131n seksenlerin sonundan iki binli y\u0131llara uzanan yazarl\u0131k kariyerini oda\u011f\u0131na alan G\u00f6ky\u00fcz\u00fcne Uzanan Merdiven, \u015f\u00f6hret ve ba\u015far\u0131 h\u0131rs\u0131n\u0131n insan\u0131n g\u00f6z\u00fcn\u00fc ne denli karartabilece\u011fini g\u00f6steriyor. &#8221;Herkesin bir s\u0131rr\u0131 vard\u0131r,&#8221; d\u00fc\u015f\u00fcncesiyle okurun i\u00e7inde pusuda yatan merak arzusunu uyand\u0131ran John Boyne, kusursuz bir psikolojik romana imza at\u0131yor.<\/p>\n","protected":false},"excerpt":{"rendered":"<p>Yazar, bir hik\u00e2yenin pe\u015fine d\u00fc\u015ft\u00fc\u011f\u00fcnde ne kadar ileriye gidebilir? \u00c7izgili Pijamal\u0131 \u00c7ocuk&#8217;tan tan\u0131d\u0131\u011f\u0131m\u0131z John Boyne&#8217;un kalemini zirve noktas\u0131na t\u0131rmand\u0131ran G\u00f6ky\u00fcz\u00fcne Uzanan Merdiven, ba\u015fkalar\u0131n\u0131n hik\u00e2yelerini avlayarak kendine<span class=\"excerpt-hellip\"> [\u2026]<\/span><\/p>\n","protected":false},"featured_media":0,"template":"","meta":{"_monsterinsights_skip_tracking":false,"_monsterinsights_sitenote_active":false,"_monsterinsights_sitenote_note":"","_monsterinsights_sitenote_category":0},"product_brand":[],"product_cat":[12291,12711],"product_tag":[],"class_list":{"0":"post-742235","1":"product","2":"type-product","3":"status-publish","5":"product_cat-edebiyat","6":"product_cat-roman-oyku","7":"pa_cilt-ciltsiz","8":"pa_tur-kitap","9":"pa_yayinevi-delidolu","10":"pa_yazar-john-boyne","12":"first","13":"instock","14":"sale","15":"shipping-taxable","16":"purchasable","17":"product-type-simple"},"_links":{"self":[{"href":"https:\/\/roveyayinevi.com.tr\/index.php\/wp-json\/wp\/v2\/product\/742235","targetHints":{"allow":["GET"]}}],"collection":[{"href":"https:\/\/roveyayinevi.com.tr\/index.php\/wp-json\/wp\/v2\/product"}],"about":[{"href":"https:\/\/roveyayinevi.com.tr\/index.php\/wp-json\/wp\/v2\/types\/product"}],"wp:attachment":[{"href":"https:\/\/roveyayinevi.com.tr\/index.php\/wp-json\/wp\/v2\/media?parent=742235"}],"wp:term":[{"taxonomy":"product_brand","embeddable":true,"href":"https:\/\/roveyayinevi.com.tr\/index.php\/wp-json\/wp\/v2\/product_brand?post=742235"},{"taxonomy":"product_cat","embeddable":true,"href":"https:\/\/roveyayinevi.com.tr\/index.php\/wp-json\/wp\/v2\/product_cat?post=742235"},{"taxonomy":"product_tag","embeddable":true,"href":"https:\/\/roveyayinevi.com.tr\/index.php\/wp-json\/wp\/v2\/product_tag?post=742235"}],"curies":[{"name":"wp","href":"https:\/\/api.w.org\/{rel}","templated":true}]}}