{"id":742234,"date":"2025-08-28T01:07:27","date_gmt":"2025-08-27T22:07:27","guid":{"rendered":"https:\/\/roveyayinevi.com.tr\/index.php\/urun\/koksuzler\/"},"modified":"2026-04-16T02:53:22","modified_gmt":"2026-04-15T23:53:22","slug":"koksuzler","status":"publish","type":"product","link":"https:\/\/roveyayinevi.com.tr\/index.php\/urun\/koksuzler\/","title":{"rendered":"K\u00f6ks\u00fczler"},"content":{"rendered":"<p>Vaat edilen uzun ve kutlu yolculuklar, bayramdan bayrama yap\u0131lan sevap ziyaretleri, vicdan\u0131n d\u00fcrt\u00fckledi\u011fi anl\u0131k \u00fcz\u00fcnt\u00fcler, bir g\u00fcn a\u00e7\u0131l\u0131p bir g\u00fcn da\u011f\u0131lan sosyetik dernekler, ertesi g\u00fcn ayn\u0131 co\u015fkuya ula\u015fmayacak \u201conlar i\u00e7in bir \u015fey yapmal\u0131\u201d krizleri; mahallenin \u00e7ocuklar\u0131n\u0131n g\u00fcndelik kayg\u0131lar\u0131na \u00e7are olmuyordu. Cam fanus i\u00e7indeki maket evlerden kendilerine yeni bir ya\u015fam merkezi se\u00e7en insanlar\u0131n, ba\u015fkalar\u0131n\u0131n gelece\u011fini de uzaktan belirleyebileceklerini sanmalar\u0131 ne tuhaft\u0131. Sinan, Hakan, Vedat\u2026 Hayallerini, asla k\u00f6k salmay\u0131 ba\u015faramad\u0131klar\u0131 kaypak bir topra\u011f\u0131n derinliklerinde define arayarak kazanmaya \u00e7al\u0131\u015fan \u00fc\u00e7 karde\u015f. Ge\u00e7mi\u015fin ac\u0131 hik\u00e2yelerinin, gizemli haritalar\u0131n\u0131n izinde, gammazc\u0131larla dolu tekinsiz bir yolda y\u00fcr\u00fcyor fakat bir sonraki ad\u0131m\u0131n belirsizli\u011finin verdi\u011fi cazibeyle ko\u015fmaktan da \u00e7ekinmiyorlar. Ve bir g\u00fcn bu yol uzaklardan gelen \u201cbelleksiz\u201d bir kad\u0131nla kesi\u015fiyor. Umudu kilometrelerce \u00f6tedeki topraklarda aray\u0131p Almanya\u2019ya g\u00f6\u00e7m\u00fc\u015f, ama kendini \u201ckurtaramam\u0131\u015f\u201d Nihan sayesinde ilk kez zafere bu kadar yak\u0131n hissediyorlar. K\u00f6ks\u00fczler mavi ile ye\u015filin arkas\u0131na saklanm\u0131\u015f masumiyetiyle \u0131\u015f\u0131ldayan \u0130zmir\u2019in gecekondu mahallelerinde kendilerine verilmemi\u015f bir \u015fans\u0131n pe\u015finde k\u00fcrek sallayan definecilerin hik\u00e2yesi. Bar\u0131\u015f \u0130nce, d\u00f6rt y\u0131l aradan sonra yepyeni bir dille ve ustal\u0131kla okurlar\u0131n\u0131n kar\u015f\u0131s\u0131na \u00e7\u0131k\u0131yor.<\/p>\n","protected":false},"excerpt":{"rendered":"<p>Vaat edilen uzun ve kutlu yolculuklar, bayramdan bayrama yap\u0131lan sevap ziyaretleri, vicdan\u0131n d\u00fcrt\u00fckledi\u011fi anl\u0131k \u00fcz\u00fcnt\u00fcler, bir g\u00fcn a\u00e7\u0131l\u0131p bir g\u00fcn da\u011f\u0131lan sosyetik dernekler, ertesi g\u00fcn ayn\u0131<span class=\"excerpt-hellip\"> [\u2026]<\/span><\/p>\n","protected":false},"featured_media":0,"template":"","meta":{"_monsterinsights_skip_tracking":false,"_monsterinsights_sitenote_active":false,"_monsterinsights_sitenote_note":"","_monsterinsights_sitenote_category":0},"product_brand":[],"product_cat":[12291,12711],"product_tag":[],"class_list":{"0":"post-742234","1":"product","2":"type-product","3":"status-publish","5":"product_cat-edebiyat","6":"product_cat-roman-oyku","7":"pa_cilt-ciltsiz","8":"pa_tur-kitap","9":"pa_yayinevi-inkilap-kitabevi","10":"pa_yazar-baris-ince","12":"first","13":"instock","14":"sale","15":"shipping-taxable","16":"purchasable","17":"product-type-simple"},"_links":{"self":[{"href":"https:\/\/roveyayinevi.com.tr\/index.php\/wp-json\/wp\/v2\/product\/742234","targetHints":{"allow":["GET"]}}],"collection":[{"href":"https:\/\/roveyayinevi.com.tr\/index.php\/wp-json\/wp\/v2\/product"}],"about":[{"href":"https:\/\/roveyayinevi.com.tr\/index.php\/wp-json\/wp\/v2\/types\/product"}],"wp:attachment":[{"href":"https:\/\/roveyayinevi.com.tr\/index.php\/wp-json\/wp\/v2\/media?parent=742234"}],"wp:term":[{"taxonomy":"product_brand","embeddable":true,"href":"https:\/\/roveyayinevi.com.tr\/index.php\/wp-json\/wp\/v2\/product_brand?post=742234"},{"taxonomy":"product_cat","embeddable":true,"href":"https:\/\/roveyayinevi.com.tr\/index.php\/wp-json\/wp\/v2\/product_cat?post=742234"},{"taxonomy":"product_tag","embeddable":true,"href":"https:\/\/roveyayinevi.com.tr\/index.php\/wp-json\/wp\/v2\/product_tag?post=742234"}],"curies":[{"name":"wp","href":"https:\/\/api.w.org\/{rel}","templated":true}]}}