{"id":742232,"date":"2025-08-28T01:07:25","date_gmt":"2025-08-27T22:07:25","guid":{"rendered":"https:\/\/roveyayinevi.com.tr\/index.php\/urun\/kirlangicin-ahi\/"},"modified":"2026-04-16T02:53:22","modified_gmt":"2026-04-15T23:53:22","slug":"kirlangicin-ahi","status":"publish","type":"product","link":"https:\/\/roveyayinevi.com.tr\/index.php\/urun\/kirlangicin-ahi\/","title":{"rendered":"K\u0131rlang\u0131c\u0131n Ah\u0131"},"content":{"rendered":"<p>Bir Mum Ka\u00e7 Yats\u0131 Yanar? \u201cDar\u0131ld\u0131n m\u0131 bana?\u201d \u201cBenim ne haddime K\u00fc\u00e7\u00fckhan\u0131m.\u201d \u201cBana k\u00fc\u00e7\u00fckhan\u0131m deme! Ka\u00e7 kez ku\u015flar\u0131 yakalamay\u0131n dedim\u201d \u201cAma sana getiriyoruz. Senin ad\u0131n Ku\u015fluk de\u011fil mi?\u201d \u201cNe olmu\u015f yani?\u201d \u201c\u0130\u015fte, b\u00fct\u00fcn ku\u015flar\u0131n yuvas\u0131 sensin. Bo\u015funa m\u0131 ad\u0131n\u0131 Ku\u015fluk koydu baban?\u201d Huzurlu bir kasaba.. Ketum bir Ren\u00e7ber \u00e7ocu\u011fu.. \u00d6fkeli bir Bey k\u0131z\u0131.. Tam inanc\u0131ndan vurulmu\u015f bir evlat.. Evlad\u0131yla, a\u015fk\u0131yla, itibar\u0131yla s\u0131nanm\u0131\u015f bir Bey.. Ve her \u015feye ra\u011fmen b\u00fcy\u00fcs\u00fcn\u00fc kaybetmeyen bir a\u015fk&#8230; K\u0131rlang\u0131c\u0131n Ah\u0131 babalar ve \u00e7ocuklar\u0131n\u0131 y\u00fcre\u011finden vuran a\u011f\u0131r bir hik\u00e2ye..<\/p>\n","protected":false},"excerpt":{"rendered":"<p>Bir Mum Ka\u00e7 Yats\u0131 Yanar? \u201cDar\u0131ld\u0131n m\u0131 bana?\u201d \u201cBenim ne haddime K\u00fc\u00e7\u00fckhan\u0131m.\u201d \u201cBana k\u00fc\u00e7\u00fckhan\u0131m deme! Ka\u00e7 kez ku\u015flar\u0131 yakalamay\u0131n dedim\u201d \u201cAma sana getiriyoruz. Senin ad\u0131n Ku\u015fluk<span class=\"excerpt-hellip\"> [\u2026]<\/span><\/p>\n","protected":false},"featured_media":0,"template":"","meta":{"_monsterinsights_skip_tracking":false,"_monsterinsights_sitenote_active":false,"_monsterinsights_sitenote_note":"","_monsterinsights_sitenote_category":0},"product_brand":[],"product_cat":[12291,12711],"product_tag":[],"class_list":{"0":"post-742232","1":"product","2":"type-product","3":"status-publish","5":"product_cat-edebiyat","6":"product_cat-roman-oyku","7":"pa_cilt-ciltsiz","8":"pa_tur-kitap","9":"pa_yayinevi-platanus-publishing","10":"pa_yazar-esmer-cebe","12":"first","13":"instock","14":"sale","15":"shipping-taxable","16":"purchasable","17":"product-type-simple"},"_links":{"self":[{"href":"https:\/\/roveyayinevi.com.tr\/index.php\/wp-json\/wp\/v2\/product\/742232","targetHints":{"allow":["GET"]}}],"collection":[{"href":"https:\/\/roveyayinevi.com.tr\/index.php\/wp-json\/wp\/v2\/product"}],"about":[{"href":"https:\/\/roveyayinevi.com.tr\/index.php\/wp-json\/wp\/v2\/types\/product"}],"wp:attachment":[{"href":"https:\/\/roveyayinevi.com.tr\/index.php\/wp-json\/wp\/v2\/media?parent=742232"}],"wp:term":[{"taxonomy":"product_brand","embeddable":true,"href":"https:\/\/roveyayinevi.com.tr\/index.php\/wp-json\/wp\/v2\/product_brand?post=742232"},{"taxonomy":"product_cat","embeddable":true,"href":"https:\/\/roveyayinevi.com.tr\/index.php\/wp-json\/wp\/v2\/product_cat?post=742232"},{"taxonomy":"product_tag","embeddable":true,"href":"https:\/\/roveyayinevi.com.tr\/index.php\/wp-json\/wp\/v2\/product_tag?post=742232"}],"curies":[{"name":"wp","href":"https:\/\/api.w.org\/{rel}","templated":true}]}}