{"id":742230,"date":"2025-08-28T01:07:22","date_gmt":"2025-08-27T22:07:22","guid":{"rendered":"https:\/\/roveyayinevi.com.tr\/index.php\/urun\/felsefe-ilkelerinden-secimler\/"},"modified":"2026-04-16T02:53:22","modified_gmt":"2026-04-15T23:53:22","slug":"felsefe-ilkelerinden-secimler","status":"publish","type":"product","link":"https:\/\/roveyayinevi.com.tr\/index.php\/urun\/felsefe-ilkelerinden-secimler\/","title":{"rendered":"Felsefe \u0130lkelerinden Se\u00e7imler"},"content":{"rendered":"<p>Ren\u00e9 Descartes (d. 31 Mart 1596 \u2013 \u00f6. 11 \u015eubat 1650), bir Frans\u0131z filozof, matematik\u00e7i ve bilim insan\u0131yd\u0131. Daha \u00f6nce birbirinden ayr\u0131 olan geometri ve cebir alanlar\u0131n\u0131 birle\u015ftirerek analitik geometriyi icat etti. \u0130lk olarak Nassaulu Maurice\u2019in Hollanda Devlet Ordusu\u2019nda ve bir Stadhouder olarak Birle\u015fik Hollanda Cumhuriyeti\u2019nde hizmet veren Descartes, \u00e7al\u0131\u015fma hayat\u0131n\u0131n b\u00fcy\u00fck bir b\u00f6l\u00fcm\u00fcn\u00fc Hollanda Cumhuriyeti\u2019nde ge\u00e7irdi. Hollanda Alt\u0131n \u00c7a\u011f\u0131\u2019n\u0131n en dikkate de\u011fer entelekt\u00fcel \u015fahsiyetlerinden biri olan Descartes ayr\u0131ca modern felsefenin kurucular\u0131ndan biri olarak kabul edilir.<\/p>\n","protected":false},"excerpt":{"rendered":"<p>Ren\u00e9 Descartes (d. 31 Mart 1596 \u2013 \u00f6. 11 \u015eubat 1650), bir Frans\u0131z filozof, matematik\u00e7i ve bilim insan\u0131yd\u0131. Daha \u00f6nce birbirinden ayr\u0131 olan geometri ve cebir<span class=\"excerpt-hellip\"> [\u2026]<\/span><\/p>\n","protected":false},"featured_media":0,"template":"","meta":{"_monsterinsights_skip_tracking":false,"_monsterinsights_sitenote_active":false,"_monsterinsights_sitenote_note":"","_monsterinsights_sitenote_category":0},"product_brand":[],"product_cat":[12388,26788],"product_tag":[],"class_list":{"0":"post-742230","1":"product","2":"type-product","3":"status-publish","5":"product_cat-felsefe","6":"product_cat-filozoflar","7":"pa_cilt-ciltsiz","8":"pa_tur-kitap","9":"pa_yayinevi-platanus-publishing","10":"pa_yazar-rene-descartes","12":"first","13":"instock","14":"sale","15":"shipping-taxable","16":"purchasable","17":"product-type-simple"},"_links":{"self":[{"href":"https:\/\/roveyayinevi.com.tr\/index.php\/wp-json\/wp\/v2\/product\/742230","targetHints":{"allow":["GET"]}}],"collection":[{"href":"https:\/\/roveyayinevi.com.tr\/index.php\/wp-json\/wp\/v2\/product"}],"about":[{"href":"https:\/\/roveyayinevi.com.tr\/index.php\/wp-json\/wp\/v2\/types\/product"}],"wp:attachment":[{"href":"https:\/\/roveyayinevi.com.tr\/index.php\/wp-json\/wp\/v2\/media?parent=742230"}],"wp:term":[{"taxonomy":"product_brand","embeddable":true,"href":"https:\/\/roveyayinevi.com.tr\/index.php\/wp-json\/wp\/v2\/product_brand?post=742230"},{"taxonomy":"product_cat","embeddable":true,"href":"https:\/\/roveyayinevi.com.tr\/index.php\/wp-json\/wp\/v2\/product_cat?post=742230"},{"taxonomy":"product_tag","embeddable":true,"href":"https:\/\/roveyayinevi.com.tr\/index.php\/wp-json\/wp\/v2\/product_tag?post=742230"}],"curies":[{"name":"wp","href":"https:\/\/api.w.org\/{rel}","templated":true}]}}