{"id":742229,"date":"2025-08-28T01:06:47","date_gmt":"2025-08-27T22:06:47","guid":{"rendered":"https:\/\/roveyayinevi.com.tr\/index.php\/urun\/benim-adim-elisa\/"},"modified":"2026-04-16T02:53:22","modified_gmt":"2026-04-15T23:53:22","slug":"benim-adim-elisa","status":"publish","type":"product","link":"https:\/\/roveyayinevi.com.tr\/index.php\/urun\/benim-adim-elisa\/","title":{"rendered":"Benim ad\u0131m Elisa"},"content":{"rendered":"<p>Elisa 16 ya\u015f\u0131ndad\u0131r ve kafas\u0131 biraz kar\u0131\u015f\u0131kt\u0131r. \u00c7ok sevdi\u011fi iki erkek, iki k\u0131z karde\u015fi, Linda ad\u0131nda yak\u0131n bir arkada\u015f\u0131 vard\u0131r. Kendini tan\u0131mak, kim oldu\u011funu bulmak amac\u0131yla g\u00fcnl\u00fck tutmaya karar verir. Yazd\u0131klar\u0131n\u0131 bir daha okuyunca kendi hakk\u0131nda bilmedi\u011fi bir \u015feyler ke\u015ffedece\u011fini d\u00fc\u015f\u00fcn\u00fcr. G\u00fcnl\u00fc\u011f\u00fcne yaz\u0131n ba\u015f\u0131ndan ge\u00e7enleri yazacakt\u0131r. Her yeni \u015feyi b\u00fcy\u00fck bir hevesle dener, zor durumlardan ustaca manevralarla kurtulur ve bu arada ba\u015f\u0131na birka\u00e7 da ho\u015f \u015fey gelir. Mesela Londra\u2019da yeni bir arkada\u015f edinir, bir teknede ac\u0131l\u0131 spagetti yer, da\u011fda ge\u00e7irdi\u011fi hafta sonunda helikoptere biner ve sonradan \u00e7ok farkl\u0131 bir \u015feye d\u00f6n\u00fc\u015fecek olan sahte bir randevuya \u00e7\u0131kar. Yaz sona ererken \u00e7ok \u015fey de\u011fi\u015fmi\u015ftir. Elisa g\u00fcnl\u00fck tutmay\u0131 b\u0131rak\u0131r ve hayat\u0131n kar\u015f\u0131s\u0131na \u00e7\u0131karaca\u011f\u0131 her yeni deneyimi heyecanla kar\u015f\u0131lamaya karar verir. <\/p>\n","protected":false},"excerpt":{"rendered":"<p>Elisa 16 ya\u015f\u0131ndad\u0131r ve kafas\u0131 biraz kar\u0131\u015f\u0131kt\u0131r. \u00c7ok sevdi\u011fi iki erkek, iki k\u0131z karde\u015fi, Linda ad\u0131nda yak\u0131n bir arkada\u015f\u0131 vard\u0131r. Kendini tan\u0131mak, kim oldu\u011funu bulmak amac\u0131yla<span class=\"excerpt-hellip\"> [\u2026]<\/span><\/p>\n","protected":false},"featured_media":0,"template":"","meta":{"_monsterinsights_skip_tracking":false,"_monsterinsights_sitenote_active":false,"_monsterinsights_sitenote_note":"","_monsterinsights_sitenote_category":0},"product_brand":[],"product_cat":[12275,12274],"product_tag":[],"class_list":{"0":"post-742229","1":"product","2":"type-product","3":"status-publish","5":"product_cat-6-12-yas-kitaplari","6":"product_cat-cocuk-ve-genclik-kitaplari","7":"pa_cilt-ciltsiz","8":"pa_tur-kitap","9":"pa_yayinevi-salamis-yayinlari","10":"pa_yazar-chiara-de-giorgi-unver-alibey","12":"first","13":"instock","14":"sale","15":"shipping-taxable","16":"purchasable","17":"product-type-simple"},"_links":{"self":[{"href":"https:\/\/roveyayinevi.com.tr\/index.php\/wp-json\/wp\/v2\/product\/742229","targetHints":{"allow":["GET"]}}],"collection":[{"href":"https:\/\/roveyayinevi.com.tr\/index.php\/wp-json\/wp\/v2\/product"}],"about":[{"href":"https:\/\/roveyayinevi.com.tr\/index.php\/wp-json\/wp\/v2\/types\/product"}],"wp:attachment":[{"href":"https:\/\/roveyayinevi.com.tr\/index.php\/wp-json\/wp\/v2\/media?parent=742229"}],"wp:term":[{"taxonomy":"product_brand","embeddable":true,"href":"https:\/\/roveyayinevi.com.tr\/index.php\/wp-json\/wp\/v2\/product_brand?post=742229"},{"taxonomy":"product_cat","embeddable":true,"href":"https:\/\/roveyayinevi.com.tr\/index.php\/wp-json\/wp\/v2\/product_cat?post=742229"},{"taxonomy":"product_tag","embeddable":true,"href":"https:\/\/roveyayinevi.com.tr\/index.php\/wp-json\/wp\/v2\/product_tag?post=742229"}],"curies":[{"name":"wp","href":"https:\/\/api.w.org\/{rel}","templated":true}]}}