{"id":742228,"date":"2025-08-28T01:06:46","date_gmt":"2025-08-27T22:06:46","guid":{"rendered":"https:\/\/roveyayinevi.com.tr\/index.php\/urun\/karayilan\/"},"modified":"2026-04-16T02:53:22","modified_gmt":"2026-04-15T23:53:22","slug":"karayilan","status":"publish","type":"product","link":"https:\/\/roveyayinevi.com.tr\/index.php\/urun\/karayilan\/","title":{"rendered":"Karay\u0131lan"},"content":{"rendered":"<p>T\u00fcrkiye devrimci ve sosyalist hareketinin tarih yaz\u0131m\u0131 konusunda \u00f6nemli yetersizlikler ve eksiklikler vard\u0131r. TKP\u2019nin ve Cumhuriyetin kurulu\u015fu ile ba\u015flat\u0131lan tarih ger\u00e7e\u011fi yans\u0131tmamaktad\u0131r. Daha \u00f6nceleri sadece Karay\u0131lan T\u00fcrk\u00fcs\u00fc veya A\u011f\u0131d\u0131 bizim dilimizde dolan\u0131r dururdu. Ayr\u0131ca Kuvv\u00e2y-\u0131 Milliye Destan\u0131 \u00fczerinden kendimizi Antep i\u015fgal kar\u015f\u0131t\u0131 direni\u015fle ili\u015fkilendiriyorduk. Naz\u0131m yolda\u015f Kuvv\u00e2y-\u0131 Milliye Destan\u0131\u2019n\u0131 yazana kadar i\u015fgal kar\u015f\u0131t\u0131 g\u00fcney halk direni\u015fi, devrimci ve sosyalist hareketin g\u00fcndemine girmemi\u015fti. Bundan sonrada Naz\u0131m\u2019\u0131n \u015fiiriyle s\u0131n\u0131rl\u0131 kald\u0131 yine. Emperyalist Birinci D\u00fcnya Sava\u015f\u0131\u2019n\u0131n ard\u0131nda emperyalistler Mondoros Antla\u015fmas\u0131 \u00e7er\u00e7evesinde Osmanl\u0131 topraklar\u0131n\u0131 i\u015fgal etmeye ba\u015flad\u0131lar. K\u00fcrd, T\u00fcrk, \u00c7erkes, Av\u015far ve di\u011fer bir\u00e7ok milliyetten halklar emperyalist i\u015fgale kar\u015f\u0131 da\u011f\u0131lm\u0131\u015f Osmanl\u0131\u2019ya ra\u011fmen direni\u015f sergilediler. Ancak biz halklar\u0131m\u0131z\u0131n emperyalizme kar\u015f\u0131 bu direni\u015f\u00e7i damar\u0131n\u0131 ve gelene\u011fini ciddi olarak al\u0131p i\u015flemedik. Bunun i\u00e7in Osmanl\u0131, T\u00fcrk\u00e7\u00fc \u0131rk\u00e7\u0131lar ve tarih \u00e7arp\u0131t\u0131c\u0131lar\u0131, s\u00f6m\u00fcrgeci kapitalist ve emperyalistler ise bu direni\u015f ve sava\u015f cephelerini \u00e7arp\u0131tarak kendilerine ve varl\u0131klar\u0131n\u0131 devam ettirmenin bir par\u00e7as\u0131 olarak yazmaya ve kullanmaya ba\u015flad\u0131lar.  <\/p>\n","protected":false},"excerpt":{"rendered":"<p>T\u00fcrkiye devrimci ve sosyalist hareketinin tarih yaz\u0131m\u0131 konusunda \u00f6nemli yetersizlikler ve eksiklikler vard\u0131r. TKP\u2019nin ve Cumhuriyetin kurulu\u015fu ile ba\u015flat\u0131lan tarih ger\u00e7e\u011fi yans\u0131tmamaktad\u0131r. Daha \u00f6nceleri sadece Karay\u0131lan<span class=\"excerpt-hellip\"> [\u2026]<\/span><\/p>\n","protected":false},"featured_media":0,"template":"","meta":{"_monsterinsights_skip_tracking":false,"_monsterinsights_sitenote_active":false,"_monsterinsights_sitenote_note":"","_monsterinsights_sitenote_category":0},"product_brand":[],"product_cat":[12291,12745],"product_tag":[],"class_list":{"0":"post-742228","1":"product","2":"type-product","3":"status-publish","5":"product_cat-edebiyat","6":"product_cat-tarihi-roman","7":"pa_cilt-ciltsiz","8":"pa_tur-kitap","9":"pa_yayinevi-tas-baski","10":"pa_yazar-huseyin-torun","12":"first","13":"instock","14":"sale","15":"shipping-taxable","16":"purchasable","17":"product-type-simple"},"_links":{"self":[{"href":"https:\/\/roveyayinevi.com.tr\/index.php\/wp-json\/wp\/v2\/product\/742228","targetHints":{"allow":["GET"]}}],"collection":[{"href":"https:\/\/roveyayinevi.com.tr\/index.php\/wp-json\/wp\/v2\/product"}],"about":[{"href":"https:\/\/roveyayinevi.com.tr\/index.php\/wp-json\/wp\/v2\/types\/product"}],"wp:attachment":[{"href":"https:\/\/roveyayinevi.com.tr\/index.php\/wp-json\/wp\/v2\/media?parent=742228"}],"wp:term":[{"taxonomy":"product_brand","embeddable":true,"href":"https:\/\/roveyayinevi.com.tr\/index.php\/wp-json\/wp\/v2\/product_brand?post=742228"},{"taxonomy":"product_cat","embeddable":true,"href":"https:\/\/roveyayinevi.com.tr\/index.php\/wp-json\/wp\/v2\/product_cat?post=742228"},{"taxonomy":"product_tag","embeddable":true,"href":"https:\/\/roveyayinevi.com.tr\/index.php\/wp-json\/wp\/v2\/product_tag?post=742228"}],"curies":[{"name":"wp","href":"https:\/\/api.w.org\/{rel}","templated":true}]}}