{"id":742227,"date":"2025-08-28T01:06:45","date_gmt":"2025-08-27T22:06:45","guid":{"rendered":"https:\/\/roveyayinevi.com.tr\/index.php\/urun\/jesus-love\/"},"modified":"2026-04-16T02:53:22","modified_gmt":"2026-04-15T23:53:22","slug":"jesus-love","status":"publish","type":"product","link":"https:\/\/roveyayinevi.com.tr\/index.php\/urun\/jesus-love\/","title":{"rendered":"Jesus Love"},"content":{"rendered":"<p>\u0130nsan\u0131n kendi eliyle yaratt\u0131\u011f\u0131 tanr\u0131lar\u2026 Zaman ve d\u00f6nemlere g\u00f6re de\u011fi\u015fiklik ya\u015fansa da ki\u015fisel olarak bu kitab\u0131 okurken ink\u00e2r edeceksiniz; fakat para hepimiz i\u00e7in Tanr\u0131 gibi g\u00f6r\u00fcl\u00fcyor. G\u00fcc\u00fc ink\u00e2r edilmez, ne istiyorsun s\u00f6yle l\u00fctfen! Tanr\u0131&#8217;n\u0131n vermedi\u011fi her \u015feyi alabiliyorsun; \u00e7o\u011funlukla e\u011flenceli bir hayat, bir\u00e7ok sevgili, patlay\u0131ncaya kadar yemek istedi\u011fin her \u015fey, itibar, sayg\u0131 ve etraf\u0131nda dalkavuklar oldu\u011fu s\u00fcrece kendini herkesten \u00fcst\u00fcn g\u00f6rme durumlar\u0131, paran\u0131n g\u00fcc\u00fcne inanmayan ve sadece ka\u011f\u0131t par\u00e7as\u0131 olarak g\u00f6ren \u0130sa, elbette sorun ya\u015fayacak. Paras\u0131 olan t\u00fcm halk\u0131 k\u00f6le g\u00f6rm\u00fc\u015f, herkesten \u00fcst\u00fcn, ak\u0131ll\u0131 ve soylu d\u00fcnyaya ayn\u0131 \u015fartlarda gelmi\u015f insano\u011flu, nas\u0131l da birbirine b\u00f6yle de\u011ferler y\u00fckler? Kimsenin kimseden farkl\u0131 olmad\u0131\u011f\u0131, \u00fcst\u00fcnl\u00fck anca takva iledir. Hz. Muhammed ki\u015filik ve sosyal ya\u015famdaki davran\u0131\u015flar\u0131n ile alakal\u0131d\u0131r. Peki, bunu kim yap\u0131yor? Yine insanlar\u2026 Binlerce kilometre y\u00fcr\u00fcyen, gitti\u011fi her yerde ta\u015flarla sopalarla kovalanan \u0130sa, sessizce kimsenin d\u00fczenine kar\u0131\u015fmadan ya\u015fayamaz m\u0131yd\u0131? Ya\u015fard\u0131 tabii ki; ama bir halk\u0131 tutsakl\u0131ktan kurtarmak; \u00e7ok daha kutsal bir i\u015fti o.<\/p>\n","protected":false},"excerpt":{"rendered":"<p>\u0130nsan\u0131n kendi eliyle yaratt\u0131\u011f\u0131 tanr\u0131lar\u2026 Zaman ve d\u00f6nemlere g\u00f6re de\u011fi\u015fiklik ya\u015fansa da ki\u015fisel olarak bu kitab\u0131 okurken ink\u00e2r edeceksiniz; fakat para hepimiz i\u00e7in Tanr\u0131 gibi g\u00f6r\u00fcl\u00fcyor.<span class=\"excerpt-hellip\"> [\u2026]<\/span><\/p>\n","protected":false},"featured_media":0,"template":"","meta":{"_monsterinsights_skip_tracking":false,"_monsterinsights_sitenote_active":false,"_monsterinsights_sitenote_note":"","_monsterinsights_sitenote_category":0},"product_brand":[],"product_cat":[12777,12291],"product_tag":[],"class_list":{"0":"post-742227","1":"product","2":"type-product","3":"status-publish","5":"product_cat-deneme","6":"product_cat-edebiyat","7":"pa_cilt-ciltsiz","8":"pa_tur-kitap","9":"pa_yayinevi-platanus-publishing","10":"pa_yazar-burhan-cebeci","12":"first","13":"instock","14":"sale","15":"shipping-taxable","16":"purchasable","17":"product-type-simple"},"_links":{"self":[{"href":"https:\/\/roveyayinevi.com.tr\/index.php\/wp-json\/wp\/v2\/product\/742227","targetHints":{"allow":["GET"]}}],"collection":[{"href":"https:\/\/roveyayinevi.com.tr\/index.php\/wp-json\/wp\/v2\/product"}],"about":[{"href":"https:\/\/roveyayinevi.com.tr\/index.php\/wp-json\/wp\/v2\/types\/product"}],"wp:attachment":[{"href":"https:\/\/roveyayinevi.com.tr\/index.php\/wp-json\/wp\/v2\/media?parent=742227"}],"wp:term":[{"taxonomy":"product_brand","embeddable":true,"href":"https:\/\/roveyayinevi.com.tr\/index.php\/wp-json\/wp\/v2\/product_brand?post=742227"},{"taxonomy":"product_cat","embeddable":true,"href":"https:\/\/roveyayinevi.com.tr\/index.php\/wp-json\/wp\/v2\/product_cat?post=742227"},{"taxonomy":"product_tag","embeddable":true,"href":"https:\/\/roveyayinevi.com.tr\/index.php\/wp-json\/wp\/v2\/product_tag?post=742227"}],"curies":[{"name":"wp","href":"https:\/\/api.w.org\/{rel}","templated":true}]}}