{"id":742226,"date":"2025-08-28T01:06:44","date_gmt":"2025-08-27T22:06:44","guid":{"rendered":"https:\/\/roveyayinevi.com.tr\/index.php\/urun\/yitiksiz-kitaplarina-girmemis-siirleri\/"},"modified":"2026-04-16T02:53:22","modified_gmt":"2026-04-15T23:53:22","slug":"yitiksiz-kitaplarina-girmemis-siirleri","status":"publish","type":"product","link":"https:\/\/roveyayinevi.com.tr\/index.php\/urun\/yitiksiz-kitaplarina-girmemis-siirleri\/","title":{"rendered":"Yitiksiz &#8211; Kitaplar\u0131na Girmemi\u015f \u015eiirleri"},"content":{"rendered":"<p>Turgut Uyar (1927-1985) Ankara\u2019da do\u011fdu. \u0130stanbul\u2019daki ilk\u00f6\u011fre &#8211; niminden sonra, Konya Askeri Okulu, Bursa I\u015f\u0131klar Askeri Lisesi ve Askeri Memurlar Okulu\u2019nu bitirip Posof, Terme ve Ankara\u2019da personel subay\u0131 olarak g\u00f6rev yapt\u0131. 1958\u2019de askerlikten ayr\u0131larak T\u00fcrkiye Sel\u00fcloz ve K\u00e2\u011f\u0131t Sanayii\u2019nin Ankara \u015fubesinde \u00e7al\u0131\u015fmaya ba\u015flad\u0131. Emeklili\u011finden sonra \u0130stanbul\u2019a yerle\u015fti. \u0130kinci Yeni\u2019nin, Edip Cansever ve Cemal S\u00fcreya ile birlikte \u00f6nc\u00fc \u015fa &#8211; irlerinden olan Turgut Uyar, hece \u00f6l\u00e7\u00fcs\u00fcyle yazd\u0131\u011f\u0131 ve toplumsal konular\u0131 i\u015fleyen ilk iki kitab\u0131ndan (Arz-\u0131 Hal, 1959; T\u00fcrkiyem, 1952) sonra, D\u00fcnyan\u0131n En G\u00fczel Arabistan\u0131\u2019yla (1959) bireyin i\u00e7 d\u00fcnyas\u0131, yaln\u0131zl\u0131\u011f\u0131 ve a\u00e7maz\u0131n\u0131 eksen tutan bir yakla\u015f\u0131mla, dilde ve duyar &#8211; l\u0131kta yeni imk\u00e2nlar\u0131 zorlayan bir \u015fiirin pe\u015finde oldu. T\u00fct\u00fcnler Is &#8211; lak (1962) ve Her Pazartesi\u2019de (1968) korudu\u011fu bu \u00e7izgiyi, Divan\u2019la (1970) geleneksel \u015fiirin kal\u0131plar\u0131na, Topland\u0131lar (1974) ve Kayay\u0131 Delen \u0130ncir\u2019le (1982) s\u00f6z konusu d\u00f6nemde ya\u015fanan s\u0131n\u0131fsal m\u00fcca &#8211; delenin yans\u0131malar\u0131na a\u00e7t\u0131. Abd\u00fclhak Hamit Tarhan ve Yahya Ke &#8211; mal Beyatl\u0131\u2019dan Oktay Rifat ve Metin Elo\u011flu\u2019na, tek \u015fiirden yola \u00e7\u0131 &#8211; karak bir dizi \u015fairi inceledi\u011fi Bir \u015eiirden (1983) adl\u0131 bir de inceleme kitab\u0131 bulunan Turgut Uyar\u2019\u0131n, T\u00fct\u00fcnler Islak ile 1963 Yeditepe \u015eiir Arma\u011fan\u0131; Kayay\u0131 Delen \u0130ncir ile 1982 Beh\u00e7et Necatigil \u015eiir \u00d6d\u00fcl\u00fc ve B\u00fcy\u00fck Saat (1994) ile Sedat Simavi Vakf\u0131 Edebiyat \u00d6d\u00fcl\u00fc vard\u0131r.<\/p>\n","protected":false},"excerpt":{"rendered":"<p>Turgut Uyar (1927-1985) Ankara\u2019da do\u011fdu. \u0130stanbul\u2019daki ilk\u00f6\u011fre &#8211; niminden sonra, Konya Askeri Okulu, Bursa I\u015f\u0131klar Askeri Lisesi ve Askeri Memurlar Okulu\u2019nu bitirip Posof, Terme ve Ankara\u2019da<span class=\"excerpt-hellip\"> [\u2026]<\/span><\/p>\n","protected":false},"featured_media":0,"template":"","meta":{"_monsterinsights_skip_tracking":false,"_monsterinsights_sitenote_active":false,"_monsterinsights_sitenote_note":"","_monsterinsights_sitenote_category":0},"product_brand":[],"product_cat":[35958],"product_tag":[],"class_list":{"0":"post-742226","1":"product","2":"type-product","3":"status-publish","5":"product_cat-siir-2","6":"pa_cilt-ciltsiz","7":"pa_tur-kitap","8":"pa_yayinevi-yapi-kredi-yayinlari","9":"pa_yazar-turgut-uyar","11":"first","12":"instock","13":"sale","14":"shipping-taxable","15":"purchasable","16":"product-type-simple"},"_links":{"self":[{"href":"https:\/\/roveyayinevi.com.tr\/index.php\/wp-json\/wp\/v2\/product\/742226","targetHints":{"allow":["GET"]}}],"collection":[{"href":"https:\/\/roveyayinevi.com.tr\/index.php\/wp-json\/wp\/v2\/product"}],"about":[{"href":"https:\/\/roveyayinevi.com.tr\/index.php\/wp-json\/wp\/v2\/types\/product"}],"wp:attachment":[{"href":"https:\/\/roveyayinevi.com.tr\/index.php\/wp-json\/wp\/v2\/media?parent=742226"}],"wp:term":[{"taxonomy":"product_brand","embeddable":true,"href":"https:\/\/roveyayinevi.com.tr\/index.php\/wp-json\/wp\/v2\/product_brand?post=742226"},{"taxonomy":"product_cat","embeddable":true,"href":"https:\/\/roveyayinevi.com.tr\/index.php\/wp-json\/wp\/v2\/product_cat?post=742226"},{"taxonomy":"product_tag","embeddable":true,"href":"https:\/\/roveyayinevi.com.tr\/index.php\/wp-json\/wp\/v2\/product_tag?post=742226"}],"curies":[{"name":"wp","href":"https:\/\/api.w.org\/{rel}","templated":true}]}}