{"id":742224,"date":"2025-08-28T01:06:42","date_gmt":"2025-08-27T22:06:42","guid":{"rendered":"https:\/\/roveyayinevi.com.tr\/index.php\/urun\/bitki-eskizleri\/"},"modified":"2026-04-16T02:53:22","modified_gmt":"2026-04-15T23:53:22","slug":"bitki-eskizleri","status":"publish","type":"product","link":"https:\/\/roveyayinevi.com.tr\/index.php\/urun\/bitki-eskizleri\/","title":{"rendered":"Bitki Eskizleri"},"content":{"rendered":"<p>Atalar\u0131m\u0131z\u0131n do\u011fay\u0131 anlama ve adland\u0131rma \u00e7abas\u0131n\u0131n sonucu olarak resim sanat\u0131 do\u011fmu\u015ftur. \u0130nsanlar\u0131n \u00e7evresindekileri \u00e7izerek aktarmas\u0131, soyut duygular\u0131n\u0131n d\u0131\u015favurumudur; bilgiyi en yal\u0131n kat h\u00e2liyle payla\u015fmalar\u0131d\u0131r.   Do\u011fan\u0131n mihenk ta\u015f\u0131 olan bitkiler de y\u00fczy\u0131llard\u0131r bu anlaml\u0131 \u00e7abaya ilham olmu\u015flard\u0131r. \u201cBitki Eskizleri\u201d bu y\u00f6n\u00fcyle, bitkinin ya\u015fam \u00f6yk\u00fcs\u00fcn\u00fc bize peyzaj \u00e7al\u0131\u015fmalar\u0131nda farkl\u0131 teknik ve tasar\u0131mlarla aktar\u0131r.   G\u00fczelduyu (estetik) eksenindeki peyzaj \u00e7al\u0131\u015fmalar\u0131 bitkiye, g\u00f6rsel ve tamamlay\u0131c\u0131 bir \u00f6ge olarak i\u015flevsellik katar. Bitki de peyzaj\u0131n do\u011fru bir perspektifle \u015fekillenmesinde, karakter kazanmas\u0131nda b\u00fcy\u00fck bir rol oynar.   Bu etkile\u015fimle birlikte, Peyzaj Mimarl\u0131\u011f\u0131 \u00f6\u011frencilerinin serbest el \u00e7izimleri ve eskiz \u00e7al\u0131\u015fmalar\u0131n\u0131 bar\u0131nd\u0131ran kitap, bitkilerin karma\u015f\u0131k ve morfolojik yap\u0131s\u0131n\u0131 g\u00f6rsel bir \u015f\u00f6lenle\/g\u00f6rsel bir zenginlikle bizlere sunar. <\/p>\n","protected":false},"excerpt":{"rendered":"<p>Atalar\u0131m\u0131z\u0131n do\u011fay\u0131 anlama ve adland\u0131rma \u00e7abas\u0131n\u0131n sonucu olarak resim sanat\u0131 do\u011fmu\u015ftur. \u0130nsanlar\u0131n \u00e7evresindekileri \u00e7izerek aktarmas\u0131, soyut duygular\u0131n\u0131n d\u0131\u015favurumudur; bilgiyi en yal\u0131n kat h\u00e2liyle payla\u015fmalar\u0131d\u0131r. Do\u011fan\u0131n mihenk<span class=\"excerpt-hellip\"> [\u2026]<\/span><\/p>\n","protected":false},"featured_media":0,"template":"","meta":{"_monsterinsights_skip_tracking":false,"_monsterinsights_sitenote_active":false,"_monsterinsights_sitenote_note":"","_monsterinsights_sitenote_category":0},"product_brand":[],"product_cat":[15733,12408],"product_tag":[],"class_list":{"0":"post-742224","1":"product","2":"type-product","3":"status-publish","5":"product_cat-resim","6":"product_cat-sanat","7":"pa_cilt-ciltsiz","8":"pa_tur-kitap","9":"pa_yayinevi-yeni-insan-yayinlari","10":"pa_yazar-kolektif","12":"first","13":"instock","14":"sale","15":"shipping-taxable","16":"purchasable","17":"product-type-simple"},"_links":{"self":[{"href":"https:\/\/roveyayinevi.com.tr\/index.php\/wp-json\/wp\/v2\/product\/742224","targetHints":{"allow":["GET"]}}],"collection":[{"href":"https:\/\/roveyayinevi.com.tr\/index.php\/wp-json\/wp\/v2\/product"}],"about":[{"href":"https:\/\/roveyayinevi.com.tr\/index.php\/wp-json\/wp\/v2\/types\/product"}],"wp:attachment":[{"href":"https:\/\/roveyayinevi.com.tr\/index.php\/wp-json\/wp\/v2\/media?parent=742224"}],"wp:term":[{"taxonomy":"product_brand","embeddable":true,"href":"https:\/\/roveyayinevi.com.tr\/index.php\/wp-json\/wp\/v2\/product_brand?post=742224"},{"taxonomy":"product_cat","embeddable":true,"href":"https:\/\/roveyayinevi.com.tr\/index.php\/wp-json\/wp\/v2\/product_cat?post=742224"},{"taxonomy":"product_tag","embeddable":true,"href":"https:\/\/roveyayinevi.com.tr\/index.php\/wp-json\/wp\/v2\/product_tag?post=742224"}],"curies":[{"name":"wp","href":"https:\/\/api.w.org\/{rel}","templated":true}]}}