{"id":742216,"date":"2025-08-28T01:06:35","date_gmt":"2025-08-27T22:06:35","guid":{"rendered":"https:\/\/roveyayinevi.com.tr\/index.php\/urun\/40-gunde-yeni-sen\/"},"modified":"2026-04-16T02:53:22","modified_gmt":"2026-04-15T23:53:22","slug":"40-gunde-yeni-sen","status":"publish","type":"product","link":"https:\/\/roveyayinevi.com.tr\/index.php\/urun\/40-gunde-yeni-sen\/","title":{"rendered":"40 G\u00fcnde Yeni Sen"},"content":{"rendered":"<p>Sevgili okurlar\u0131m; Sizi bu kitab\u0131mla 40 g\u00fcnl\u00fck bir yenilenme yolculu\u011funa davet ediyorum.   Bu 40 g\u00fcn\u00fcn sonunda hem fazla kilolar\u0131n\u0131zdan kurtulacak hem de daha sa\u011fl\u0131kl\u0131 bir bedene kavu\u015facaks\u0131n\u0131z. Kendinizi zinde, hafif, mutlu hissedeceksiniz\u2026  Siz de bilirsiniz kerameti vard\u0131r \u201c40\u201d\u0131n\u2026 \u0130nanc\u0131m\u0131zda, gelene\u011fimizde, b\u00fct\u00fcn kadim \u00f6\u011fretilerde 40 say\u0131s\u0131 \u00f6nemlidir.  Masallarda 40 g\u00fcn 40 gece s\u00fcrer d\u00fc\u011f\u00fcnler. Bir anne bebe\u011fini 40 hafta karn\u0131nda ta\u015f\u0131r. Mal\u0131n\u0131n 40\u2019ta birini zek\u00e2t verenin bereketi artar. Bir \u015feyi 40 kere s\u00f6ylersen ger\u00e7ek olur\u2026  40 g\u00fcnl\u00fck bir yenilenme yolculu\u011fu dedim\u2026  Kitab\u0131m\u0131n ilk yar\u0131s\u0131nda sa\u011fl\u0131kl\u0131 beslenme bilincini bir davran\u0131\u015fa, hayat bi\u00e7imine d\u00f6n\u00fc\u015ft\u00fcrmeniz i\u00e7in 40 maddeden olu\u015fan bir b\u00f6l\u00fcm var.  Bu b\u00f6l\u00fcmde sa\u011fl\u0131kl\u0131 kilonun sadece yemeklerle ilgili olmad\u0131\u011f\u0131n\u0131, vitaminlerden sa\u011fl\u0131kl\u0131 uyumaya, yeterince su i\u00e7meye pek \u00e7ok fakt\u00f6re ba\u011fl\u0131 oldu\u011funu g\u00f6receksiniz. Kitab\u0131n ikinci yar\u0131s\u0131nda ise sizin i\u00e7in \u201c40 G\u00fcnde Yeni Sen\u201d beslenme program\u0131n\u0131 yazd\u0131m. Bu b\u00f6l\u00fcmde sizin i\u00e7in g\u00fcn g\u00fcn, al\u0131\u015fveri\u015f listeleri, tarifleri ve men\u00fcleriyle uygulayabilece\u011finiz bir beslenme plan\u0131 sunuyorum.  Kolayca uygulayacak, 40 g\u00fcn\u00fcn sonunda hem kilo vermi\u015f hem bedeniniz ve ruhunuz i\u00e7in bir ar\u0131nma program\u0131 uygulam\u0131\u015f olacaks\u0131n\u0131z.  Ve daha sa\u011fl\u0131kl\u0131, daha zinde, daha mutlu hissedeceksiniz.  <\/p>\n","protected":false},"excerpt":{"rendered":"<p>Sevgili okurlar\u0131m; Sizi bu kitab\u0131mla 40 g\u00fcnl\u00fck bir yenilenme yolculu\u011funa davet ediyorum. Bu 40 g\u00fcn\u00fcn sonunda hem fazla kilolar\u0131n\u0131zdan kurtulacak hem de daha sa\u011fl\u0131kl\u0131 bir bedene<span class=\"excerpt-hellip\"> [\u2026]<\/span><\/p>\n","protected":false},"featured_media":0,"template":"","meta":{"_monsterinsights_skip_tracking":false,"_monsterinsights_sitenote_active":false,"_monsterinsights_sitenote_note":"","_monsterinsights_sitenote_category":0},"product_brand":[],"product_cat":[13402,13365],"product_tag":[],"class_list":{"0":"post-742216","1":"product","2":"type-product","3":"status-publish","5":"product_cat-beslenme-ve-diyet","6":"product_cat-saglik","7":"pa_cilt-ciltsiz","8":"pa_tur-kitap","9":"pa_yayinevi-dogan-kitap","10":"pa_yazar-dr-ayca-kaya","12":"first","13":"instock","14":"sale","15":"shipping-taxable","16":"purchasable","17":"product-type-simple"},"_links":{"self":[{"href":"https:\/\/roveyayinevi.com.tr\/index.php\/wp-json\/wp\/v2\/product\/742216","targetHints":{"allow":["GET"]}}],"collection":[{"href":"https:\/\/roveyayinevi.com.tr\/index.php\/wp-json\/wp\/v2\/product"}],"about":[{"href":"https:\/\/roveyayinevi.com.tr\/index.php\/wp-json\/wp\/v2\/types\/product"}],"wp:attachment":[{"href":"https:\/\/roveyayinevi.com.tr\/index.php\/wp-json\/wp\/v2\/media?parent=742216"}],"wp:term":[{"taxonomy":"product_brand","embeddable":true,"href":"https:\/\/roveyayinevi.com.tr\/index.php\/wp-json\/wp\/v2\/product_brand?post=742216"},{"taxonomy":"product_cat","embeddable":true,"href":"https:\/\/roveyayinevi.com.tr\/index.php\/wp-json\/wp\/v2\/product_cat?post=742216"},{"taxonomy":"product_tag","embeddable":true,"href":"https:\/\/roveyayinevi.com.tr\/index.php\/wp-json\/wp\/v2\/product_tag?post=742216"}],"curies":[{"name":"wp","href":"https:\/\/api.w.org\/{rel}","templated":true}]}}