{"id":742215,"date":"2025-08-28T01:06:34","date_gmt":"2025-08-27T22:06:34","guid":{"rendered":"https:\/\/roveyayinevi.com.tr\/index.php\/urun\/astrobiyoloji\/"},"modified":"2026-04-16T02:53:22","modified_gmt":"2026-04-15T23:53:22","slug":"astrobiyoloji","status":"publish","type":"product","link":"https:\/\/roveyayinevi.com.tr\/index.php\/urun\/astrobiyoloji\/","title":{"rendered":"Astrobiyoloji"},"content":{"rendered":"<p>ASTROB\u0130YOLOJ\u0130 D\u00fcnya d\u0131\u015f\u0131 ya\u015fam, bilim kurguda ola\u011fan bir tema, peki ger\u00e7ek d\u00fcnyada ciddi bir beklenti mi? Astrobiyoloji, bilimin tam da bu soruya cevap arayan yeni dal\u0131. Kozmosun bir yerlerindeki ya\u015fam olas\u0131l\u0131\u011f\u0131, insano\u011flunun kafa yorabilece\u011fi en derin konulardan biri. Astrofizik\u00e7i Andrew May, Yerk\u00fcrede ya\u015fam\u0131n nas\u0131l ba\u015flad\u0131\u011f\u0131n\u0131, bunun uyar\u0131 \u201cg\u00f6stergelerini\u201d ve bu g\u00f6stergelerin G\u00fcne\u015f Sisteminin ba\u015fka yerlerinde ya da \u015fimdilerde Kepler ve TESS g\u00f6revleriyle ke\u015ffedilmekte olan \u201c\u00f6tegezegenlerde\u201d nas\u0131l tespit edilebilece\u011fini g\u00f6zden ge\u00e7irerek, bug\u00fcnk\u00fc bilgi durumumuzu uzman bak\u0131\u015f a\u00e7\u0131s\u0131yla sunuyor.  Kitap, yol boyunca, Fermi paradoksu ile DNA\u2019n\u0131n ve suyun kritik rol\u00fc gibi en \u00f6nemli sorunlara de\u011finiyor. DNA ve su \u201cbildi\u011fimiz \u015fekliyle ya\u015fam\u201d i\u00e7in zorunlu, peki uzayl\u0131 ya\u015fam i\u00e7in de b\u00f6yle mi? Ve b\u00fcy\u00fck soru: sonu\u00e7ta d\u00fcnya d\u0131\u015f\u0131 varl\u0131klar\u0131 buldu\u011fumuzda, bize dost mu olacaklar, yoksa d\u00fc\u015fman m\u0131? <\/p>\n","protected":false},"excerpt":{"rendered":"<p>ASTROB\u0130YOLOJ\u0130 D\u00fcnya d\u0131\u015f\u0131 ya\u015fam, bilim kurguda ola\u011fan bir tema, peki ger\u00e7ek d\u00fcnyada ciddi bir beklenti mi? Astrobiyoloji, bilimin tam da bu soruya cevap arayan yeni dal\u0131.<span class=\"excerpt-hellip\"> [\u2026]<\/span><\/p>\n","protected":false},"featured_media":0,"template":"","meta":{"_monsterinsights_skip_tracking":false,"_monsterinsights_sitenote_active":false,"_monsterinsights_sitenote_note":"","_monsterinsights_sitenote_category":0},"product_brand":[],"product_cat":[13005,13006],"product_tag":[],"class_list":{"0":"post-742215","1":"product","2":"type-product","3":"status-publish","5":"product_cat-bilim-muhendislik","6":"product_cat-populer-bilim","7":"pa_cilt-ciltsiz","8":"pa_tur-kitap","9":"pa_yayinevi-say-yayinlari","10":"pa_yazar-andrew-mayne","12":"first","13":"instock","14":"sale","15":"shipping-taxable","16":"purchasable","17":"product-type-simple"},"_links":{"self":[{"href":"https:\/\/roveyayinevi.com.tr\/index.php\/wp-json\/wp\/v2\/product\/742215","targetHints":{"allow":["GET"]}}],"collection":[{"href":"https:\/\/roveyayinevi.com.tr\/index.php\/wp-json\/wp\/v2\/product"}],"about":[{"href":"https:\/\/roveyayinevi.com.tr\/index.php\/wp-json\/wp\/v2\/types\/product"}],"wp:attachment":[{"href":"https:\/\/roveyayinevi.com.tr\/index.php\/wp-json\/wp\/v2\/media?parent=742215"}],"wp:term":[{"taxonomy":"product_brand","embeddable":true,"href":"https:\/\/roveyayinevi.com.tr\/index.php\/wp-json\/wp\/v2\/product_brand?post=742215"},{"taxonomy":"product_cat","embeddable":true,"href":"https:\/\/roveyayinevi.com.tr\/index.php\/wp-json\/wp\/v2\/product_cat?post=742215"},{"taxonomy":"product_tag","embeddable":true,"href":"https:\/\/roveyayinevi.com.tr\/index.php\/wp-json\/wp\/v2\/product_tag?post=742215"}],"curies":[{"name":"wp","href":"https:\/\/api.w.org\/{rel}","templated":true}]}}