{"id":742213,"date":"2025-08-28T01:06:32","date_gmt":"2025-08-27T22:06:32","guid":{"rendered":"https:\/\/roveyayinevi.com.tr\/index.php\/urun\/kisa-misir-tarihi\/"},"modified":"2026-04-16T02:53:22","modified_gmt":"2026-04-15T23:53:22","slug":"kisa-misir-tarihi","status":"publish","type":"product","link":"https:\/\/roveyayinevi.com.tr\/index.php\/urun\/kisa-misir-tarihi\/","title":{"rendered":"K\u0131sa M\u0131s\u0131r Tarihi"},"content":{"rendered":"<p>KISA MISIR TAR\u0130H\u0130   K\u0131sa M\u0131s\u0131r Tarihi 5000 y\u0131l \u00f6nce Nil Nehri Vadisi\u2019ndeki insan yerle\u015fimlerinden g\u00fcn\u00fcm\u00fcze dek M\u0131s\u0131r\u2019\u0131n kapsaml\u0131 ve \u00f6zl\u00fc bir tarihini g\u00f6zler \u00f6n\u00fcne seriyor. Ya\u015fam\u0131n\u0131n yakla\u015f\u0131k 50 y\u0131l\u0131n\u0131 M\u0131s\u0131r\u2019da ge\u00e7iren Robert Tignor firavunlar\u0131n b\u00fcy\u00fck \u00e7a\u011f\u0131ndan Yunan ve Roma egemenli\u011fine, Hristiyanl\u0131\u011f\u0131n y\u00fckseli\u015finden Arap fetihlerine, Osmanl\u0131 egemenli\u011finden Frans\u0131z ve \u0130ngiliz d\u00f6nemlerine ve Nas\u0131r, Enver Sedat ve H\u00fcsn\u00fc M\u00fcbarek y\u0131llar\u0131ndaki Modern M\u0131s\u0131r\u2019a uzanan \u00e7alkant\u0131l\u0131 tarihin zengin bir a\u00e7\u0131klamas\u0131n\u0131 sunuyor.   \u201cM\u0131s\u0131r tarihine k\u0131sa bir bak\u0131\u015f, hem M\u0131s\u0131r\u2019\u0131n ortaya \u00e7\u0131k\u0131\u015f\u0131n\u0131 hem de tamamlanmam\u0131\u015f devrimi olarak adland\u0131r\u0131lan \u015feyin arkas\u0131ndaki nedenleri anlaman\u0131za yard\u0131mc\u0131 olabilir.\u201d \u2014 Lisa Kaaki, Arab News   <\/p>\n","protected":false},"excerpt":{"rendered":"<p>KISA MISIR TAR\u0130H\u0130 K\u0131sa M\u0131s\u0131r Tarihi 5000 y\u0131l \u00f6nce Nil Nehri Vadisi\u2019ndeki insan yerle\u015fimlerinden g\u00fcn\u00fcm\u00fcze dek M\u0131s\u0131r\u2019\u0131n kapsaml\u0131 ve \u00f6zl\u00fc bir tarihini g\u00f6zler \u00f6n\u00fcne seriyor. Ya\u015fam\u0131n\u0131n<span class=\"excerpt-hellip\"> [\u2026]<\/span><\/p>\n","protected":false},"featured_media":0,"template":"","meta":{"_monsterinsights_skip_tracking":false,"_monsterinsights_sitenote_active":false,"_monsterinsights_sitenote_note":"","_monsterinsights_sitenote_category":0},"product_brand":[],"product_cat":[12305,12304],"product_tag":[],"class_list":{"0":"post-742213","1":"product","2":"type-product","3":"status-publish","5":"product_cat-dunya-tarihi","6":"product_cat-tarih","7":"pa_cilt-ciltsiz","8":"pa_tur-kitap","9":"pa_yayinevi-say-yayinlari","10":"pa_yazar-robert-l-tignor","12":"first","13":"instock","14":"sale","15":"shipping-taxable","16":"purchasable","17":"product-type-simple"},"_links":{"self":[{"href":"https:\/\/roveyayinevi.com.tr\/index.php\/wp-json\/wp\/v2\/product\/742213","targetHints":{"allow":["GET"]}}],"collection":[{"href":"https:\/\/roveyayinevi.com.tr\/index.php\/wp-json\/wp\/v2\/product"}],"about":[{"href":"https:\/\/roveyayinevi.com.tr\/index.php\/wp-json\/wp\/v2\/types\/product"}],"wp:attachment":[{"href":"https:\/\/roveyayinevi.com.tr\/index.php\/wp-json\/wp\/v2\/media?parent=742213"}],"wp:term":[{"taxonomy":"product_brand","embeddable":true,"href":"https:\/\/roveyayinevi.com.tr\/index.php\/wp-json\/wp\/v2\/product_brand?post=742213"},{"taxonomy":"product_cat","embeddable":true,"href":"https:\/\/roveyayinevi.com.tr\/index.php\/wp-json\/wp\/v2\/product_cat?post=742213"},{"taxonomy":"product_tag","embeddable":true,"href":"https:\/\/roveyayinevi.com.tr\/index.php\/wp-json\/wp\/v2\/product_tag?post=742213"}],"curies":[{"name":"wp","href":"https:\/\/api.w.org\/{rel}","templated":true}]}}