{"id":742208,"date":"2025-08-28T01:06:27","date_gmt":"2025-08-27T22:06:27","guid":{"rendered":"https:\/\/roveyayinevi.com.tr\/index.php\/urun\/elden-gelen\/"},"modified":"2026-04-16T02:53:21","modified_gmt":"2026-04-15T23:53:21","slug":"elden-gelen","status":"publish","type":"product","link":"https:\/\/roveyayinevi.com.tr\/index.php\/urun\/elden-gelen\/","title":{"rendered":"Elden Gelen"},"content":{"rendered":"<p>Bu sat\u0131rlar\u0131 okumaya ihtiyac\u0131n yok. Hesaplamas\u0131 ve bilmesi beni a\u015fan yollarla, bir \u015fekilde, bu kitap sana kadar ula\u015fm\u0131\u015f. Tahmin edilemez tecr\u00fcbelerin ard\u0131ndan, bu kitap bir \u015fekilde yaz\u0131lm\u0131\u015f. Nas\u0131l oldu\u011funu anlamas\u0131 zordur, ama o tecr\u00fcbeler de bir \u015fekilde ya\u015fanm\u0131\u015f. B\u00fct\u00fcn s\u00fcre\u00e7 b\u00f6yle, bilinmezlerle geli\u015fmi\u015fken; ihtiyac\u0131n olmad\u0131\u011f\u0131 h\u00e2lde, bu kitab\u0131 neden okumak isteyece\u011fini, ben nereden bilebilirim? O s\u0131r sana sakl\u0131.Bu kitab\u0131n hi\u00e7bir \u00f6zelli\u011fi yok, hi\u00e7bir \u00f6nemi yok, bir insan hayat\u0131na k\u0131yasla. Senin akl\u0131n, bilincin, i\u00e7indekiler, s\u0131\u011famaz hi\u00e7bir kitaba, a\u015far gider, t\u00fcm sayfalara s\u0131\u011fan b\u00fct\u00fcn c\u00fcmleleri.O y\u00fczden, hadi ya\u015fay\u0131p g\u00f6relim bakal\u0131m ne olacak i\u00e7eride? Sevecek miyim, sevilecek miyim? Peki sen okuyacak m\u0131s\u0131n, hi\u00e7 sevecek misin, bakal\u0131m g\u00f6relim.<\/p>\n","protected":false},"excerpt":{"rendered":"<p>Bu sat\u0131rlar\u0131 okumaya ihtiyac\u0131n yok. Hesaplamas\u0131 ve bilmesi beni a\u015fan yollarla, bir \u015fekilde, bu kitap sana kadar ula\u015fm\u0131\u015f. Tahmin edilemez tecr\u00fcbelerin ard\u0131ndan, bu kitap bir \u015fekilde<span class=\"excerpt-hellip\"> [\u2026]<\/span><\/p>\n","protected":false},"featured_media":0,"template":"","meta":{"_monsterinsights_skip_tracking":false,"_monsterinsights_sitenote_active":false,"_monsterinsights_sitenote_note":"","_monsterinsights_sitenote_category":0},"product_brand":[],"product_cat":[12777,12291],"product_tag":[],"class_list":{"0":"post-742208","1":"product","2":"type-product","3":"status-publish","5":"product_cat-deneme","6":"product_cat-edebiyat","7":"pa_cilt-ciltsiz","8":"pa_tur-kitap","9":"pa_yayinevi-karina-yayinevi","10":"pa_yazar-berkay-midilli","12":"first","13":"instock","14":"sale","15":"shipping-taxable","16":"purchasable","17":"product-type-simple"},"_links":{"self":[{"href":"https:\/\/roveyayinevi.com.tr\/index.php\/wp-json\/wp\/v2\/product\/742208","targetHints":{"allow":["GET"]}}],"collection":[{"href":"https:\/\/roveyayinevi.com.tr\/index.php\/wp-json\/wp\/v2\/product"}],"about":[{"href":"https:\/\/roveyayinevi.com.tr\/index.php\/wp-json\/wp\/v2\/types\/product"}],"wp:attachment":[{"href":"https:\/\/roveyayinevi.com.tr\/index.php\/wp-json\/wp\/v2\/media?parent=742208"}],"wp:term":[{"taxonomy":"product_brand","embeddable":true,"href":"https:\/\/roveyayinevi.com.tr\/index.php\/wp-json\/wp\/v2\/product_brand?post=742208"},{"taxonomy":"product_cat","embeddable":true,"href":"https:\/\/roveyayinevi.com.tr\/index.php\/wp-json\/wp\/v2\/product_cat?post=742208"},{"taxonomy":"product_tag","embeddable":true,"href":"https:\/\/roveyayinevi.com.tr\/index.php\/wp-json\/wp\/v2\/product_tag?post=742208"}],"curies":[{"name":"wp","href":"https:\/\/api.w.org\/{rel}","templated":true}]}}