{"id":742207,"date":"2025-08-28T01:06:26","date_gmt":"2025-08-27T22:06:26","guid":{"rendered":"https:\/\/roveyayinevi.com.tr\/index.php\/urun\/aynadaki-gunes\/"},"modified":"2026-04-16T02:53:21","modified_gmt":"2026-04-15T23:53:21","slug":"aynadaki-gunes","status":"publish","type":"product","link":"https:\/\/roveyayinevi.com.tr\/index.php\/urun\/aynadaki-gunes\/","title":{"rendered":"Aynadaki G\u00fcne\u015f"},"content":{"rendered":"<p>Platon\u2019un Theaetetus diyalo\u011funda, Sokrates ile bilginin ne oldu\u011fu konusunda konu\u015furlarken bir noktaya var\u0131rlar. Sokrates ne diyece\u011fini bilemez ve bir \u201cTHAUMA durumunday\u0131m\u201d der. Yani MERAK. Felsefe ve bilim yapmaya ba\u015flatan itici g\u00fc\u00e7. Merak\u0131m\u0131z ger\u00e7ekten \u00e7ok g\u00fc\u00e7l\u00fcyse bizi hemen harekete ge\u00e7irir. Merak ederek, kavramlar\u0131 bir araya getirip bilinmeyen bir \u015feyi zihnimizde temsil etme g\u00fcc\u00fcne sahip oluruz, oysa her sordu\u011fumuz soru ile zihinsel bir yenilik ya\u015far\u0131z. \u0130nsan\u0131n do\u011fas\u0131 nedir? \u0130nsan davran\u0131\u015flar\u0131nda serbest midir? Biz kimiz? Ben kimim? Berfin kendini bulmaya \u00e7al\u0131\u015f\u0131rken, Caroline kendini ni\u00e7in kaybeder? 3D(D\u00fc\u015f\u00fcnce-Duygu-Davran\u0131\u015f)  b\u00fct\u00fcnl\u00fc\u011f\u00fcn\u00fc sa\u011flamadan kendimizi bulmam\u0131z m\u00fcmk\u00fcn m\u00fc? Kad\u0131n\u0131n tarihsel s\u00fcre\u00e7 i\u00e7inde kabul\u00fc ve ya\u015fad\u0131klar\u0131 bug\u00fcn h\u00e2l\u00e2 devam m\u0131 ediyor? Berfin\u2019in Aynadaki G\u00fcne\u015fte g\u00f6rd\u00fckleri neler? B\u00fct\u00fcn bunlar\u0131 merak ediyorsunuz, biliyorum. O h\u00e2lde neden h\u00e2l\u00e2 arka kapa\u011f\u0131 inceliyorsunuz? <\/p>\n","protected":false},"excerpt":{"rendered":"<p>Platon\u2019un Theaetetus diyalo\u011funda, Sokrates ile bilginin ne oldu\u011fu konusunda konu\u015furlarken bir noktaya var\u0131rlar. Sokrates ne diyece\u011fini bilemez ve bir \u201cTHAUMA durumunday\u0131m\u201d der. Yani MERAK. Felsefe ve<span class=\"excerpt-hellip\"> [\u2026]<\/span><\/p>\n","protected":false},"featured_media":0,"template":"","meta":{"_monsterinsights_skip_tracking":false,"_monsterinsights_sitenote_active":false,"_monsterinsights_sitenote_note":"","_monsterinsights_sitenote_category":0},"product_brand":[],"product_cat":[12291,12711],"product_tag":[],"class_list":{"0":"post-742207","1":"product","2":"type-product","3":"status-publish","5":"product_cat-edebiyat","6":"product_cat-roman-oyku","7":"pa_cilt-ciltsiz","8":"pa_tur-kitap","9":"pa_yayinevi-karina-yayinevi","10":"pa_yazar-h-gulcan-koprulu","12":"first","13":"instock","14":"sale","15":"shipping-taxable","16":"purchasable","17":"product-type-simple"},"_links":{"self":[{"href":"https:\/\/roveyayinevi.com.tr\/index.php\/wp-json\/wp\/v2\/product\/742207","targetHints":{"allow":["GET"]}}],"collection":[{"href":"https:\/\/roveyayinevi.com.tr\/index.php\/wp-json\/wp\/v2\/product"}],"about":[{"href":"https:\/\/roveyayinevi.com.tr\/index.php\/wp-json\/wp\/v2\/types\/product"}],"wp:attachment":[{"href":"https:\/\/roveyayinevi.com.tr\/index.php\/wp-json\/wp\/v2\/media?parent=742207"}],"wp:term":[{"taxonomy":"product_brand","embeddable":true,"href":"https:\/\/roveyayinevi.com.tr\/index.php\/wp-json\/wp\/v2\/product_brand?post=742207"},{"taxonomy":"product_cat","embeddable":true,"href":"https:\/\/roveyayinevi.com.tr\/index.php\/wp-json\/wp\/v2\/product_cat?post=742207"},{"taxonomy":"product_tag","embeddable":true,"href":"https:\/\/roveyayinevi.com.tr\/index.php\/wp-json\/wp\/v2\/product_tag?post=742207"}],"curies":[{"name":"wp","href":"https:\/\/api.w.org\/{rel}","templated":true}]}}