{"id":742204,"date":"2025-08-28T01:06:23","date_gmt":"2025-08-27T22:06:23","guid":{"rendered":"https:\/\/roveyayinevi.com.tr\/index.php\/urun\/alfabetik-siir-kitabi\/"},"modified":"2026-04-16T02:53:21","modified_gmt":"2026-04-15T23:53:21","slug":"alfabetik-siir-kitabi","status":"publish","type":"product","link":"https:\/\/roveyayinevi.com.tr\/index.php\/urun\/alfabetik-siir-kitabi\/","title":{"rendered":"Alfabetik \u015eiir Kitab\u0131"},"content":{"rendered":"<p>OKURLARA H\u0130TABIMDIR Ey okuyucu, Recep size hitap ediyor Bu \u015fiirlerle mesaj veriyorum diyor Kitab\u0131mdaki \u015fiirler size ziyafet olsun G\u00f6nl\u00fcn\u00fcze sevgi ve muhabbet dolsun.   Alfabeyi \u00f6\u011frenmek okuma ser\u00fcveninin ba\u015f\u0131d\u0131r Harfler, kelimelerin ve c\u00fcmlelerin yap\u0131ta\u015f\u0131d\u0131r \u015eiir ise duygular\u0131 ifadenin ahenkli yoludur Kitab\u0131m\u0131 yazarken yeg\u00e2ne ilham\u0131m budur.   \u0130nsanlar y\u00fcce idealler u\u011fruna \u00e7al\u0131\u015fmal\u0131 D\u00fcnyada kal\u0131c\u0131 eser b\u0131rakmak i\u00e7in yar\u0131\u015fmal\u0131 Bunlar\u0131n ba\u015f\u0131nda kitap yazmak gelir Bu u\u011furda yazar ne \u00e7ok emek verir.   \u015eiirlerimi bana yazd\u0131ran yumu\u015fak y\u00fcre\u011fimdir Bunlar\u0131 sizlerle payla\u015fmak samimi dile\u011fimdir \u0130nsan sevgisi, yurt sevgisine \u00e7a\u011fr\u0131d\u0131r \u015fiirlerim Hayat\u0131n\u0131zda derin mutlulu\u011fa erin isterim.   Recep Karag\u00f6l <\/p>\n","protected":false},"excerpt":{"rendered":"<p>OKURLARA H\u0130TABIMDIR Ey okuyucu, Recep size hitap ediyor Bu \u015fiirlerle mesaj veriyorum diyor Kitab\u0131mdaki \u015fiirler size ziyafet olsun G\u00f6nl\u00fcn\u00fcze sevgi ve muhabbet dolsun. Alfabeyi \u00f6\u011frenmek okuma<span class=\"excerpt-hellip\"> [\u2026]<\/span><\/p>\n","protected":false},"featured_media":0,"template":"","meta":{"_monsterinsights_skip_tracking":false,"_monsterinsights_sitenote_active":false,"_monsterinsights_sitenote_note":"","_monsterinsights_sitenote_category":0},"product_brand":[],"product_cat":[35958],"product_tag":[],"class_list":{"0":"post-742204","1":"product","2":"type-product","3":"status-publish","5":"product_cat-siir-2","6":"pa_cilt-ciltsiz","7":"pa_tur-kitap","8":"pa_yayinevi-karina-yayinevi","9":"pa_yazar-recep-karagol","11":"first","12":"instock","13":"sale","14":"shipping-taxable","15":"purchasable","16":"product-type-simple"},"_links":{"self":[{"href":"https:\/\/roveyayinevi.com.tr\/index.php\/wp-json\/wp\/v2\/product\/742204","targetHints":{"allow":["GET"]}}],"collection":[{"href":"https:\/\/roveyayinevi.com.tr\/index.php\/wp-json\/wp\/v2\/product"}],"about":[{"href":"https:\/\/roveyayinevi.com.tr\/index.php\/wp-json\/wp\/v2\/types\/product"}],"wp:attachment":[{"href":"https:\/\/roveyayinevi.com.tr\/index.php\/wp-json\/wp\/v2\/media?parent=742204"}],"wp:term":[{"taxonomy":"product_brand","embeddable":true,"href":"https:\/\/roveyayinevi.com.tr\/index.php\/wp-json\/wp\/v2\/product_brand?post=742204"},{"taxonomy":"product_cat","embeddable":true,"href":"https:\/\/roveyayinevi.com.tr\/index.php\/wp-json\/wp\/v2\/product_cat?post=742204"},{"taxonomy":"product_tag","embeddable":true,"href":"https:\/\/roveyayinevi.com.tr\/index.php\/wp-json\/wp\/v2\/product_tag?post=742204"}],"curies":[{"name":"wp","href":"https:\/\/api.w.org\/{rel}","templated":true}]}}