{"id":742203,"date":"2025-08-28T01:06:22","date_gmt":"2025-08-27T22:06:22","guid":{"rendered":"https:\/\/roveyayinevi.com.tr\/index.php\/urun\/sira-disi-ebeveynlik\/"},"modified":"2026-04-16T02:53:21","modified_gmt":"2026-04-15T23:53:21","slug":"sira-disi-ebeveynlik","status":"publish","type":"product","link":"https:\/\/roveyayinevi.com.tr\/index.php\/urun\/sira-disi-ebeveynlik\/","title":{"rendered":"S\u0131ra D\u0131\u015f\u0131 Ebeveynlik"},"content":{"rendered":"<p>Belirsizlik, kriz ve de\u011fi\u015fim d\u00f6nemlerinde ebeveynlik yapmak zordur. \u00c7ocuklar\u0131m\u0131z hastal\u0131k, ailevi sorunlar ya da beklenmedik bir kriz nedeniyle bir anda okula devam edemeyecek durumda kald\u0131ysa neler ka\u00e7\u0131rabilecekleri konusunda endi\u015feleniriz. Beynimiz tamam\u0131yla d\u00fc\u015f\u00fcncelerle, endi\u015felerle, listelerle, i\u015flerle dolar. Global hastal\u0131klar\u0131 iyile\u015ftirmeyi ya da iklim de\u011fi\u015fikli\u011fini bir anda sona erdirmeyi ba\u015faramayabiliriz ama elimizin alt\u0131nda d\u00fcnyam\u0131z\u0131 de\u011fi\u015ftirmemizi sa\u011flayabilecek son derece g\u00fc\u00e7l\u00fc bir ara\u00e7 var: Ebeveynlik. \u0130ster evde e\u011fitime kal\u0131c\u0131 bir ge\u00e7i\u015f yapmay\u0131 planlay\u0131n, ister s\u0131ra d\u0131\u015f\u0131 zamanlarda ge\u00e7ici olarak bu s\u00fcreci evde y\u00f6netmek durumunda kal\u0131n; S\u0131ra D\u0131\u015f\u0131 Ebeveynlik, \u00e7ocu\u011funuzun potansiyelini ortaya \u00e7\u0131karmak i\u00e7in b\u00fcy\u00fck bir eve, sonsuz bo\u015f zamana veya bir dizi pahal\u0131 oyunca\u011fa ya da materyale ihtiyac\u0131n\u0131z olmad\u0131\u011f\u0131n\u0131 ortaya koyuyor. Deneyimli ev okulu \u00f6\u011frencileri, beklenmedik bir \u015fekilde evde e\u011fitime ba\u015flayanlar, okulda e\u011fitim g\u00f6ren \u00e7ocuklar\u0131yla ili\u015fkilerini geli\u015ftirmek isteyenler&#8230; Bu kitap bir m\u00fcfredat de\u011fil. Deneyimli ebeveynlik ko\u00e7u Eloise Rickman do\u011fal ve keyifli \u00f6\u011frenmenin geli\u015fece\u011fi bir ev ortam\u0131 yaratman\u0131za yard\u0131mc\u0131 olacak yap\u0131 ta\u015flar\u0131n\u0131 sunuyor. \u0130nce dokunu\u015flarla aile ili\u015fkilerinizi sa\u011flamla\u015ft\u0131r\u0131p g\u00fcnl\u00fck hayat\u0131n\u0131z\u0131 kolayla\u015ft\u0131racak tavsiyeler\u2026 Birlikte \u00f6\u011frenmenin ve geleneksel \u00f6\u011fretim materyallerini yarat\u0131c\u0131 \u015fekilde kullanman\u0131n e\u011flenceli yollar\u0131\u2026 Ritimler, haz\u0131rlanm\u0131\u015f ev ortam\u0131, \u00e7ocu\u011funuzun yarat\u0131c\u0131l\u0131\u011f\u0131n\u0131 ve do\u011fal \u00f6\u011frenme merak\u0131n\u0131 te\u015fvik y\u00f6ntemleri ve ebeveyn olarak sizin ihtiya\u00e7lar\u0131n\u0131z\u2026 Evde e\u011fitim uzman\u0131 taraf\u0131ndan yaz\u0131lan bu kitap, ko\u015fullarda ani bir de\u011fi\u015fiklikle kar\u015f\u0131 kar\u015f\u0131ya kalan her aile i\u00e7in -hatta sadece ev ve ebeveynlik yap\u0131lar\u0131n\u0131 yeniden d\u00fc\u015f\u00fcnmek isteyen aileler i\u00e7in- ilham verici bir \u00e7al\u0131\u015fma&#8230; <\/p>\n","protected":false},"excerpt":{"rendered":"<p>Belirsizlik, kriz ve de\u011fi\u015fim d\u00f6nemlerinde ebeveynlik yapmak zordur. \u00c7ocuklar\u0131m\u0131z hastal\u0131k, ailevi sorunlar ya da beklenmedik bir kriz nedeniyle bir anda okula devam edemeyecek durumda kald\u0131ysa neler<span class=\"excerpt-hellip\"> [\u2026]<\/span><\/p>\n","protected":false},"featured_media":0,"template":"","meta":{"_monsterinsights_skip_tracking":false,"_monsterinsights_sitenote_active":false,"_monsterinsights_sitenote_note":"","_monsterinsights_sitenote_category":0},"product_brand":[],"product_cat":[12831,12324],"product_tag":[],"class_list":{"0":"post-742203","1":"product","2":"type-product","3":"status-publish","5":"product_cat-aile-ve-cocuk","6":"product_cat-sosyoloji","7":"pa_cilt-ciltsiz","8":"pa_tur-kitap","9":"pa_yayinevi-kronik-kitap","10":"pa_yazar-eloise-rickman","12":"first","13":"instock","14":"sale","15":"shipping-taxable","16":"purchasable","17":"product-type-simple"},"_links":{"self":[{"href":"https:\/\/roveyayinevi.com.tr\/index.php\/wp-json\/wp\/v2\/product\/742203","targetHints":{"allow":["GET"]}}],"collection":[{"href":"https:\/\/roveyayinevi.com.tr\/index.php\/wp-json\/wp\/v2\/product"}],"about":[{"href":"https:\/\/roveyayinevi.com.tr\/index.php\/wp-json\/wp\/v2\/types\/product"}],"wp:attachment":[{"href":"https:\/\/roveyayinevi.com.tr\/index.php\/wp-json\/wp\/v2\/media?parent=742203"}],"wp:term":[{"taxonomy":"product_brand","embeddable":true,"href":"https:\/\/roveyayinevi.com.tr\/index.php\/wp-json\/wp\/v2\/product_brand?post=742203"},{"taxonomy":"product_cat","embeddable":true,"href":"https:\/\/roveyayinevi.com.tr\/index.php\/wp-json\/wp\/v2\/product_cat?post=742203"},{"taxonomy":"product_tag","embeddable":true,"href":"https:\/\/roveyayinevi.com.tr\/index.php\/wp-json\/wp\/v2\/product_tag?post=742203"}],"curies":[{"name":"wp","href":"https:\/\/api.w.org\/{rel}","templated":true}]}}