{"id":742201,"date":"2025-08-28T01:06:21","date_gmt":"2025-08-27T22:06:21","guid":{"rendered":"https:\/\/roveyayinevi.com.tr\/index.php\/urun\/fragmanlar-8\/"},"modified":"2026-04-16T02:53:21","modified_gmt":"2026-04-15T23:53:21","slug":"fragmanlar-8","status":"publish","type":"product","link":"https:\/\/roveyayinevi.com.tr\/index.php\/urun\/fragmanlar-8\/","title":{"rendered":"Fragmanlar"},"content":{"rendered":"<p>Sokrates \u00f6ncesi filozoflardan Herakleitos Antik \u00c7a\u011f\u2019dan g\u00fcn\u00fcm\u00fcze dek \u015f\u00f6hretini korumu\u015f, felsefi anlay\u0131\u015f\u0131 ve d\u00fc\u015f\u00fcncesi Platon, Aristoteles, Stoac\u0131lar, Sextus Empiricus, Porphyrios, Hegel, Kierkegaard, Nietzsche, Bergson ve Heidegger gibi bir\u00e7ok d\u00fc\u015f\u00fcn\u00fcr \u00fczerinde b\u00fcy\u00fck etkiler b\u0131rakm\u0131\u015ft\u0131r. H\u0131ristiyanl\u0131\u011f\u0131n ilk savunucular\u0131 dahi onun d\u00fc\u015f\u00fcncelerine big\u00e2ne kalamam\u0131\u015f, Sokrates ile birlikte onu, \u0130sa gelmeden \u00f6nceki H\u0131ristiyanlar olarak kabul etmi\u015flerdir. Herakleitos\u2019un ya\u015fam\u0131na dair bilgiler ne yaz\u0131k ki g\u00fcn\u00fcm\u00fcze baz\u0131 zay\u0131f, kan\u0131tlanmas\u0131 imk\u00e2ns\u0131z rivayetlerle ula\u015fm\u0131\u015ft\u0131r. Felsefi d\u00fc\u015f\u00fcn\u00fc\u015f\u00fcne dair derli toplu bir eserinin bug\u00fcne kalmamas\u0131 hi\u00e7 \u015f\u00fcphesiz b\u00fcy\u00fck bir eksiklik olsa da bu b\u00fcy\u00fck ismin d\u00fc\u015f\u00fcncesine ve ya\u015fant\u0131s\u0131na dair baz\u0131 par\u00e7alar etraf\u0131ndakilerin aktar\u0131m\u0131yla g\u00fcn\u00fcm\u00fcze kalm\u0131\u015ft\u0131r. D\u00fc\u015f\u00fcncelerinin mu\u011flak ifadelerle dolu, b\u00f6l\u00fck p\u00f6r\u00e7\u00fck ve kimi zaman da anla\u015f\u0131lmaz bir \u00fcslupla aktar\u0131lm\u0131\u015f olmas\u0131, Herakleitos\u2019un Antik \u00c7a\u011f\u2019dan beri anla\u015f\u0131lmas\u0131 zor bir d\u00fc\u015f\u00fcn\u00fcr olarak nitelendirilmesine yol a\u00e7m\u0131\u015f, hatta kendisine bu \u00fcslubu nedeniyle \u201cKaranl\u0131k\u201d lakab\u0131 verilmi\u015ftir. Kimilerince, s\u0131radan insanlar\u0131n d\u00fc\u015f\u00fcncelerine kolayca ula\u015fmas\u0131n\u0131 istemedi\u011fi i\u00e7in kas\u0131tl\u0131 olarak b\u00f6yle bir \u00fcslup kullanm\u0131\u015ft\u0131r. T\u00fcm bu eksik par\u00e7alara, elde olanlar\u0131n karanl\u0131\u011f\u0131na ra\u011fmen elinizdeki eser Herakleitos\u2019un usta bir d\u00fc\u015f\u00fcn\u00fcr oldu\u011funu g\u00f6steriyor. Herakleitos\u2019a ait oldu\u011fu d\u00fc\u015f\u00fcn\u00fclen Fragmanlar ile onun hayat\u0131 ve \u00f6\u011fretisi \u00fczerine kaynaklar\u0131n derlenip toparland\u0131\u011f\u0131 Tan\u0131kl\u0131klar, Okan Demir\u2019in \u00e7evirisi ve ekledi\u011fi a\u00e7\u0131klay\u0131c\u0131 notlar\u0131, Eski Yunanca ve Latince as\u0131llar\u0131yla d\u00fc\u015f\u00fcnce tarihinin en b\u00fcy\u00fck isimlerinden Herakleitos\u2019un d\u00fcnyas\u0131na bir yolculuk imk\u00e2n\u0131 sunuyor. <\/p>\n","protected":false},"excerpt":{"rendered":"<p>Sokrates \u00f6ncesi filozoflardan Herakleitos Antik \u00c7a\u011f\u2019dan g\u00fcn\u00fcm\u00fcze dek \u015f\u00f6hretini korumu\u015f, felsefi anlay\u0131\u015f\u0131 ve d\u00fc\u015f\u00fcncesi Platon, Aristoteles, Stoac\u0131lar, Sextus Empiricus, Porphyrios, Hegel, Kierkegaard, Nietzsche, Bergson ve Heidegger<span class=\"excerpt-hellip\"> [\u2026]<\/span><\/p>\n","protected":false},"featured_media":0,"template":"","meta":{"_monsterinsights_skip_tracking":false,"_monsterinsights_sitenote_active":false,"_monsterinsights_sitenote_note":"","_monsterinsights_sitenote_category":0},"product_brand":[],"product_cat":[20351,12388],"product_tag":[],"class_list":{"0":"post-742201","1":"product","2":"type-product","3":"status-publish","5":"product_cat-dusunce","6":"product_cat-felsefe","7":"pa_cilt-ciltsiz","8":"pa_tur-kitap","9":"pa_yayinevi-kronik-kitap","10":"pa_yazar-herakleitos","12":"first","13":"instock","14":"sale","15":"shipping-taxable","16":"purchasable","17":"product-type-simple"},"_links":{"self":[{"href":"https:\/\/roveyayinevi.com.tr\/index.php\/wp-json\/wp\/v2\/product\/742201","targetHints":{"allow":["GET"]}}],"collection":[{"href":"https:\/\/roveyayinevi.com.tr\/index.php\/wp-json\/wp\/v2\/product"}],"about":[{"href":"https:\/\/roveyayinevi.com.tr\/index.php\/wp-json\/wp\/v2\/types\/product"}],"wp:attachment":[{"href":"https:\/\/roveyayinevi.com.tr\/index.php\/wp-json\/wp\/v2\/media?parent=742201"}],"wp:term":[{"taxonomy":"product_brand","embeddable":true,"href":"https:\/\/roveyayinevi.com.tr\/index.php\/wp-json\/wp\/v2\/product_brand?post=742201"},{"taxonomy":"product_cat","embeddable":true,"href":"https:\/\/roveyayinevi.com.tr\/index.php\/wp-json\/wp\/v2\/product_cat?post=742201"},{"taxonomy":"product_tag","embeddable":true,"href":"https:\/\/roveyayinevi.com.tr\/index.php\/wp-json\/wp\/v2\/product_tag?post=742201"}],"curies":[{"name":"wp","href":"https:\/\/api.w.org\/{rel}","templated":true}]}}