{"id":742200,"date":"2025-08-28T01:06:20","date_gmt":"2025-08-27T22:06:20","guid":{"rendered":"https:\/\/roveyayinevi.com.tr\/index.php\/urun\/icimdeki-muzik-fleksi-kapak\/"},"modified":"2026-04-16T02:53:21","modified_gmt":"2026-04-15T23:53:21","slug":"icimdeki-muzik-fleksi-kapak","status":"publish","type":"product","link":"https:\/\/roveyayinevi.com.tr\/index.php\/urun\/icimdeki-muzik-fleksi-kapak\/","title":{"rendered":"\u0130\u00e7imdeki M\u00fczik (Fleksi Kapak)"},"content":{"rendered":"<p>11 ya\u015f\u0131ndaki Melody&#8217;nin fotografik haf\u0131zas\u0131 vard\u0131r. Kafas\u0131 bir kamera gibi g\u00f6rd\u00fc\u011f\u00fc her \u015feyi kaydeder. Ve &#8220;stop&#8221; d\u00fc\u011fmesi yoktur. Okulun en zeki \u00e7ocu\u011fudur ama bunu kimse bilmez&#8230; \u00c7\u00fcnk\u00fc Melody konu\u015famaz, y\u00fcr\u00fcyemez ve yazamaz&#8230; Ama bir g\u00fcn bir mucize olur! Melody kafas\u0131n\u0131n i\u00e7indeki sesi ke\u015ffeder&#8230; Sesini asla unutamayaca\u011f\u0131n\u0131z bu cesur k\u0131zla tan\u0131\u015fmaya haz\u0131r m\u0131s\u0131n\u0131z? \u0130ngiltere&#8217;nin sayg\u0131n edebiyat \u00f6d\u00fcllerinden Coratta Scott King \u00f6d\u00fcll\u00fc yazar Sharon M. Draper&#8217;dan h\u00fcz\u00fcn ve umut dolu soluksuz okunacak bir roman. &#8220;Cesur, s\u00fcr\u00fckleyici ve samimi bir hik\u00e2ye.&#8221; School Library Journal &#8220;G\u00f6z\u00fckara ve ger\u00e7ek\u00e7i&#8230;&#8221; Kirkus Review &#8220;\u0130lham verici! Bu hik\u00e2ye hepimizi birer aktivist haline getirebilir.&#8221; <\/p>\n","protected":false},"excerpt":{"rendered":"<p>11 ya\u015f\u0131ndaki Melody&#8217;nin fotografik haf\u0131zas\u0131 vard\u0131r. Kafas\u0131 bir kamera gibi g\u00f6rd\u00fc\u011f\u00fc her \u015feyi kaydeder. Ve &#8220;stop&#8221; d\u00fc\u011fmesi yoktur. Okulun en zeki \u00e7ocu\u011fudur ama bunu kimse bilmez&#8230;<span class=\"excerpt-hellip\"> [\u2026]<\/span><\/p>\n","protected":false},"featured_media":0,"template":"","meta":{"_monsterinsights_skip_tracking":false,"_monsterinsights_sitenote_active":false,"_monsterinsights_sitenote_note":"","_monsterinsights_sitenote_category":0},"product_brand":[],"product_cat":[12275,12274],"product_tag":[],"class_list":{"0":"post-742200","1":"product","2":"type-product","3":"status-publish","5":"product_cat-6-12-yas-kitaplari","6":"product_cat-cocuk-ve-genclik-kitaplari","7":"pa_cilt-ciltsiz","8":"pa_tur-kitap","9":"pa_yayinevi-genc-timas","10":"pa_yazar-sharon-m-draper","12":"first","13":"instock","14":"sale","15":"shipping-taxable","16":"purchasable","17":"product-type-simple"},"_links":{"self":[{"href":"https:\/\/roveyayinevi.com.tr\/index.php\/wp-json\/wp\/v2\/product\/742200","targetHints":{"allow":["GET"]}}],"collection":[{"href":"https:\/\/roveyayinevi.com.tr\/index.php\/wp-json\/wp\/v2\/product"}],"about":[{"href":"https:\/\/roveyayinevi.com.tr\/index.php\/wp-json\/wp\/v2\/types\/product"}],"wp:attachment":[{"href":"https:\/\/roveyayinevi.com.tr\/index.php\/wp-json\/wp\/v2\/media?parent=742200"}],"wp:term":[{"taxonomy":"product_brand","embeddable":true,"href":"https:\/\/roveyayinevi.com.tr\/index.php\/wp-json\/wp\/v2\/product_brand?post=742200"},{"taxonomy":"product_cat","embeddable":true,"href":"https:\/\/roveyayinevi.com.tr\/index.php\/wp-json\/wp\/v2\/product_cat?post=742200"},{"taxonomy":"product_tag","embeddable":true,"href":"https:\/\/roveyayinevi.com.tr\/index.php\/wp-json\/wp\/v2\/product_tag?post=742200"}],"curies":[{"name":"wp","href":"https:\/\/api.w.org\/{rel}","templated":true}]}}