{"id":742197,"date":"2025-08-28T01:06:17","date_gmt":"2025-08-27T22:06:17","guid":{"rendered":"https:\/\/roveyayinevi.com.tr\/index.php\/urun\/mirza-sahruh\/"},"modified":"2026-04-16T02:53:21","modified_gmt":"2026-04-15T23:53:21","slug":"mirza-sahruh","status":"publish","type":"product","link":"https:\/\/roveyayinevi.com.tr\/index.php\/urun\/mirza-sahruh\/","title":{"rendered":"Mirza \u015eahruh"},"content":{"rendered":"<p>Mirza \u015eahruh; Timurlular devrinin \u00fc\u00e7\u00fcnc\u00fc h\u00fck\u00fcmdar\u0131d\u0131r. Timur\u2019un o\u011flu olarak sa\u011fl\u0131\u011f\u0131nda merkez Herat olmak \u00fczere Horasan b\u00f6lgesini idare etmi\u015ftir. Ankara Sava\u015f\u0131\u2019na sol cenah komutan\u0131 olarak kat\u0131lm\u0131\u015ft\u0131r. Timur seferdeyken Semerkand\u2019\u0131n y\u00f6netimi ona b\u0131rak\u0131lm\u0131\u015ft\u0131r. Babas\u0131n\u0131n \u00f6l\u00fcm\u00fcnden sonra sahneye \u00e7\u0131kan \u00f6teki mirzalar\u0131n dirayetsizli\u011fi ile sayg\u0131n beglerin bile Timur\u2019un vasiyetine uymayarak kendisini desteklemeleri sayesinde hakimiyet m\u00fccadelesi ba\u015far\u0131yla sonu\u00e7lanm\u0131\u015f, uzun y\u0131llar saltanat makam\u0131nda kalm\u0131\u015ft\u0131r. Girdi\u011fi b\u00fct\u00fcn sava\u015flardan galip \u00e7\u0131kan ve i\u00e7 m\u00fccadeleleri sonland\u0131ran \u015eahruh, Timurlular devletinin 40 y\u0131l daha devam etmesini sa\u011flam\u0131\u015ft\u0131r. Uzun s\u00fcren h\u00fck\u00fcmdarl\u0131\u011f\u0131nda \u00fclkenin pek \u00e7ok merkezinde k\u00fclt\u00fcr, sanat ve bilim alan\u0131nda \u00f6nemli geli\u015fmeler kaydedilmi\u015ftir. Tarih\u00e7iler taraf\u0131ndan dindar ve bar\u0131\u015f yanl\u0131s\u0131 bir h\u00fck\u00fcmdar olarak g\u00f6sterilen \u015eahruh; Buhara ve Semerkand\u2019daki \u00f6nemli din adamlar\u0131yla olan ili\u015fkisini daima kuvvetli tutarak h\u00fck\u00fcmdarl\u0131\u011f\u0131n\u0131 sa\u011flamla\u015ft\u0131rm\u0131\u015ft\u0131r. Sefere \u00e7\u0131karken ya da avlanma maksad\u0131yla Herat\u2019tan ayr\u0131ld\u0131\u011f\u0131nda mukaddes yerleri daima ziyaret etmi\u015f ve oralarda ya\u015fayan insanlar taraf\u0131ndan b\u00fcy\u00fck h\u00fcrmet g\u00f6rm\u00fc\u015ft\u00fcr.\u0130slam d\u00fcnyas\u0131nda tek bilgin-h\u00fck\u00fcmdar olarak \u015f\u00f6hret kazanan \u015eahruh\u2019un o\u011flu Ulu\u011f Bey de bu d\u00f6neme renk katan simalardan birisidir. Bu d\u00f6nemde minyat\u00fcr ve hat sanat\u0131nda Tebrizli Cafer, G\u0131yaseddin Nakka\u015f, Halil Musavvir; mimaride K\u0131vam\u00fcddin, musikide Abd\u00fclkadir-i Merag\u00ee, Endicanl\u0131 Yusuf, tarih yaz\u0131m\u0131nda H\u00e2f\u0131z-\u0131 Ebr\u00fb, \u015eerefeddin Ali Yezd\u00ee ve tezkirelerde say\u0131s\u0131 y\u00fczleri a\u015fan \u015fairleri ile Herat; ayr\u0131ca Ulu\u011f Bey\u2019in ba\u015fkanl\u0131\u011f\u0131nda Kad\u0131zade-i Rum\u00ee, G\u0131yaseddin Cem\u015fid ve Ali Ku\u015f\u00e7u\u2019nun astronomi ve matematik alan\u0131nda y\u00fcr\u00fctt\u00fc\u011f\u00fc \u00e7al\u0131\u015fmalarla Semerkand; Do\u011fu d\u00fcnyas\u0131n\u0131 her anlamda zenginle\u015ftirmi\u015ftir. Bu zenginlik bilim d\u00fcnyas\u0131nda \u201cTimurlu R\u00f6nesans\u0131\u201d olarak yorumlanm\u0131\u015ft\u0131r.Duayen tarih\u00e7i Prof. Dr. \u0130smail Aka\u2019n\u0131n Fars\u00e7a ve Arap\u00e7a kaynaklar\u0131 kar\u015f\u0131la\u015ft\u0131rarak son derece ak\u0131c\u0131 bir \u00fcslupla kaleme ald\u0131\u011f\u0131 Mirza \u015eahruh; T\u00fcrk tarihinin her y\u00f6nden \u00e7ok zengin bir d\u00f6nemi olan 15. y\u00fczy\u0131la dair rehber kitap niteli\u011fi ta\u015f\u0131yor. <\/p>\n","protected":false},"excerpt":{"rendered":"<p>Mirza \u015eahruh; Timurlular devrinin \u00fc\u00e7\u00fcnc\u00fc h\u00fck\u00fcmdar\u0131d\u0131r. Timur\u2019un o\u011flu olarak sa\u011fl\u0131\u011f\u0131nda merkez Herat olmak \u00fczere Horasan b\u00f6lgesini idare etmi\u015ftir. Ankara Sava\u015f\u0131\u2019na sol cenah komutan\u0131 olarak kat\u0131lm\u0131\u015ft\u0131r. Timur<span class=\"excerpt-hellip\"> [\u2026]<\/span><\/p>\n","protected":false},"featured_media":0,"template":"","meta":{"_monsterinsights_skip_tracking":false,"_monsterinsights_sitenote_active":false,"_monsterinsights_sitenote_note":"","_monsterinsights_sitenote_category":0},"product_brand":[],"product_cat":[12305,12304],"product_tag":[],"class_list":{"0":"post-742197","1":"product","2":"type-product","3":"status-publish","5":"product_cat-dunya-tarihi","6":"product_cat-tarih","7":"pa_cilt-ciltsiz","8":"pa_tur-kitap","9":"pa_yayinevi-kronik-kitap","10":"pa_yazar-ismail-aka","12":"first","13":"instock","14":"sale","15":"shipping-taxable","16":"purchasable","17":"product-type-simple"},"_links":{"self":[{"href":"https:\/\/roveyayinevi.com.tr\/index.php\/wp-json\/wp\/v2\/product\/742197","targetHints":{"allow":["GET"]}}],"collection":[{"href":"https:\/\/roveyayinevi.com.tr\/index.php\/wp-json\/wp\/v2\/product"}],"about":[{"href":"https:\/\/roveyayinevi.com.tr\/index.php\/wp-json\/wp\/v2\/types\/product"}],"wp:attachment":[{"href":"https:\/\/roveyayinevi.com.tr\/index.php\/wp-json\/wp\/v2\/media?parent=742197"}],"wp:term":[{"taxonomy":"product_brand","embeddable":true,"href":"https:\/\/roveyayinevi.com.tr\/index.php\/wp-json\/wp\/v2\/product_brand?post=742197"},{"taxonomy":"product_cat","embeddable":true,"href":"https:\/\/roveyayinevi.com.tr\/index.php\/wp-json\/wp\/v2\/product_cat?post=742197"},{"taxonomy":"product_tag","embeddable":true,"href":"https:\/\/roveyayinevi.com.tr\/index.php\/wp-json\/wp\/v2\/product_tag?post=742197"}],"curies":[{"name":"wp","href":"https:\/\/api.w.org\/{rel}","templated":true}]}}