{"id":742194,"date":"2025-08-28T01:06:14","date_gmt":"2025-08-27T22:06:14","guid":{"rendered":"https:\/\/roveyayinevi.com.tr\/index.php\/urun\/leonardo-da-vinci-6\/"},"modified":"2026-04-16T02:53:21","modified_gmt":"2026-04-15T23:53:21","slug":"leonardo-da-vinci-6","status":"publish","type":"product","link":"https:\/\/roveyayinevi.com.tr\/index.php\/urun\/leonardo-da-vinci-6\/","title":{"rendered":"Leonardo Da Vinci"},"content":{"rendered":"<p>R\u00f6nesans\u2019\u0131n b\u00fcy\u00fck ismi Leonardo da Vinci bug\u00fcn daha \u00e7ok Mona Lisa, Son Ak\u015fam Yeme\u011fi veya Kayal\u0131klar Madonnas\u0131 gibi resimleriyle \u00f6n planda olsa da asl\u0131nda bir ressamdan daha fazlas\u0131d\u0131r. Ku\u015flar\u0131n u\u00e7u\u015flar\u0131n\u0131 g\u00f6zlemleyip aerodinamik yap\u0131lar\u0131n\u0131 inceleyerek u\u00e7an bir makine \u00fcreten bir mucit; sava\u015flarda d\u00fc\u015fmana kar\u015f\u0131 \u00fcst\u00fcnl\u00fck sa\u011flayacak \u00e7ok \u00e7e\u015fitli y\u0131k\u0131m silahlar\u0131 ve ula\u015f\u0131m ara\u00e7lar\u0131 tasarlayan bir m\u00fchendis; binalar, yollar, k\u00f6pr\u00fcler ve kale savunma sistemleri tasarlayan bir mimar; gizlice morga girerek kadavralar \u00fczerinde anatomi \u00e7al\u0131\u015fan bir merakl\u0131\u2026 Her konu ilgi alan\u0131na giriyordu. Cebir, geometri, perspektif, hidrolik, botanik, in\u015faat bilimi, optik, askerlik sanat\u0131, mekanik bilimi, t\u0131p\u2026 Doymak bilmez bilgi a\u00e7l\u0131\u011f\u0131 onu s\u00fcrekli okumaya ve yazmaya sevk ediyordu. Tek hocas\u0131 ve yol g\u00f6stericisi merak\u0131yd\u0131. Daha gen\u00e7li\u011finde dehas\u0131 ke\u015ffedildi, takdir edildi. \u00d6mr\u00fcn\u00fcn son demlerine kadar sanat\u0131n\u0131n ve ustal\u0131\u011f\u0131n\u0131n k\u0131ymetini bilen isimlerin l\u00fctfunu g\u00f6rd\u00fc. Hatta 1516 Fransa Kral\u0131 I. Fran\u00e7ois bizzat gelerek kendisini Fransa\u2019ya davet etti, onu hizmetine ald\u0131. Bu \u015f\u00f6hretine ra\u011fmen Leonardo hep \u015fatafattan uzak ya\u015fad\u0131, konforun merak\u0131n\u0131 k\u00f6reltmesine, \u00e7al\u0131\u015fmalar\u0131na ket vurmas\u0131na izin vermedi. Peki ama Leonardo da Vinci\u2019nin ya\u015fam\u0131 nas\u0131ld\u0131? Bruno Nardini elinizdeki kitapta b\u00fcy\u00fck ustan\u0131n ya\u015fam\u0131n\u0131 okunmas\u0131 rahat, zevkli bir \u00fcslupla sunuyor. Ailevi arka plan\u0131ndan eserlerini haz\u0131rlama s\u00fcre\u00e7lerine, \u00e7evresindeki insanlarla ili\u015fkilerinden merak\u0131n\u0131 tutkulu bir \u015fekilde rehber edinmesine kadar Nardini, Leonardo\u2019nun 67 y\u0131ll\u0131k \u00f6mr\u00fcn\u00fc, her biri ustan\u0131n farkl\u0131 bir y\u00f6n\u00fcn\u00fc a\u00e7\u0131\u011fa \u00e7\u0131karan anekdotlarla aktar\u0131yor. Kemal Atakay\u2019\u0131n T\u00fcrk\u00e7eye yetkin \u00e7evirisiyle Leonardo da Vinci: Bir Ustan\u0131n Portresi siyasi karga\u015fan\u0131n, iktidar \u00e7eki\u015fmelerinin, din\u00ee yap\u0131lar ile halk\u0131n aras\u0131nda etraf\u0131ndaki d\u00fcnyay\u0131 anlamaya ve anlamland\u0131rmaya \u00e7al\u0131\u015fan Leonardo da Vinci\u2019nin canl\u0131 bir portresini \u00e7iziyor.   <\/p>\n","protected":false},"excerpt":{"rendered":"<p>R\u00f6nesans\u2019\u0131n b\u00fcy\u00fck ismi Leonardo da Vinci bug\u00fcn daha \u00e7ok Mona Lisa, Son Ak\u015fam Yeme\u011fi veya Kayal\u0131klar Madonnas\u0131 gibi resimleriyle \u00f6n planda olsa da asl\u0131nda bir ressamdan<span class=\"excerpt-hellip\"> [\u2026]<\/span><\/p>\n","protected":false},"featured_media":0,"template":"","meta":{"_monsterinsights_skip_tracking":false,"_monsterinsights_sitenote_active":false,"_monsterinsights_sitenote_note":"","_monsterinsights_sitenote_category":0},"product_brand":[],"product_cat":[12305,12304],"product_tag":[],"class_list":{"0":"post-742194","1":"product","2":"type-product","3":"status-publish","5":"product_cat-dunya-tarihi","6":"product_cat-tarih","7":"pa_cilt-ciltsiz","8":"pa_tur-kitap","9":"pa_yayinevi-kronik-kitap","10":"pa_yazar-bruno-nardini","12":"first","13":"instock","14":"sale","15":"shipping-taxable","16":"purchasable","17":"product-type-simple"},"_links":{"self":[{"href":"https:\/\/roveyayinevi.com.tr\/index.php\/wp-json\/wp\/v2\/product\/742194","targetHints":{"allow":["GET"]}}],"collection":[{"href":"https:\/\/roveyayinevi.com.tr\/index.php\/wp-json\/wp\/v2\/product"}],"about":[{"href":"https:\/\/roveyayinevi.com.tr\/index.php\/wp-json\/wp\/v2\/types\/product"}],"wp:attachment":[{"href":"https:\/\/roveyayinevi.com.tr\/index.php\/wp-json\/wp\/v2\/media?parent=742194"}],"wp:term":[{"taxonomy":"product_brand","embeddable":true,"href":"https:\/\/roveyayinevi.com.tr\/index.php\/wp-json\/wp\/v2\/product_brand?post=742194"},{"taxonomy":"product_cat","embeddable":true,"href":"https:\/\/roveyayinevi.com.tr\/index.php\/wp-json\/wp\/v2\/product_cat?post=742194"},{"taxonomy":"product_tag","embeddable":true,"href":"https:\/\/roveyayinevi.com.tr\/index.php\/wp-json\/wp\/v2\/product_tag?post=742194"}],"curies":[{"name":"wp","href":"https:\/\/api.w.org\/{rel}","templated":true}]}}