{"id":742193,"date":"2025-08-28T01:06:14","date_gmt":"2025-08-27T22:06:14","guid":{"rendered":"https:\/\/roveyayinevi.com.tr\/index.php\/urun\/superman-klani-dagitiyor\/"},"modified":"2026-04-16T02:53:21","modified_gmt":"2026-04-15T23:53:21","slug":"superman-klani-dagitiyor","status":"publish","type":"product","link":"https:\/\/roveyayinevi.com.tr\/index.php\/urun\/superman-klani-dagitiyor\/","title":{"rendered":"Superman Klan\u2019\u0131 Da\u011f\u0131t\u0131yor"},"content":{"rendered":"<p>1946 y\u0131l\u0131. Gen\u00e7 ya\u015ftaki Roberta ve Tommy Lee, aileleriyle birlikte \u00c7in  Mahallesi\u2019nden \u00fcnl\u00fc kahraman Superman\u2019in \u015fehri Metropolis\u2019in merkezine ta\u015f\u0131n\u0131yor. Roberta evde kalmay\u0131 tercih ederken Tommy d\u0131\u015far\u0131da h\u0131zla arkada\u015f ediniyor. Daha sonraysa aile, bir gece uyand\u0131\u011f\u0131nda Yanan Ha\u00e7 Klan\u0131\u2019n\u0131n evlerini ku\u015fatt\u0131\u011f\u0131n\u0131 g\u00f6r\u00fcyor! Superman duruma m\u00fcdahale ediyor ancak gizemli bir ye\u015fil ta\u015fa maruz kald\u0131\u011f\u0131 i\u00e7in zay\u0131f durumda. Roberta ve Tommy, Superman\u2019in Klan\u2019\u0131 da\u011f\u0131tmas\u0131na yard\u0131m edebilecek mi?<\/p>\n","protected":false},"excerpt":{"rendered":"<p>1946 y\u0131l\u0131. Gen\u00e7 ya\u015ftaki Roberta ve Tommy Lee, aileleriyle birlikte \u00c7in Mahallesi\u2019nden \u00fcnl\u00fc kahraman Superman\u2019in \u015fehri Metropolis\u2019in merkezine ta\u015f\u0131n\u0131yor. Roberta evde kalmay\u0131 tercih ederken Tommy d\u0131\u015far\u0131da<span class=\"excerpt-hellip\"> [\u2026]<\/span><\/p>\n","protected":false},"featured_media":0,"template":"","meta":{"_monsterinsights_skip_tracking":false,"_monsterinsights_sitenote_active":false,"_monsterinsights_sitenote_note":"","_monsterinsights_sitenote_category":0},"product_brand":[],"product_cat":[46349,13527],"product_tag":[],"class_list":{"0":"post-742193","1":"product","2":"type-product","3":"status-publish","5":"product_cat-cizgi-roman-sureli-yayinlar","6":"product_cat-sureli-yayinlar","7":"pa_cilt-ciltsiz","8":"pa_tur-kitap","9":"pa_yayinevi-epsilon-yayinlari","10":"pa_yazar-geneluen-yang","12":"first","13":"instock","14":"sale","15":"shipping-taxable","16":"purchasable","17":"product-type-simple"},"_links":{"self":[{"href":"https:\/\/roveyayinevi.com.tr\/index.php\/wp-json\/wp\/v2\/product\/742193","targetHints":{"allow":["GET"]}}],"collection":[{"href":"https:\/\/roveyayinevi.com.tr\/index.php\/wp-json\/wp\/v2\/product"}],"about":[{"href":"https:\/\/roveyayinevi.com.tr\/index.php\/wp-json\/wp\/v2\/types\/product"}],"wp:attachment":[{"href":"https:\/\/roveyayinevi.com.tr\/index.php\/wp-json\/wp\/v2\/media?parent=742193"}],"wp:term":[{"taxonomy":"product_brand","embeddable":true,"href":"https:\/\/roveyayinevi.com.tr\/index.php\/wp-json\/wp\/v2\/product_brand?post=742193"},{"taxonomy":"product_cat","embeddable":true,"href":"https:\/\/roveyayinevi.com.tr\/index.php\/wp-json\/wp\/v2\/product_cat?post=742193"},{"taxonomy":"product_tag","embeddable":true,"href":"https:\/\/roveyayinevi.com.tr\/index.php\/wp-json\/wp\/v2\/product_tag?post=742193"}],"curies":[{"name":"wp","href":"https:\/\/api.w.org\/{rel}","templated":true}]}}