{"id":742192,"date":"2025-08-28T01:06:13","date_gmt":"2025-08-27T22:06:13","guid":{"rendered":"https:\/\/roveyayinevi.com.tr\/index.php\/urun\/turkiyenin-siyasal-gelismeleri-1876-1923\/"},"modified":"2026-04-16T02:53:21","modified_gmt":"2026-04-15T23:53:21","slug":"turkiyenin-siyasal-gelismeleri-1876-1923","status":"publish","type":"product","link":"https:\/\/roveyayinevi.com.tr\/index.php\/urun\/turkiyenin-siyasal-gelismeleri-1876-1923\/","title":{"rendered":"T\u00fcrkiye\u2019nin Siyasal Geli\u015fmeleri (1876-1923)"},"content":{"rendered":"<p>\u201cT\u00fcrkiye, 19. y\u00fczy\u0131l\u0131n son \u00e7eyre\u011fine bir imparatorluk yap\u0131s\u0131 ve me\u015frutiyet rejimiyle girdi. Yeni y\u00f6netim anlay\u0131\u015f\u0131 t\u00f6kezlemelere ra\u011fmen M\u00fctareke\u2019ye kadar ya\u015famaya devam etti. Bu idarenin en b\u00fcy\u00fck miras\u0131, Meclis-i Mebusan\u2019\u0131n TBMM\u2019ye evrili\u015fi olmu\u015ftur. Bu birikim Anadolu \u0130htilali ve TBMM rejimine ge\u00e7i\u015fin yolunu a\u00e7m\u0131\u015ft\u0131r. Bug\u00fcnk\u00fc T\u00fcrkiye, h\u00e2kimiyetin millette oldu\u011funu ilan eden Birinci Meclis ve 1921 Anayasas\u0131\u2019n\u0131n miras\u00e7\u0131s\u0131d\u0131r.\u201d Prof. Dr. R\u0131dvan Ak\u0131n   T\u00fcrkiye\u2019nin Siyasal Geli\u015fmeleri\u2019nde Prof. Dr. R\u0131dvan Ak\u0131n, 1876\u2019dan 2018\u2019e kadar s\u00fcren yakla\u015f\u0131k y\u00fcz elli y\u0131ll\u0131k siyasal geli\u015fmeleri y\u00fczlerce kaynak \u0131\u015f\u0131\u011f\u0131nda titiz bir \u00e7al\u0131\u015fmayla iki cilt halinde okura sunuyor. \u00c7al\u0131\u015fman\u0131n ilk cildinde, I. Me\u015frutiyet\u2019in ilan\u0131ndan Lozan Bar\u0131\u015f Antla\u015fmas\u0131\u2019na kadar olan (1876-1923) siyasal geli\u015fmeler, sava\u015flar, krizler ve at\u0131lan ad\u0131mlar kronolojik olarak belgeleriyle birlikte ele al\u0131n\u0131yor. Anadolu \u0130htilali ve Birinci Meclis\u2019in hangi ko\u015fullar alt\u0131nda do\u011fdu\u011fu ve modern T\u00fcrkiye\u2019nin temellerinin nas\u0131l at\u0131ld\u0131\u011f\u0131 ayr\u0131nt\u0131lar\u0131yla inceleniyor. Osmanl\u0131 Devleti\u2019nin ya\u015fad\u0131\u011f\u0131 i\u00e7 ve d\u0131\u015f sorunlara \u00e7\u00f6z\u00fcm bulmak amac\u0131yla giri\u015fti\u011fi reform s\u00fcreciyle birlikte, I. ve II. Me\u015frutiyet d\u00f6nemlerinde ya\u015fanan genel siyasi durum, parlamento-h\u00fck\u00fcmet ili\u015fkilerinin ge\u00e7irdi\u011fi evrim ile Birinci Meclis d\u00f6neminde in\u015fa edilen siyasal rejim ve halk\u0131n i\u00e7inde bulundu\u011fu sosyoekonomik duruma kadar pek \u00e7ok konu derinlemesine yorumlan\u0131yor.     T\u00fcrkiye\u2019nin Siyasal Geli\u015fmeleri, T\u00fcrkiye\u2019nin yak\u0131n tarihine ilgi duyan herkes i\u00e7in \u00f6nemli bir kaynak eser.<\/p>\n","protected":false},"excerpt":{"rendered":"<p>\u201cT\u00fcrkiye, 19. y\u00fczy\u0131l\u0131n son \u00e7eyre\u011fine bir imparatorluk yap\u0131s\u0131 ve me\u015frutiyet rejimiyle girdi. Yeni y\u00f6netim anlay\u0131\u015f\u0131 t\u00f6kezlemelere ra\u011fmen M\u00fctareke\u2019ye kadar ya\u015famaya devam etti. Bu idarenin en b\u00fcy\u00fck<span class=\"excerpt-hellip\"> [\u2026]<\/span><\/p>\n","protected":false},"featured_media":0,"template":"","meta":{"_monsterinsights_skip_tracking":false,"_monsterinsights_sitenote_active":false,"_monsterinsights_sitenote_note":"","_monsterinsights_sitenote_category":0},"product_brand":[],"product_cat":[12304,13650],"product_tag":[],"class_list":{"0":"post-742192","1":"product","2":"type-product","3":"status-publish","5":"product_cat-tarih","6":"product_cat-turk-tarihi-arastirmalari","7":"pa_cilt-ciltsiz","8":"pa_tur-kitap","9":"pa_yayinevi-nora-kitap","10":"pa_yazar-ridvan-akin","12":"first","13":"instock","14":"sale","15":"shipping-taxable","16":"purchasable","17":"product-type-simple"},"_links":{"self":[{"href":"https:\/\/roveyayinevi.com.tr\/index.php\/wp-json\/wp\/v2\/product\/742192","targetHints":{"allow":["GET"]}}],"collection":[{"href":"https:\/\/roveyayinevi.com.tr\/index.php\/wp-json\/wp\/v2\/product"}],"about":[{"href":"https:\/\/roveyayinevi.com.tr\/index.php\/wp-json\/wp\/v2\/types\/product"}],"wp:attachment":[{"href":"https:\/\/roveyayinevi.com.tr\/index.php\/wp-json\/wp\/v2\/media?parent=742192"}],"wp:term":[{"taxonomy":"product_brand","embeddable":true,"href":"https:\/\/roveyayinevi.com.tr\/index.php\/wp-json\/wp\/v2\/product_brand?post=742192"},{"taxonomy":"product_cat","embeddable":true,"href":"https:\/\/roveyayinevi.com.tr\/index.php\/wp-json\/wp\/v2\/product_cat?post=742192"},{"taxonomy":"product_tag","embeddable":true,"href":"https:\/\/roveyayinevi.com.tr\/index.php\/wp-json\/wp\/v2\/product_tag?post=742192"}],"curies":[{"name":"wp","href":"https:\/\/api.w.org\/{rel}","templated":true}]}}