{"id":742191,"date":"2025-08-28T01:06:12","date_gmt":"2025-08-27T22:06:12","guid":{"rendered":"https:\/\/roveyayinevi.com.tr\/index.php\/urun\/aksaray-guzelyurt-manastir-ve-kilise-binalari\/"},"modified":"2026-04-16T02:53:21","modified_gmt":"2026-04-15T23:53:21","slug":"aksaray-guzelyurt-manastir-ve-kilise-binalari","status":"publish","type":"product","link":"https:\/\/roveyayinevi.com.tr\/index.php\/urun\/aksaray-guzelyurt-manastir-ve-kilise-binalari\/","title":{"rendered":"Aksaray G\u00fczelyurt Manast\u0131r ve Kilise Binalar\u0131"},"content":{"rendered":"<p>Anadolu\u2019daki Bizans kentlerinin ortak kaderi zaman\u0131n ve insan\u0131n y\u0131prat\u0131c\u0131 etkisine maruz kalmalar\u0131 sebebiyle \u00f6zg\u00fcn karakterlerini koruyamamalar\u0131d\u0131r. Siyasi geli\u015fmelere ba\u011fl\u0131 olarak \u00f6nemini yitirebilen veya s\u00fcre\u00e7 i\u00e7erisinde metruk vaziyetiyle harabe toplulu\u011funa d\u00f6n\u00fc\u015fen yerle\u015fim birimlerinin \u00fczerine yeni binalar\u0131n in\u015fas\u0131, ge\u00e7mi\u015fin k\u00fclt\u00fcr\u00fcn\u00fc ve sanat\u0131n\u0131 idrak etmemizi zorla\u015ft\u0131ran fakt\u00f6rler aras\u0131nda ilk akla gelenlerdendir. Bu sebeple asl\u00ee halini nispeten iyi koruyabilmi\u015f yerle\u015fkelerin \u00f6zenle korunmas\u0131n\u0131n \u00f6nemi daha da iyi anla\u015f\u0131lmal\u0131d\u0131r. Kapadokya b\u00f6lgesinde yer alan Aksaray\u2019\u0131n G\u00fczelyurt \u0130l\u00e7esi de bu \u00e7er\u00e7evede Orta\u00e7a\u011f\u2019ait \u00f6zg\u00fcn dokusunu olduk\u00e7a iyi muhafaza eden bir yerle\u015fimdir. Ortodoks inanc\u0131n\u0131n temellerini atan kilise babalar\u0131ndan biri olan Kapadokya\u2019l\u0131 Hagios Gregorios Theologos Nazianzos\u2019un da bu havalide yeti\u015fmesi sebebiyle G\u00fczelyurt\u2019un dini bak\u0131mdan \u00f6nemi artm\u0131\u015f, Bizans d\u00f6nemi sanat\u0131 ve mimarisini yans\u0131tan \u00f6nemli eserler in\u015fa edilmi\u015ftir. T\u00fcrk h\u00e2kimiyetinde b\u00fcy\u00fck \u00e7o\u011funlu\u011fu hristiyan olan kent pop\u00fcl\u00e2syonunun de\u011fi\u015fikli\u011fe u\u011framamas\u0131, ayr\u0131ca daha ge\u00e7 devirde gelen T\u00fcrk n\u00fcfusun Yukar\u0131 Mahalle\u2019yi kurarak \u00f6zg\u00fcn dokuya m\u00fcdahale etmemesi, m\u00fcbadeleye kadar buradaki eserlerin bir \u015fekilde devam eden i\u015flevi Bizans d\u00f6nemi eserlerinin muhafazas\u0131nda etkili olmu\u015ftur. Bu bak\u0131mdan Bizans sanat\u0131n\u0131n Orta Anadolu\u2019ya has mahall\u00ee karakterini, manast\u0131r hayat\u0131n\u0131 ve yap\u0131 repertuar\u0131n\u0131n bir k\u0131sm\u0131n\u0131 b\u00fct\u00fcnc\u00fcl bir bak\u0131\u015f a\u00e7\u0131s\u0131yla tek bir il\u00e7edeki k\u00fclt\u00fcrel miras \u00fczerinden okuyabilmek olduk\u00e7a \u00f6zel ve heyecan vericidir. T\u00fcrk idaresinde eserlerin i\u015flevini kaybetmemesi sebebiyle s\u00f6z konusu mimari dokunun s\u00fcrd\u00fcr\u00fclebilir aktar\u0131m\u0131, ho\u015fg\u00f6r\u00fc \u00e7er\u00e7evesinde sanatsal ve k\u00fclt\u00fcrel birlikteli\u011fin fiz\u00eeki bir kan\u0131t\u0131 halinde yorumlanmal\u0131d\u0131r.<\/p>\n","protected":false},"excerpt":{"rendered":"<p>Anadolu\u2019daki Bizans kentlerinin ortak kaderi zaman\u0131n ve insan\u0131n y\u0131prat\u0131c\u0131 etkisine maruz kalmalar\u0131 sebebiyle \u00f6zg\u00fcn karakterlerini koruyamamalar\u0131d\u0131r. Siyasi geli\u015fmelere ba\u011fl\u0131 olarak \u00f6nemini yitirebilen veya s\u00fcre\u00e7 i\u00e7erisinde metruk<span class=\"excerpt-hellip\"> [\u2026]<\/span><\/p>\n","protected":false},"featured_media":0,"template":"","meta":{"_monsterinsights_skip_tracking":false,"_monsterinsights_sitenote_active":false,"_monsterinsights_sitenote_note":"","_monsterinsights_sitenote_category":0},"product_brand":[],"product_cat":[52477,52478],"product_tag":[],"class_list":{"0":"post-742191","1":"product","2":"type-product","3":"status-publish","5":"product_cat-arastirma","6":"product_cat-arkeoloji","7":"pa_cilt-ciltsiz","8":"pa_tur-kitap","9":"pa_yayinevi-bilgin-kultur-sanat","10":"pa_yazar-serkan-sunay","12":"first","13":"instock","14":"sale","15":"shipping-taxable","16":"purchasable","17":"product-type-simple"},"_links":{"self":[{"href":"https:\/\/roveyayinevi.com.tr\/index.php\/wp-json\/wp\/v2\/product\/742191","targetHints":{"allow":["GET"]}}],"collection":[{"href":"https:\/\/roveyayinevi.com.tr\/index.php\/wp-json\/wp\/v2\/product"}],"about":[{"href":"https:\/\/roveyayinevi.com.tr\/index.php\/wp-json\/wp\/v2\/types\/product"}],"wp:attachment":[{"href":"https:\/\/roveyayinevi.com.tr\/index.php\/wp-json\/wp\/v2\/media?parent=742191"}],"wp:term":[{"taxonomy":"product_brand","embeddable":true,"href":"https:\/\/roveyayinevi.com.tr\/index.php\/wp-json\/wp\/v2\/product_brand?post=742191"},{"taxonomy":"product_cat","embeddable":true,"href":"https:\/\/roveyayinevi.com.tr\/index.php\/wp-json\/wp\/v2\/product_cat?post=742191"},{"taxonomy":"product_tag","embeddable":true,"href":"https:\/\/roveyayinevi.com.tr\/index.php\/wp-json\/wp\/v2\/product_tag?post=742191"}],"curies":[{"name":"wp","href":"https:\/\/api.w.org\/{rel}","templated":true}]}}