{"id":742189,"date":"2025-08-28T01:06:10","date_gmt":"2025-08-27T22:06:10","guid":{"rendered":"https:\/\/roveyayinevi.com.tr\/index.php\/urun\/cocukluk-3\/"},"modified":"2026-04-03T02:57:29","modified_gmt":"2026-04-02T23:57:29","slug":"cocukluk-3","status":"publish","type":"product","link":"https:\/\/roveyayinevi.com.tr\/index.php\/urun\/cocukluk-3\/","title":{"rendered":"\u00c7ocukluk"},"content":{"rendered":"<p>\u201cHayat\u0131m\u0131n ilk y\u0131llar\u0131nda beni y\u00f6nlendiren \u015fey: korku, deh\u015fet. Narin ellerin, kaba ellerden ayr\u0131 \u015feyler oldu\u011funu tan\u0131mlamaya ba\u015flad\u0131\u011f\u0131mda, yava\u015f yava\u015f benim i\u00e7in itaat ve sayg\u0131 \u00e7a\u011fr\u0131\u015ft\u0131ran nesnelere d\u00f6n\u00fc\u015f\u00fcyorlar. Bu ellere al\u0131\u015ft\u0131m ve hatta onlar\u0131 sevdim. Bana asla sevgi dolu davranmad\u0131lar ama bazen g\u00f6zya\u015flar\u0131mla \u0131sland\u0131lar ve korkular\u0131m\u0131 dindirdiler. Kaba eller \u00e7ok ha\u015findiler ama onlar\u0131n da arada yumu\u015fad\u0131\u011f\u0131 olurdu. Onlar\u0131 y\u00f6neten o g\u00fcmb\u00fcr g\u00fcmb\u00fcr ses ac\u0131l\u0131\u011f\u0131n\u0131 yitirirdi. \u0130\u00e7i bo\u015f bir kahkaha duyulurdu; o zaman her k\u00f6\u015fede saklanan korkular kaybolurdu. Ve biraz huzura kavu\u015furduk biz, zavall\u0131 yarat\u0131klar: k\u00f6pekler, bir \u00e7ift afacan zenci, iki k\u0131z karde\u015fim ve tabii ben.\u201d \u00c7ocukluk edebiyatta \u201cb\u00f6lgeselcilik\u201d ak\u0131m\u0131n\u0131n temsilcilerinden olan Graciliana Ramos\u2019un 1945\u2019te yay\u0131mlanan biyografik roman\u0131d\u0131r. Yazar, Brezilyal\u0131 edebiyat ele\u015ftirmenleri taraf\u0131ndan kuzeydo\u011fu b\u00f6lgeselcili\u011finin en b\u00fcy\u00fck isimlerinden biri olarak kabul edilir. Ramos eserini Brezilya E\u011fitim Bakanl\u0131\u011f\u0131\u2019nda \u00e7al\u0131\u015ft\u0131\u011f\u0131 d\u00f6nemde kaleme al\u0131r; haf\u0131zas\u0131n\u0131n derinliklerine, \u00e7ocukluk an\u0131lar\u0131na ula\u015fmaya \u00e7al\u0131\u015fmas\u0131yla ba\u015flayan \u00c7ocukluk giderek belirginle\u015fen ki\u015filer, yerler ve detaylarla dikkatimizi, Ramos\u2019un i\u00e7 d\u00fcnyas\u0131ndan hik\u00e2yedeki olaylara \u00e7eker. Eser, okumay\u0131 s\u00f6kmeye \u00e7al\u0131\u015fan bir \u00e7ocu\u011fun ya\u015fad\u0131\u011f\u0131 g\u00fc\u00e7l\u00fc\u011f\u00fc ve bunun sebeplerini ortaya koyar; anlat\u0131mdaki sadelik, \u00e7ocu\u011fun kendi d\u00fcnyas\u0131n\u0131 ortaya koyma \u015fekli olarak sunulsa da eserin tamam\u0131na h\u00e2kimdir. Elinizdeki kitap Brezilya k\u0131rsal\u0131nda yoksulluk, e\u011fitimsizlik ve g\u00fcven duygusundan uzak ge\u00e7en bir \u00e7ocuklu\u011fu ve bu ko\u015fullarda gen\u00e7li\u011fe ad\u0131m atan Ramos\u2019un \u015fahit oldu\u011fu d\u00fcnyay\u0131 yans\u0131tmaktad\u0131r. <\/p>\n","protected":false},"excerpt":{"rendered":"<p>\u201cHayat\u0131m\u0131n ilk y\u0131llar\u0131nda beni y\u00f6nlendiren \u015fey: korku, deh\u015fet. Narin ellerin, kaba ellerden ayr\u0131 \u015feyler oldu\u011funu tan\u0131mlamaya ba\u015flad\u0131\u011f\u0131mda, yava\u015f yava\u015f benim i\u00e7in itaat ve sayg\u0131 \u00e7a\u011fr\u0131\u015ft\u0131ran nesnelere<span class=\"excerpt-hellip\"> [\u2026]<\/span><\/p>\n","protected":false},"featured_media":0,"template":"","meta":{"_monsterinsights_skip_tracking":false,"_monsterinsights_sitenote_active":false,"_monsterinsights_sitenote_note":"","_monsterinsights_sitenote_category":0},"product_brand":[],"product_cat":[12291,12711],"product_tag":[],"class_list":{"0":"post-742189","1":"product","2":"type-product","3":"status-publish","5":"product_cat-edebiyat","6":"product_cat-roman-oyku","7":"pa_cilt-ciltsiz","8":"pa_tur-kitap","9":"pa_yayinevi-vakifbank-kultur-yayinlari","10":"pa_yazar-graciliana-ramos","12":"first","13":"instock","14":"sale","15":"shipping-taxable","16":"purchasable","17":"product-type-simple"},"_links":{"self":[{"href":"https:\/\/roveyayinevi.com.tr\/index.php\/wp-json\/wp\/v2\/product\/742189","targetHints":{"allow":["GET"]}}],"collection":[{"href":"https:\/\/roveyayinevi.com.tr\/index.php\/wp-json\/wp\/v2\/product"}],"about":[{"href":"https:\/\/roveyayinevi.com.tr\/index.php\/wp-json\/wp\/v2\/types\/product"}],"wp:attachment":[{"href":"https:\/\/roveyayinevi.com.tr\/index.php\/wp-json\/wp\/v2\/media?parent=742189"}],"wp:term":[{"taxonomy":"product_brand","embeddable":true,"href":"https:\/\/roveyayinevi.com.tr\/index.php\/wp-json\/wp\/v2\/product_brand?post=742189"},{"taxonomy":"product_cat","embeddable":true,"href":"https:\/\/roveyayinevi.com.tr\/index.php\/wp-json\/wp\/v2\/product_cat?post=742189"},{"taxonomy":"product_tag","embeddable":true,"href":"https:\/\/roveyayinevi.com.tr\/index.php\/wp-json\/wp\/v2\/product_tag?post=742189"}],"curies":[{"name":"wp","href":"https:\/\/api.w.org\/{rel}","templated":true}]}}