{"id":742187,"date":"2025-08-28T01:06:08","date_gmt":"2025-08-27T22:06:08","guid":{"rendered":"https:\/\/roveyayinevi.com.tr\/index.php\/urun\/silivride-firavun-toreni\/"},"modified":"2026-04-16T02:53:21","modified_gmt":"2026-04-15T23:53:21","slug":"silivride-firavun-toreni","status":"publish","type":"product","link":"https:\/\/roveyayinevi.com.tr\/index.php\/urun\/silivride-firavun-toreni\/","title":{"rendered":"Silivri\u2019de Firavun T\u00f6reni"},"content":{"rendered":"<p>Y\u0131l 2007, Yer: ABD. T\u00fcrk General, \u00fcst d\u00fczey ABD\u2019li yetkililere \u00fc\u00e7 film izletti. Filmlerde ABD askerleriyle PKK\u2019l\u0131lar\u0131n a\u00e7\u0131k i\u015fbirli\u011fi g\u00f6r\u00fcl\u00fcyordu. T\u00fcrk General, bu ili\u015fkinin kabul edilemeyece\u011fini ve Irak\u2019\u0131n kuzeyinde bir devletin kurulmas\u0131na verdikleri deste\u011fin T\u00fcrkiye\u2019nin \u00e7\u0131karlar\u0131yla \u00e7eli\u015fti\u011fini s\u00f6yledi. General, bunun sonland\u0131r\u0131lmas\u0131 gerekti\u011fini net bir dille ifade etti. ABD\u2019li yetkililer \u015fa\u015f\u0131rm\u0131\u015ft\u0131. T\u00fcrk Generalin konu\u015fmas\u0131ndan sonra ABD\u2019li bir Senat\u00f6r yan\u0131na yakla\u015ft\u0131 ve \u015funlar\u0131 s\u00f6yledi: \u201cBu tutumunuzla \u00e7ok \u00e7etin bir yola girdiniz General. \u0130\u015finizin \u00e7ok zor oldu\u011funu s\u00f6yleyebilirim.\u201d Sonra m\u0131? Bak\u0131n o Generalin ba\u015f\u0131na \u00fc\u00e7 y\u0131l sonra neler geldi&#8230; Y\u0131l 2011. Tutuklanan Albay cezaevine giderken \u015f\u00f6yle hayk\u0131r\u0131yordu: \u201c\u00dclkemizde pusuya d\u00fc\u015f\u00fcr\u00fcld\u00fck. Sakarya Sava\u015f\u0131\u2019nda ordunun y\u00fczde 40\u2019\u0131 ka\u00e7t\u0131. Di\u011ferleri ise sava\u015ft\u0131. Ben ka\u00e7may\u0131p sava\u015fan bir dedenin torunuyum! Bu pusuyu kuranlar, Sakarya\u2019da ka\u00e7anlar\u0131n torunlar\u0131d\u0131r. Onlarla sava\u015f \u015fimdi ba\u015fl\u0131yor!\u201d Mustafa \u00d6nsel, \u201cSilivri\u2019de Firavun T\u00f6reni\u201d kitab\u0131yla Milli Ordunun tasfiye s\u00fcrecine \u00e7arp\u0131c\u0131 ya\u015fanm\u0131\u015fl\u0131klarla \u0131\u015f\u0131k tutuyor ve ekliyor: \u201cSakarya Sava\u015f\u0131 devam ediyor&#8230;\u201d<\/p>\n","protected":false},"excerpt":{"rendered":"<p>Y\u0131l 2007, Yer: ABD. T\u00fcrk General, \u00fcst d\u00fczey ABD\u2019li yetkililere \u00fc\u00e7 film izletti. Filmlerde ABD askerleriyle PKK\u2019l\u0131lar\u0131n a\u00e7\u0131k i\u015fbirli\u011fi g\u00f6r\u00fcl\u00fcyordu. T\u00fcrk General, bu ili\u015fkinin kabul edilemeyece\u011fini<span class=\"excerpt-hellip\"> [\u2026]<\/span><\/p>\n","protected":false},"featured_media":0,"template":"","meta":{"_monsterinsights_skip_tracking":false,"_monsterinsights_sitenote_active":false,"_monsterinsights_sitenote_note":"","_monsterinsights_sitenote_category":0},"product_brand":[],"product_cat":[13072,12291],"product_tag":[],"class_list":{"0":"post-742187","1":"product","2":"type-product","3":"status-publish","5":"product_cat-arastirma-inceleme-referans","6":"product_cat-edebiyat","7":"pa_cilt-ciltsiz","8":"pa_tur-kitap","9":"pa_yayinevi-kirmizi-kedi-yayinevi","10":"pa_yazar-mustafa-onsel","12":"first","13":"instock","14":"sale","15":"shipping-taxable","16":"purchasable","17":"product-type-simple"},"_links":{"self":[{"href":"https:\/\/roveyayinevi.com.tr\/index.php\/wp-json\/wp\/v2\/product\/742187","targetHints":{"allow":["GET"]}}],"collection":[{"href":"https:\/\/roveyayinevi.com.tr\/index.php\/wp-json\/wp\/v2\/product"}],"about":[{"href":"https:\/\/roveyayinevi.com.tr\/index.php\/wp-json\/wp\/v2\/types\/product"}],"wp:attachment":[{"href":"https:\/\/roveyayinevi.com.tr\/index.php\/wp-json\/wp\/v2\/media?parent=742187"}],"wp:term":[{"taxonomy":"product_brand","embeddable":true,"href":"https:\/\/roveyayinevi.com.tr\/index.php\/wp-json\/wp\/v2\/product_brand?post=742187"},{"taxonomy":"product_cat","embeddable":true,"href":"https:\/\/roveyayinevi.com.tr\/index.php\/wp-json\/wp\/v2\/product_cat?post=742187"},{"taxonomy":"product_tag","embeddable":true,"href":"https:\/\/roveyayinevi.com.tr\/index.php\/wp-json\/wp\/v2\/product_tag?post=742187"}],"curies":[{"name":"wp","href":"https:\/\/api.w.org\/{rel}","templated":true}]}}