{"id":742186,"date":"2025-08-28T01:06:06","date_gmt":"2025-08-27T22:06:06","guid":{"rendered":"https:\/\/roveyayinevi.com.tr\/index.php\/urun\/einsteinin-buzdolabi\/"},"modified":"2026-04-16T02:53:21","modified_gmt":"2026-04-15T23:53:21","slug":"einsteinin-buzdolabi","status":"publish","type":"product","link":"https:\/\/roveyayinevi.com.tr\/index.php\/urun\/einsteinin-buzdolabi\/","title":{"rendered":"Einstein&#8217;\u0131n Buzdolab\u0131"},"content":{"rendered":"<p>Tarihin tozlu sayfalar\u0131ndaki en tuhaf hik\u00e2yeleri duymaya haz\u0131r olun!Kafas\u0131z tavuk Mike\u2019tan, tarihin en tuhaf cinayet plan\u0131na; Amerika\u2019n\u0131n ilk ve tek imparatorundan,Boston\u2019daki pekmez seline kadar bir\u00e7ok hik\u00e2ye tuhafl\u0131kta birbirleriyle yar\u0131\u015f\u0131yor.Yazar Steve Silverman\u2019\u0131n kurucusu oldu\u011fu \u201cL\u00fczumsuz Bilgi\u201d adl\u0131 blo\u011funda y\u0131llard\u0131r okuyucularlabulu\u015fturdu\u011fu ilgin\u00e7 \u00f6yk\u00fcleri, ilk kez bir kitap h\u00e2linde toplan\u0131yor.Kemerleri ba\u011flay\u0131n!<\/p>\n","protected":false},"excerpt":{"rendered":"<p>Tarihin tozlu sayfalar\u0131ndaki en tuhaf hik\u00e2yeleri duymaya haz\u0131r olun!Kafas\u0131z tavuk Mike\u2019tan, tarihin en tuhaf cinayet plan\u0131na; Amerika\u2019n\u0131n ilk ve tek imparatorundan,Boston\u2019daki pekmez seline kadar bir\u00e7ok hik\u00e2ye<span class=\"excerpt-hellip\"> [\u2026]<\/span><\/p>\n","protected":false},"featured_media":0,"template":"","meta":{"_monsterinsights_skip_tracking":false,"_monsterinsights_sitenote_active":false,"_monsterinsights_sitenote_note":"","_monsterinsights_sitenote_category":0},"product_brand":[],"product_cat":[12291,18202],"product_tag":[],"class_list":{"0":"post-742186","1":"product","2":"type-product","3":"status-publish","5":"product_cat-edebiyat","6":"product_cat-hikaye","7":"pa_cilt-ciltsiz","8":"pa_tur-kitap","9":"pa_yayinevi-dokuz-yayinlari","10":"pa_yazar-steve-silverman","12":"first","13":"instock","14":"sale","15":"shipping-taxable","16":"purchasable","17":"product-type-simple"},"_links":{"self":[{"href":"https:\/\/roveyayinevi.com.tr\/index.php\/wp-json\/wp\/v2\/product\/742186","targetHints":{"allow":["GET"]}}],"collection":[{"href":"https:\/\/roveyayinevi.com.tr\/index.php\/wp-json\/wp\/v2\/product"}],"about":[{"href":"https:\/\/roveyayinevi.com.tr\/index.php\/wp-json\/wp\/v2\/types\/product"}],"wp:attachment":[{"href":"https:\/\/roveyayinevi.com.tr\/index.php\/wp-json\/wp\/v2\/media?parent=742186"}],"wp:term":[{"taxonomy":"product_brand","embeddable":true,"href":"https:\/\/roveyayinevi.com.tr\/index.php\/wp-json\/wp\/v2\/product_brand?post=742186"},{"taxonomy":"product_cat","embeddable":true,"href":"https:\/\/roveyayinevi.com.tr\/index.php\/wp-json\/wp\/v2\/product_cat?post=742186"},{"taxonomy":"product_tag","embeddable":true,"href":"https:\/\/roveyayinevi.com.tr\/index.php\/wp-json\/wp\/v2\/product_tag?post=742186"}],"curies":[{"name":"wp","href":"https:\/\/api.w.org\/{rel}","templated":true}]}}