{"id":742185,"date":"2025-08-28T01:06:05","date_gmt":"2025-08-27T22:06:05","guid":{"rendered":"https:\/\/roveyayinevi.com.tr\/index.php\/urun\/7-zeytin-1-incir-mucizesi\/"},"modified":"2026-04-16T02:53:21","modified_gmt":"2026-04-15T23:53:21","slug":"7-zeytin-1-incir-mucizesi","status":"publish","type":"product","link":"https:\/\/roveyayinevi.com.tr\/index.php\/urun\/7-zeytin-1-incir-mucizesi\/","title":{"rendered":"7 Zeytin 1 \u0130ncir Mucizesi"},"content":{"rendered":"<p>\u201cT\u00fcm meyve ve sebzelerin i\u00e7ine saklanm\u0131\u015f \u00e7ekirdeklerde bir hayat, o hayat\u0131n i\u00e7inde saklanm\u0131\u015f s\u0131rlar ve\u015fifreler gizlidir. \u0130\u015fte biz o \u015fifreleri \u00e7\u00f6zd\u00fck.\u201dDerler ki, cennette iki a\u011fa\u00e7 vard\u0131r; \u201c\u0130ncir ve zeytin.\u201d \u0130ncir \u201cGer\u00e7ek A\u011fac\u0131\u201d, zeytin ise \u201cHayat A\u011fac\u0131\u201dd\u0131r.\u00d6l\u00fcms\u00fczl\u00fc\u011f\u00fc k\u00f6klerinde gizleyen zeytin ve yapraklar\u0131n\u0131n dirili\u011fiyle ya\u015fam\u0131 sembolize eden incir\u2026Meyvesinden \u00e7ekirde\u011fine, k\u00f6k\u00fcnden yapra\u011f\u0131na kadar pek \u00e7ok s\u0131rr\u0131 i\u00e7inde gizleyen bu iki a\u011fac\u0131n insanbiyolojisine etkileri, hem kutsal kitaplara hem de mitolojiye konu olmu\u015ftur. Tin Suresi\u2019nde ya\u015fam ve\u00f6l\u00fcm\u00fc temsil eden bu iki besin \u00fczerine yemin verilmi\u015f ve Kur\u2019an-\u0131 Kerim\u2019de yedi adet zeytin ve bir adetincir ifadesi yer alm\u0131\u015ft\u0131r. Modern d\u00fcnyan\u0131n sa\u011fl\u0131k dal\u0131ndaki bilimsel \u00e7al\u0131\u015fmalar\u0131, incir ve zeytinbirle\u015fiminden do\u011fan mucizeye \u015fahit olmaktad\u0131r.<\/p>\n","protected":false},"excerpt":{"rendered":"<p>\u201cT\u00fcm meyve ve sebzelerin i\u00e7ine saklanm\u0131\u015f \u00e7ekirdeklerde bir hayat, o hayat\u0131n i\u00e7inde saklanm\u0131\u015f s\u0131rlar ve\u015fifreler gizlidir. \u0130\u015fte biz o \u015fifreleri \u00e7\u00f6zd\u00fck.\u201dDerler ki, cennette iki a\u011fa\u00e7 vard\u0131r;<span class=\"excerpt-hellip\"> [\u2026]<\/span><\/p>\n","protected":false},"featured_media":0,"template":"","meta":{"_monsterinsights_skip_tracking":false,"_monsterinsights_sitenote_active":false,"_monsterinsights_sitenote_note":"","_monsterinsights_sitenote_category":0},"product_brand":[],"product_cat":[20313,13365],"product_tag":[],"class_list":{"0":"post-742185","1":"product","2":"type-product","3":"status-publish","5":"product_cat-basvuru-kitaplari-saglik","6":"product_cat-saglik","7":"pa_cilt-ciltsiz","8":"pa_tur-kitap","9":"pa_yayinevi-dokuz-yayinlari","10":"pa_yazar-esat-basaran","12":"first","13":"instock","14":"sale","15":"shipping-taxable","16":"purchasable","17":"product-type-simple"},"_links":{"self":[{"href":"https:\/\/roveyayinevi.com.tr\/index.php\/wp-json\/wp\/v2\/product\/742185","targetHints":{"allow":["GET"]}}],"collection":[{"href":"https:\/\/roveyayinevi.com.tr\/index.php\/wp-json\/wp\/v2\/product"}],"about":[{"href":"https:\/\/roveyayinevi.com.tr\/index.php\/wp-json\/wp\/v2\/types\/product"}],"wp:attachment":[{"href":"https:\/\/roveyayinevi.com.tr\/index.php\/wp-json\/wp\/v2\/media?parent=742185"}],"wp:term":[{"taxonomy":"product_brand","embeddable":true,"href":"https:\/\/roveyayinevi.com.tr\/index.php\/wp-json\/wp\/v2\/product_brand?post=742185"},{"taxonomy":"product_cat","embeddable":true,"href":"https:\/\/roveyayinevi.com.tr\/index.php\/wp-json\/wp\/v2\/product_cat?post=742185"},{"taxonomy":"product_tag","embeddable":true,"href":"https:\/\/roveyayinevi.com.tr\/index.php\/wp-json\/wp\/v2\/product_tag?post=742185"}],"curies":[{"name":"wp","href":"https:\/\/api.w.org\/{rel}","templated":true}]}}