{"id":742183,"date":"2025-08-28T01:06:03","date_gmt":"2025-08-27T22:06:03","guid":{"rendered":"https:\/\/roveyayinevi.com.tr\/index.php\/urun\/kaplanin-sirtinda\/"},"modified":"2026-04-16T02:53:21","modified_gmt":"2026-04-15T23:53:21","slug":"kaplanin-sirtinda","status":"publish","type":"product","link":"https:\/\/roveyayinevi.com.tr\/index.php\/urun\/kaplanin-sirtinda\/","title":{"rendered":"Kaplan\u0131n S\u0131rt\u0131nda"},"content":{"rendered":"<p>\u201cKaplan\u0131n S\u0131rt\u0131nda Livaneli\u2019nin edebiyat hayat\u0131nda ilgin\u00e7 bir \u00e7\u0131k\u0131\u015f. Sultan II. Abd\u00fclhamid devrine aynan\u0131n \u00f6b\u00fcr taraf\u0131ndan bir bak\u0131\u015f\u2026 S\u00fcrg\u00fcn Padi\u015fah\u2019\u0131n perspektifinden s\u00fcr\u00fckleyici bir anlat\u0131m\u2026 Dikkat \u00e7ekici bir \u00fcslup\u2026\u201d \u0130lber Ortayl\u0131 \u201cKaplan\u0131n S\u0131rt\u0131nda, Abd\u00fclhamid rejimini al\u0131\u015f\u0131lm\u0131\u015f kli\u015felerden kurtaran s\u00fcr\u00fckleyici bir roman.\u201d Taner Timur \u201cGe\u00e7mi\u015fin ve gelece\u011fin, devrimin ve \u00e7\u00f6k\u00fc\u015f\u00fcn, b\u00fcy\u00fck hayallerin ve hayal k\u0131r\u0131kl\u0131klar\u0131n\u0131n beraber ya\u015fand\u0131\u011f\u0131 y\u00fckl\u00fc ve zor bir d\u00f6nemin anlat\u0131ld\u0131\u011f\u0131 \u00f6nyarg\u0131s\u0131z bir roman&#8230;\u201d Ali Yayc\u0131o\u011flu Otuz \u00fc\u00e7 y\u0131l s\u00fcren bir saltanat, ard\u0131ndan bir gece yar\u0131s\u0131 gelen Selanik s\u00fcrg\u00fcn\u00fc\u2026 Tahttan indirili\u015finin \u00fczerinden bir as\u0131rdan uzun bir zaman ge\u00e7mi\u015f olan II. Abd\u00fclhamid\u2019in ya\u015fam\u0131n\u0131n en ilgin\u00e7 evresi Livaneli\u2019nin \u00e7a\u011fda\u015f anlat\u0131s\u0131yla g\u00fcn y\u00fcz\u00fcne \u00e7\u0131k\u0131yor. Devrik padi\u015fah\u0131n, ihtilalci fikirlerin filizlendi\u011fi Selanik \u015fehrindeki g\u00fcnleri hem bir vicdan muhasebesi hem de yo\u011fun bir psikolojik gelgit dalgas\u0131. T\u00fcrk edebiyat\u0131n\u0131n ku\u015fak ba\u011f\u0131 Z\u00fclf\u00fc Livaneli, II. Abd\u00fclhamid\u2019in taht\u0131n\u0131 kaybettikten sonra ya\u015fad\u0131klar\u0131na odaklan\u0131rken, bireyi, toplumu, devleti ve iktidar\u0131 sorguluyor. Selanik s\u00fcrg\u00fcn\u00fc boyunca Sultan\u2019\u0131n ve maiyetinin hususi doktoru olan Tabip Y\u00fczba\u015f\u0131 At\u0131f H\u00fcseyin Bey\u2019in hat\u0131rat\u0131ndan hareketle v\u00fccut bulan bu tarihi romanda, iktidar kavram\u0131na \u00e7arp\u0131c\u0131 bir bak\u0131\u015f a\u00e7\u0131s\u0131 sunuluyor.<\/p>\n","protected":false},"excerpt":{"rendered":"<p>\u201cKaplan\u0131n S\u0131rt\u0131nda Livaneli\u2019nin edebiyat hayat\u0131nda ilgin\u00e7 bir \u00e7\u0131k\u0131\u015f. Sultan II. Abd\u00fclhamid devrine aynan\u0131n \u00f6b\u00fcr taraf\u0131ndan bir bak\u0131\u015f\u2026 S\u00fcrg\u00fcn Padi\u015fah\u2019\u0131n perspektifinden s\u00fcr\u00fckleyici bir anlat\u0131m\u2026 Dikkat \u00e7ekici bir<span class=\"excerpt-hellip\"> [\u2026]<\/span><\/p>\n","protected":false},"featured_media":0,"template":"","meta":{"_monsterinsights_skip_tracking":false,"_monsterinsights_sitenote_active":false,"_monsterinsights_sitenote_note":"","_monsterinsights_sitenote_category":0},"product_brand":[],"product_cat":[12291,12711],"product_tag":[],"class_list":{"0":"post-742183","1":"product","2":"type-product","3":"status-publish","5":"product_cat-edebiyat","6":"product_cat-roman-oyku","7":"pa_cilt-ciltsiz","8":"pa_tur-kitap","9":"pa_yayinevi-inkilap-kitabevi","10":"pa_yazar-zulfu-livaneli","12":"first","13":"instock","14":"sale","15":"shipping-taxable","16":"purchasable","17":"product-type-simple"},"_links":{"self":[{"href":"https:\/\/roveyayinevi.com.tr\/index.php\/wp-json\/wp\/v2\/product\/742183","targetHints":{"allow":["GET"]}}],"collection":[{"href":"https:\/\/roveyayinevi.com.tr\/index.php\/wp-json\/wp\/v2\/product"}],"about":[{"href":"https:\/\/roveyayinevi.com.tr\/index.php\/wp-json\/wp\/v2\/types\/product"}],"wp:attachment":[{"href":"https:\/\/roveyayinevi.com.tr\/index.php\/wp-json\/wp\/v2\/media?parent=742183"}],"wp:term":[{"taxonomy":"product_brand","embeddable":true,"href":"https:\/\/roveyayinevi.com.tr\/index.php\/wp-json\/wp\/v2\/product_brand?post=742183"},{"taxonomy":"product_cat","embeddable":true,"href":"https:\/\/roveyayinevi.com.tr\/index.php\/wp-json\/wp\/v2\/product_cat?post=742183"},{"taxonomy":"product_tag","embeddable":true,"href":"https:\/\/roveyayinevi.com.tr\/index.php\/wp-json\/wp\/v2\/product_tag?post=742183"}],"curies":[{"name":"wp","href":"https:\/\/api.w.org\/{rel}","templated":true}]}}