{"id":742182,"date":"2025-08-28T01:06:01","date_gmt":"2025-08-27T22:06:01","guid":{"rendered":"https:\/\/roveyayinevi.com.tr\/index.php\/urun\/shaman-king-saman-kral-5-cilt\/"},"modified":"2026-04-16T02:53:21","modified_gmt":"2026-04-15T23:53:21","slug":"shaman-king-saman-kral-5-cilt","status":"publish","type":"product","link":"https:\/\/roveyayinevi.com.tr\/index.php\/urun\/shaman-king-saman-kral-5-cilt\/","title":{"rendered":"Shaman King \u2013 \u015eaman Kral  5. Cilt"},"content":{"rendered":"<p>\u015eaman D\u00f6v\u00fc\u015f\u00fcnde Yoh, ilk ma\u00e7\u0131na \u00e7\u0131k\u0131yor. Rakibi, Aynu kabilesinden, snowboardu ile buzlara istedi\u011fi gibi h\u00fckmeden \u015faman Horohoro. Zorlu bir m\u00fccadelenin sonunda yeni bir arkada\u015fl\u0131k m\u0131 do\u011facak yoksa?    Yoh\u2019un sonraki rakibi, korkun\u00e7 ruh \u00e7a\u011f\u0131rma b\u00fcy\u00fcleriyle \u00f6l\u00fcleri dirilten \u00e7\u0131lg\u0131n b\u00fcy\u00fcc\u00fc VIII. Nesil Dr. Faust. Daha \u00f6nce sava\u015ft\u0131\u011f\u0131 hi\u00e7 kimseye benzemeyen, kendine has ve durdurulmas\u0131 neredeyse imkans\u0131z bir g\u00fcce ve tekni\u011fe sahip olan bu zorlu rakibi kar\u015f\u0131s\u0131nda Yoh bakal\u0131m ne yapacak?   Yazar ve \u00e7izer Hiroyuki Takei\u2019nin yaratt\u0131\u011f\u0131 Shaman King, heyecanl\u0131 ve bir an bile d\u00fc\u015fmeyen temposuyla sizi esir alacak bir macera! <\/p>\n","protected":false},"excerpt":{"rendered":"<p>\u015eaman D\u00f6v\u00fc\u015f\u00fcnde Yoh, ilk ma\u00e7\u0131na \u00e7\u0131k\u0131yor. Rakibi, Aynu kabilesinden, snowboardu ile buzlara istedi\u011fi gibi h\u00fckmeden \u015faman Horohoro. Zorlu bir m\u00fccadelenin sonunda yeni bir arkada\u015fl\u0131k m\u0131 do\u011facak<span class=\"excerpt-hellip\"> [\u2026]<\/span><\/p>\n","protected":false},"featured_media":0,"template":"","meta":{"_monsterinsights_skip_tracking":false,"_monsterinsights_sitenote_active":false,"_monsterinsights_sitenote_note":"","_monsterinsights_sitenote_category":0},"product_brand":[],"product_cat":[12416,12291],"product_tag":[],"class_list":{"0":"post-742182","1":"product","2":"type-product","3":"status-publish","5":"product_cat-cizgi-roman","6":"product_cat-edebiyat","7":"pa_cilt-ciltsiz","8":"pa_tur-kitap","9":"pa_yayinevi-akil-celen-kitaplar","10":"pa_yazar-hiroyuki-takei","12":"first","13":"instock","14":"sale","15":"shipping-taxable","16":"purchasable","17":"product-type-simple"},"_links":{"self":[{"href":"https:\/\/roveyayinevi.com.tr\/index.php\/wp-json\/wp\/v2\/product\/742182","targetHints":{"allow":["GET"]}}],"collection":[{"href":"https:\/\/roveyayinevi.com.tr\/index.php\/wp-json\/wp\/v2\/product"}],"about":[{"href":"https:\/\/roveyayinevi.com.tr\/index.php\/wp-json\/wp\/v2\/types\/product"}],"wp:attachment":[{"href":"https:\/\/roveyayinevi.com.tr\/index.php\/wp-json\/wp\/v2\/media?parent=742182"}],"wp:term":[{"taxonomy":"product_brand","embeddable":true,"href":"https:\/\/roveyayinevi.com.tr\/index.php\/wp-json\/wp\/v2\/product_brand?post=742182"},{"taxonomy":"product_cat","embeddable":true,"href":"https:\/\/roveyayinevi.com.tr\/index.php\/wp-json\/wp\/v2\/product_cat?post=742182"},{"taxonomy":"product_tag","embeddable":true,"href":"https:\/\/roveyayinevi.com.tr\/index.php\/wp-json\/wp\/v2\/product_tag?post=742182"}],"curies":[{"name":"wp","href":"https:\/\/api.w.org\/{rel}","templated":true}]}}