{"id":742181,"date":"2025-08-28T01:06:00","date_gmt":"2025-08-27T22:06:00","guid":{"rendered":"https:\/\/roveyayinevi.com.tr\/index.php\/urun\/hallu-iskalil-efkar-ve-davetun-nefsit-taliha-eserleri-baglaminda\/"},"modified":"2026-04-16T02:53:21","modified_gmt":"2026-04-15T23:53:21","slug":"hallu-iskalil-efkar-ve-davetun-nefsit-taliha-eserleri-baglaminda","status":"publish","type":"product","link":"https:\/\/roveyayinevi.com.tr\/index.php\/urun\/hallu-iskalil-efkar-ve-davetun-nefsit-taliha-eserleri-baglaminda\/","title":{"rendered":"Hallu \u0130\u015fkali\u2019l-Efkar Ve Da\u2018Vetu\u2019n-Nefsi\u2019t-Taliha Eserleri Ba\u011flam\u0131nda"},"content":{"rendered":"<p>Hallu \u0130\u015fkali\u2019l-Efkar Ve Da\u2018Vetu\u2019n-Nefsi\u2019t-Taliha Eserleri Ba\u011flam\u0131nda \u015eehzade Korkud\u2019un F\u0131khi G\u00f6r\u00fc\u015fleri <\/p>\n","protected":false},"excerpt":{"rendered":"<p>Hallu \u0130\u015fkali\u2019l-Efkar Ve Da\u2018Vetu\u2019n-Nefsi\u2019t-Taliha Eserleri Ba\u011flam\u0131nda \u015eehzade Korkud\u2019un F\u0131khi G\u00f6r\u00fc\u015fleri<\/p>\n","protected":false},"featured_media":0,"template":"","meta":{"_monsterinsights_skip_tracking":false,"_monsterinsights_sitenote_active":false,"_monsterinsights_sitenote_note":"","_monsterinsights_sitenote_category":0},"product_brand":[],"product_cat":[12573,12566],"product_tag":[],"class_list":{"0":"post-742181","1":"product","2":"type-product","3":"status-publish","5":"product_cat-akademik-kitaplar","6":"product_cat-egitim","7":"pa_cilt-ciltsiz","8":"pa_tur-kitap","9":"pa_yayinevi-soncag-akademik-kitaplar","10":"pa_yazar-sadik-yiltas","12":"first","13":"instock","14":"sale","15":"shipping-taxable","16":"purchasable","17":"product-type-simple"},"_links":{"self":[{"href":"https:\/\/roveyayinevi.com.tr\/index.php\/wp-json\/wp\/v2\/product\/742181","targetHints":{"allow":["GET"]}}],"collection":[{"href":"https:\/\/roveyayinevi.com.tr\/index.php\/wp-json\/wp\/v2\/product"}],"about":[{"href":"https:\/\/roveyayinevi.com.tr\/index.php\/wp-json\/wp\/v2\/types\/product"}],"wp:attachment":[{"href":"https:\/\/roveyayinevi.com.tr\/index.php\/wp-json\/wp\/v2\/media?parent=742181"}],"wp:term":[{"taxonomy":"product_brand","embeddable":true,"href":"https:\/\/roveyayinevi.com.tr\/index.php\/wp-json\/wp\/v2\/product_brand?post=742181"},{"taxonomy":"product_cat","embeddable":true,"href":"https:\/\/roveyayinevi.com.tr\/index.php\/wp-json\/wp\/v2\/product_cat?post=742181"},{"taxonomy":"product_tag","embeddable":true,"href":"https:\/\/roveyayinevi.com.tr\/index.php\/wp-json\/wp\/v2\/product_tag?post=742181"}],"curies":[{"name":"wp","href":"https:\/\/api.w.org\/{rel}","templated":true}]}}