{"id":742178,"date":"2025-08-28T01:05:57","date_gmt":"2025-08-27T22:05:57","guid":{"rendered":"https:\/\/roveyayinevi.com.tr\/index.php\/urun\/ruyaya-uyananlar\/"},"modified":"2026-04-16T02:53:21","modified_gmt":"2026-04-15T23:53:21","slug":"ruyaya-uyananlar","status":"publish","type":"product","link":"https:\/\/roveyayinevi.com.tr\/index.php\/urun\/ruyaya-uyananlar\/","title":{"rendered":"R\u00fcyaya Uyananlar"},"content":{"rendered":"<p>UYKU \u0130K\u0130 G\u00dcN ARASINDAK\u0130 \u00d6L\u00dcM, \u00d6L\u00dcM \u0130SE \u0130K\u0130 YA\u015eAM ARASINDAK\u0130 UYKUDUR.   Zihnin fark edemedi\u011fi tek \u015fey \u015fimdidir. \u015eimdi ve \u015fu an zihne kapal\u0131, saf tan\u0131kl\u0131kta olanlara ise a\u00e7\u0131k bir kap\u0131d\u0131r. G\u00f6zler onu g\u00f6remez, o ise g\u00f6z\u00fc de g\u00f6r\u00fcr, g\u00f6z\u00fcn g\u00f6rd\u00fc\u011f\u00fcn\u00fc de&#8230; Kadim \u00f6\u011fretiler ilmi, tutunduklar\u0131m\u0131z\u0131 anlayarak a\u015fmam\u0131za yard\u0131mc\u0131 olan, zek\u00e2 rehberli\u011finde hakikate yol ald\u0131ran bir harita gibidir. R\u00fcyaya uyanmay\u0131 niyet alan bu kitab\u0131n amac\u0131 da b\u00fct\u00fcnc\u00fcl f\u0131trat\u0131m\u0131z\u0131 ya\u015fay\u0131p, bilin\u00e7li niyet ve dualarla kendimizi \u00f6te ger\u00e7ekliklerde de ke\u015ffetmektir. Bilenler i\u00e7in bu d\u00fcnya, uyanman\u0131n g\u00f6zlemlendi\u011fi bir deney yeridir, kulland\u0131\u011f\u0131 malzeme ise r\u00fcyalard\u0131r. Onlar bundan \u015f\u00fcphe bile etmez, insanlar\u0131n derin uykuda ve r\u00fcya i\u00e7inde olduklar\u0131n\u0131 g\u00f6r\u00fcrler. Bu kitab\u0131 okuduktan sonra g\u00f6lgeler d\u00fcnyas\u0131n\u0131n \u00f6tesine ge\u00e7ecek ve sonsuz d\u00f6ng\u00fcdeki muhte\u015femli\u011fi g\u00f6receksin! Ve sonra kendine soracaks\u0131n: \u201cBen ger\u00e7e\u011fe uyuyanlardan m\u0131 yoksa r\u00fcyaya uyananlardan m\u0131y\u0131m?\u201d <\/p>\n","protected":false},"excerpt":{"rendered":"<p>UYKU \u0130K\u0130 G\u00dcN ARASINDAK\u0130 \u00d6L\u00dcM, \u00d6L\u00dcM \u0130SE \u0130K\u0130 YA\u015eAM ARASINDAK\u0130 UYKUDUR. Zihnin fark edemedi\u011fi tek \u015fey \u015fimdidir. \u015eimdi ve \u015fu an zihne kapal\u0131, saf tan\u0131kl\u0131kta olanlara<span class=\"excerpt-hellip\"> [\u2026]<\/span><\/p>\n","protected":false},"featured_media":0,"template":"","meta":{"_monsterinsights_skip_tracking":false,"_monsterinsights_sitenote_active":false,"_monsterinsights_sitenote_note":"","_monsterinsights_sitenote_category":0},"product_brand":[],"product_cat":[12364,12376],"product_tag":[],"class_list":{"0":"post-742178","1":"product","2":"type-product","3":"status-publish","5":"product_cat-genel-konular","6":"product_cat-kisisel-gelisim","7":"pa_cilt-ciltsiz","8":"pa_tur-kitap","9":"pa_yayinevi-destek-yayinlari","10":"pa_yazar-kubilay-aktas","12":"first","13":"instock","14":"sale","15":"shipping-taxable","16":"purchasable","17":"product-type-simple"},"_links":{"self":[{"href":"https:\/\/roveyayinevi.com.tr\/index.php\/wp-json\/wp\/v2\/product\/742178","targetHints":{"allow":["GET"]}}],"collection":[{"href":"https:\/\/roveyayinevi.com.tr\/index.php\/wp-json\/wp\/v2\/product"}],"about":[{"href":"https:\/\/roveyayinevi.com.tr\/index.php\/wp-json\/wp\/v2\/types\/product"}],"wp:attachment":[{"href":"https:\/\/roveyayinevi.com.tr\/index.php\/wp-json\/wp\/v2\/media?parent=742178"}],"wp:term":[{"taxonomy":"product_brand","embeddable":true,"href":"https:\/\/roveyayinevi.com.tr\/index.php\/wp-json\/wp\/v2\/product_brand?post=742178"},{"taxonomy":"product_cat","embeddable":true,"href":"https:\/\/roveyayinevi.com.tr\/index.php\/wp-json\/wp\/v2\/product_cat?post=742178"},{"taxonomy":"product_tag","embeddable":true,"href":"https:\/\/roveyayinevi.com.tr\/index.php\/wp-json\/wp\/v2\/product_tag?post=742178"}],"curies":[{"name":"wp","href":"https:\/\/api.w.org\/{rel}","templated":true}]}}