{"id":742176,"date":"2025-08-28T01:05:55","date_gmt":"2025-08-27T22:05:55","guid":{"rendered":"https:\/\/roveyayinevi.com.tr\/index.php\/urun\/son-ilkbahar\/"},"modified":"2026-04-16T02:53:20","modified_gmt":"2026-04-15T23:53:20","slug":"son-ilkbahar","status":"publish","type":"product","link":"https:\/\/roveyayinevi.com.tr\/index.php\/urun\/son-ilkbahar\/","title":{"rendered":"Son \u0130lkbahar"},"content":{"rendered":"<p>Sen \u00e7ekip gidince ilkbahara girerken damarlar\u0131m\u0131n ka\u00e7 kat\u0131 uzak bir adrese Nereden bilirdim ki ge\u00e7en sene, son ilkbahar\u0131m\u0131zm\u0131\u015f seninle Biliyorsun k\u0131\u015ftan ve \u00fc\u015f\u00fcmekten nefret ederdim normalde \u015eimdi ayaz, ya\u011fmur, karanl\u0131k verse de Bembeyaz bulutlar\u0131 is de\u011fmi\u015f gibi kirletse de \u00c2lem \u201cDepresyon, intihar, kasvet,\u201d dese de Giyinip kat kat elbise \u0130ki b\u00fckl\u00fcm cenin gibi yorgan alt\u0131nda nefes nefese Uyuyup bol bol r\u00fcyalar \u00e2leminde Kavu\u015fmay\u0131 diliyorum seninle Ve \u00f6lsem akl\u0131ma gelmezdi, mutlu olaca\u011f\u0131m k\u0131\u015f mevsiminde B\u00f6yle daha huzurluydum \u00e7\u00fcnk\u00fc yanm\u0131yordu can\u0131m Sokaklar bo\u015f ve uzun gecesi Evsizlerin katili Ku\u015flar\u0131n g\u00f6\u00e7\u00fcp gitti\u011fi \u00c7i\u00e7ekler solmu\u015f, ye\u015filler olmu\u015f kahverengi Havas\u0131nda binlerce mikrop ve vir\u00fcs gizli Hastanelerin dolup ta\u015ft\u0131\u011f\u0131 k\u0131\u015f mevsiminde Mutlu olup rahat edece\u011fim, \u00f6lsem akl\u0131ma gelmezdi <\/p>\n","protected":false},"excerpt":{"rendered":"<p>Sen \u00e7ekip gidince ilkbahara girerken damarlar\u0131m\u0131n ka\u00e7 kat\u0131 uzak bir adrese Nereden bilirdim ki ge\u00e7en sene, son ilkbahar\u0131m\u0131zm\u0131\u015f seninle Biliyorsun k\u0131\u015ftan ve \u00fc\u015f\u00fcmekten nefret ederdim normalde<span class=\"excerpt-hellip\"> [\u2026]<\/span><\/p>\n","protected":false},"featured_media":0,"template":"","meta":{"_monsterinsights_skip_tracking":false,"_monsterinsights_sitenote_active":false,"_monsterinsights_sitenote_note":"","_monsterinsights_sitenote_category":0},"product_brand":[],"product_cat":[12291,12509],"product_tag":[],"class_list":{"0":"post-742176","1":"product","2":"type-product","3":"status-publish","5":"product_cat-edebiyat","6":"product_cat-siir","7":"pa_cilt-ciltsiz","8":"pa_tur-kitap","9":"pa_yayinevi-luna-yayinlari","10":"pa_yazar-behzat-degirmenci","12":"first","13":"instock","14":"sale","15":"shipping-taxable","16":"purchasable","17":"product-type-simple"},"_links":{"self":[{"href":"https:\/\/roveyayinevi.com.tr\/index.php\/wp-json\/wp\/v2\/product\/742176","targetHints":{"allow":["GET"]}}],"collection":[{"href":"https:\/\/roveyayinevi.com.tr\/index.php\/wp-json\/wp\/v2\/product"}],"about":[{"href":"https:\/\/roveyayinevi.com.tr\/index.php\/wp-json\/wp\/v2\/types\/product"}],"wp:attachment":[{"href":"https:\/\/roveyayinevi.com.tr\/index.php\/wp-json\/wp\/v2\/media?parent=742176"}],"wp:term":[{"taxonomy":"product_brand","embeddable":true,"href":"https:\/\/roveyayinevi.com.tr\/index.php\/wp-json\/wp\/v2\/product_brand?post=742176"},{"taxonomy":"product_cat","embeddable":true,"href":"https:\/\/roveyayinevi.com.tr\/index.php\/wp-json\/wp\/v2\/product_cat?post=742176"},{"taxonomy":"product_tag","embeddable":true,"href":"https:\/\/roveyayinevi.com.tr\/index.php\/wp-json\/wp\/v2\/product_tag?post=742176"}],"curies":[{"name":"wp","href":"https:\/\/api.w.org\/{rel}","templated":true}]}}