{"id":742175,"date":"2025-08-28T01:05:53","date_gmt":"2025-08-27T22:05:53","guid":{"rendered":"https:\/\/roveyayinevi.com.tr\/index.php\/urun\/badem-veteriner-klinigi\/"},"modified":"2026-04-16T02:53:20","modified_gmt":"2026-04-15T23:53:20","slug":"badem-veteriner-klinigi","status":"publish","type":"product","link":"https:\/\/roveyayinevi.com.tr\/index.php\/urun\/badem-veteriner-klinigi\/","title":{"rendered":"Badem Veteriner Klini\u011fi"},"content":{"rendered":"<p>Asya ve day\u0131s\u0131 Haktan, sahilde bir kedi yavrusuyla kar\u015f\u0131la\u015f\u0131rlar. Bu kar\u015f\u0131la\u015fma, kedilerden \u201cbirazc\u0131k\u201d korkan Asya i\u00e7in bir d\u00f6n\u00fcm noktas\u0131 olacakt\u0131r. Belki de hayvanlardan korkan t\u00fcm \u00e7ocuklar i\u00e7in\u2026 *** Ay\u015feg\u00fcl Yal\u0131z \u00c7apak, sevginin korkular\u0131n \u00fcstesinden nas\u0131l gelebilece\u011fini yal\u0131n bir \u00fcslupla okuyucular\u0131na aktar\u0131yor. Korkunun sevgiye, sevginin hayale ve hayalin ger\u00e7e\u011fe d\u00f6n\u00fc\u015ft\u00fc\u011f\u00fc s\u0131cac\u0131k bir hik\u00e2ye sizleri bekliyor. <\/p>\n","protected":false},"excerpt":{"rendered":"<p>Asya ve day\u0131s\u0131 Haktan, sahilde bir kedi yavrusuyla kar\u015f\u0131la\u015f\u0131rlar. Bu kar\u015f\u0131la\u015fma, kedilerden \u201cbirazc\u0131k\u201d korkan Asya i\u00e7in bir d\u00f6n\u00fcm noktas\u0131 olacakt\u0131r. Belki de hayvanlardan korkan t\u00fcm \u00e7ocuklar<span class=\"excerpt-hellip\"> [\u2026]<\/span><\/p>\n","protected":false},"featured_media":0,"template":"","meta":{"_monsterinsights_skip_tracking":false,"_monsterinsights_sitenote_active":false,"_monsterinsights_sitenote_note":"","_monsterinsights_sitenote_category":0},"product_brand":[],"product_cat":[12274,12284],"product_tag":[],"class_list":{"0":"post-742175","1":"product","2":"type-product","3":"status-publish","5":"product_cat-cocuk-ve-genclik-kitaplari","6":"product_cat-hikayeler","7":"pa_cilt-ciltsiz","8":"pa_tur-kitap","9":"pa_yayinevi-luna-cocuk-yayinlari","10":"pa_yazar-aysegul-yaliz-capak","12":"first","13":"instock","14":"sale","15":"shipping-taxable","16":"purchasable","17":"product-type-simple"},"_links":{"self":[{"href":"https:\/\/roveyayinevi.com.tr\/index.php\/wp-json\/wp\/v2\/product\/742175","targetHints":{"allow":["GET"]}}],"collection":[{"href":"https:\/\/roveyayinevi.com.tr\/index.php\/wp-json\/wp\/v2\/product"}],"about":[{"href":"https:\/\/roveyayinevi.com.tr\/index.php\/wp-json\/wp\/v2\/types\/product"}],"wp:attachment":[{"href":"https:\/\/roveyayinevi.com.tr\/index.php\/wp-json\/wp\/v2\/media?parent=742175"}],"wp:term":[{"taxonomy":"product_brand","embeddable":true,"href":"https:\/\/roveyayinevi.com.tr\/index.php\/wp-json\/wp\/v2\/product_brand?post=742175"},{"taxonomy":"product_cat","embeddable":true,"href":"https:\/\/roveyayinevi.com.tr\/index.php\/wp-json\/wp\/v2\/product_cat?post=742175"},{"taxonomy":"product_tag","embeddable":true,"href":"https:\/\/roveyayinevi.com.tr\/index.php\/wp-json\/wp\/v2\/product_tag?post=742175"}],"curies":[{"name":"wp","href":"https:\/\/api.w.org\/{rel}","templated":true}]}}