{"id":742174,"date":"2025-08-28T01:05:52","date_gmt":"2025-08-27T22:05:52","guid":{"rendered":"https:\/\/roveyayinevi.com.tr\/index.php\/urun\/cesur-kiz\/"},"modified":"2026-04-16T02:53:20","modified_gmt":"2026-04-15T23:53:20","slug":"cesur-kiz","status":"publish","type":"product","link":"https:\/\/roveyayinevi.com.tr\/index.php\/urun\/cesur-kiz\/","title":{"rendered":"Cesur K\u0131z"},"content":{"rendered":"<p>Kedilerin ne d\u00fc\u015f\u00fcnd\u00fc\u011f\u00fcn\u00fc hi\u00e7 merak ettiniz mi? Sevildiklerinde, mutlu olduklar\u0131nda ya da bir kutunun i\u00e7inde d\u0131\u015far\u0131ya b\u0131rak\u0131ld\u0131klar\u0131nda\u2026 *** Cesur\u2019un hik\u00e2yesini okurken ba\u015fka kedilerin de an\u0131lar\u0131na ortak olacak, onlar hakk\u0131nda bir\u00e7ok \u015fey \u00f6\u011freneceksiniz. Derya Murat\u2019\u0131n karakterler aras\u0131nda yapt\u0131\u011f\u0131 ge\u00e7i\u015flerle olaylar\u0131 hem insanlar\u0131n hem de kedilerin g\u00f6z\u00fcnden g\u00f6rme f\u0131rsat\u0131 yakalayacaks\u0131n\u0131z. <\/p>\n","protected":false},"excerpt":{"rendered":"<p>Kedilerin ne d\u00fc\u015f\u00fcnd\u00fc\u011f\u00fcn\u00fc hi\u00e7 merak ettiniz mi? Sevildiklerinde, mutlu olduklar\u0131nda ya da bir kutunun i\u00e7inde d\u0131\u015far\u0131ya b\u0131rak\u0131ld\u0131klar\u0131nda\u2026 *** Cesur\u2019un hik\u00e2yesini okurken ba\u015fka kedilerin de an\u0131lar\u0131na ortak<span class=\"excerpt-hellip\"> [\u2026]<\/span><\/p>\n","protected":false},"featured_media":0,"template":"","meta":{"_monsterinsights_skip_tracking":false,"_monsterinsights_sitenote_active":false,"_monsterinsights_sitenote_note":"","_monsterinsights_sitenote_category":0},"product_brand":[],"product_cat":[12274,12284],"product_tag":[],"class_list":{"0":"post-742174","1":"product","2":"type-product","3":"status-publish","5":"product_cat-cocuk-ve-genclik-kitaplari","6":"product_cat-hikayeler","7":"pa_cilt-ciltsiz","8":"pa_tur-kitap","9":"pa_yayinevi-luna-cocuk-yayinlari","10":"pa_yazar-derya-murat","12":"first","13":"instock","14":"sale","15":"shipping-taxable","16":"purchasable","17":"product-type-simple"},"_links":{"self":[{"href":"https:\/\/roveyayinevi.com.tr\/index.php\/wp-json\/wp\/v2\/product\/742174","targetHints":{"allow":["GET"]}}],"collection":[{"href":"https:\/\/roveyayinevi.com.tr\/index.php\/wp-json\/wp\/v2\/product"}],"about":[{"href":"https:\/\/roveyayinevi.com.tr\/index.php\/wp-json\/wp\/v2\/types\/product"}],"wp:attachment":[{"href":"https:\/\/roveyayinevi.com.tr\/index.php\/wp-json\/wp\/v2\/media?parent=742174"}],"wp:term":[{"taxonomy":"product_brand","embeddable":true,"href":"https:\/\/roveyayinevi.com.tr\/index.php\/wp-json\/wp\/v2\/product_brand?post=742174"},{"taxonomy":"product_cat","embeddable":true,"href":"https:\/\/roveyayinevi.com.tr\/index.php\/wp-json\/wp\/v2\/product_cat?post=742174"},{"taxonomy":"product_tag","embeddable":true,"href":"https:\/\/roveyayinevi.com.tr\/index.php\/wp-json\/wp\/v2\/product_tag?post=742174"}],"curies":[{"name":"wp","href":"https:\/\/api.w.org\/{rel}","templated":true}]}}