{"id":742173,"date":"2025-08-28T01:05:51","date_gmt":"2025-08-27T22:05:51","guid":{"rendered":"https:\/\/roveyayinevi.com.tr\/index.php\/urun\/dr-kirkorun-jinekologlugu\/"},"modified":"2026-04-12T02:57:40","modified_gmt":"2026-04-11T23:57:40","slug":"dr-kirkorun-jinekologlugu","status":"publish","type":"product","link":"https:\/\/roveyayinevi.com.tr\/index.php\/urun\/dr-kirkorun-jinekologlugu\/","title":{"rendered":"Dr. Kirkor&#8217;un Jinekologlu\u011fu"},"content":{"rendered":"<p>Ercan Y\u0131lmaz, \u00f6yk\u00fclerinin her birinde bask\u0131n ve kendine has \u00f6zellikler bar\u0131nd\u0131ran karakterler olu\u015fturmaya \u00f6zen g\u00f6steriyor. Kahramanlar\u0131n\u0131n ba\u015f\u0131na gelenleri ise toplumsal bir ger\u00e7eklikle ve trajikomik bir \u015fekilde ele al\u0131rken okuru hem d\u00fc\u015f\u00fcnd\u00fcr\u00fcyor hem tebess\u00fcm ettiriyor. Ak\u0131c\u0131, ilgi \u00e7ekici ve bir o kadar da hiciv y\u00fckl\u00fc eserin, ba\u015far\u0131l\u0131 \u00f6yk\u00fc kitaplar\u0131 aras\u0131ndaki yeri \u015fimdiden haz\u0131r!   \u201cErmeni bir anne babadan olma Kirkor ad\u0131nda gen\u00e7 bir delikanl\u0131 vard\u0131. Annesi babas\u0131 yememi\u015f yedirmi\u015f, i\u00e7memi\u015f i\u00e7irmi\u015f\u2026 Var\u0131n\u0131 yo\u011funu o\u011fullar\u0131n\u0131n e\u011fitimi i\u00e7in harcam\u0131\u015flard\u0131. Hatta \u00f6yle bir zaman gelmi\u015fti ki ba\u011flar\u0131nda kulland\u0131klar\u0131 \u00f6k\u00fczleri bile satm\u0131\u015flard\u0131. Gel zaman git zaman bu ya\u015fl\u0131 \u00e7ift k\u00f6yden ayr\u0131l\u0131p esas memleketlerine gittiler. Bir daha ne o\u011fullar\u0131ndan bir haber geldi ne de ailelerinden\u2026 Ta ki o g\u00fcne kadar\u2026\u201d   \u201cElinizden b\u0131rakmayarak son sayfaya kadar nas\u0131l geldi\u011finizi anlamayacaks\u0131n\u0131z\u2026\u201d Murat Terlemez <\/p>\n","protected":false},"excerpt":{"rendered":"<p>Ercan Y\u0131lmaz, \u00f6yk\u00fclerinin her birinde bask\u0131n ve kendine has \u00f6zellikler bar\u0131nd\u0131ran karakterler olu\u015fturmaya \u00f6zen g\u00f6steriyor. Kahramanlar\u0131n\u0131n ba\u015f\u0131na gelenleri ise toplumsal bir ger\u00e7eklikle ve trajikomik bir \u015fekilde<span class=\"excerpt-hellip\"> [\u2026]<\/span><\/p>\n","protected":false},"featured_media":0,"template":"","meta":{"_monsterinsights_skip_tracking":false,"_monsterinsights_sitenote_active":false,"_monsterinsights_sitenote_note":"","_monsterinsights_sitenote_category":0},"product_brand":[],"product_cat":[12291,12711],"product_tag":[],"class_list":{"0":"post-742173","1":"product","2":"type-product","3":"status-publish","5":"product_cat-edebiyat","6":"product_cat-roman-oyku","7":"pa_cilt-ciltsiz","8":"pa_tur-kitap","9":"pa_yayinevi-luna-yayinlari","10":"pa_yazar-ercan-yilmaz","12":"first","13":"instock","14":"sale","15":"shipping-taxable","16":"purchasable","17":"product-type-simple"},"_links":{"self":[{"href":"https:\/\/roveyayinevi.com.tr\/index.php\/wp-json\/wp\/v2\/product\/742173","targetHints":{"allow":["GET"]}}],"collection":[{"href":"https:\/\/roveyayinevi.com.tr\/index.php\/wp-json\/wp\/v2\/product"}],"about":[{"href":"https:\/\/roveyayinevi.com.tr\/index.php\/wp-json\/wp\/v2\/types\/product"}],"wp:attachment":[{"href":"https:\/\/roveyayinevi.com.tr\/index.php\/wp-json\/wp\/v2\/media?parent=742173"}],"wp:term":[{"taxonomy":"product_brand","embeddable":true,"href":"https:\/\/roveyayinevi.com.tr\/index.php\/wp-json\/wp\/v2\/product_brand?post=742173"},{"taxonomy":"product_cat","embeddable":true,"href":"https:\/\/roveyayinevi.com.tr\/index.php\/wp-json\/wp\/v2\/product_cat?post=742173"},{"taxonomy":"product_tag","embeddable":true,"href":"https:\/\/roveyayinevi.com.tr\/index.php\/wp-json\/wp\/v2\/product_tag?post=742173"}],"curies":[{"name":"wp","href":"https:\/\/api.w.org\/{rel}","templated":true}]}}