{"id":742172,"date":"2025-08-28T01:05:49","date_gmt":"2025-08-27T22:05:49","guid":{"rendered":"https:\/\/roveyayinevi.com.tr\/index.php\/urun\/kuklalarin-dansi\/"},"modified":"2026-04-16T02:53:20","modified_gmt":"2026-04-15T23:53:20","slug":"kuklalarin-dansi","status":"publish","type":"product","link":"https:\/\/roveyayinevi.com.tr\/index.php\/urun\/kuklalarin-dansi\/","title":{"rendered":"Kuklalar\u0131n Dans\u0131"},"content":{"rendered":"<p>\u0130pleri eline alman\u0131n s\u0131ras\u0131 de\u011fil mi?   Hepimiz da\u011f\u0131n\u0131k bir yapbozun par\u00e7as\u0131 gibi bir yere sa\u00e7\u0131lm\u0131\u015f, da\u011f\u0131lm\u0131\u015f h\u00e2ldeydik. Bir araya getirilmeyi, bir b\u00fct\u00fcn olmay\u0131 belki hi\u00e7 istememi\u015ftik. Ama cevap hakk\u0131m\u0131z en ba\u015ftan, o kurulan adalet terazisinde, bize sorulmadan \u00e7oktan verilmi\u015fti. Hat\u0131rlayamad\u0131\u011f\u0131m\u0131z (verdi\u011fimiz) o s\u00f6z\u00fcn esiri olmu\u015ftuk, hik\u00e2yemiz o an ba\u015flam\u0131\u015ft\u0131 ama hi\u00e7birimiz bilmiyorduk.   O g\u00fcnden sonra t\u00fcm hayat\u0131m\u0131za y\u00f6n veren, bizi evrenin hayal\u00ee perdesinin arkas\u0131ndan izleyen yarat\u0131c\u0131m\u0131z, acaba bir g\u00fcn s\u0131k\u0131l\u0131p y\u00f6netti\u011fi kuklalar\u0131n\u0131 hi\u00e7 yaratmam\u0131\u015f gibi darmada\u011f\u0131n edecek miydi? Yoksa oyununu oynayaca\u011f\u0131 ba\u015fka oyuncaklar m\u0131 \u00e7\u0131karacakt\u0131 sand\u0131\u011f\u0131ndan?   Zamanla kukla olmaya al\u0131\u015fan, kan\u0131ksayan, t\u00fcm benli\u011fimizi esir alan irademiz ne zaman cesaret edecekti, ruhumuzu daha fazla \u00f6ld\u00fcrmeden, yarat\u0131c\u0131s\u0131n\u0131n elindeki ipleri kesmeye? Sonu\u00e7ta hi\u00e7bir ipin ucunda olmamak i\u00e7in \u00f6deyece\u011fimiz bedel, \u00f6zg\u00fcrl\u00fc\u011fe bir ad\u0131m daha yakla\u015ft\u0131racaksa bizi, seve seve \u00f6demeye raz\u0131 de\u011fil miydik? Julia Ortay; s\u0131n\u0131rlar\u0131 toplum taraf\u0131ndan kesinkes \u00e7izilmi\u015f olan inan\u00e7, din, kader, Tanr\u0131, \u00f6l\u00fcm gibi konular\u0131 \u201ckukla\u201d arketipi ekseninde bir zemine oturtuyor. Kitap; tiyatronun insana kendisini d\u0131\u015far\u0131dan g\u00f6stermesi gibi okuyanlara ayna tutarak, bir nevi ruh d\u00f6n\u00fc\u015f\u00fcm\u00fc (katarsis) ya\u015fat\u0131yor.  <\/p>\n","protected":false},"excerpt":{"rendered":"<p>\u0130pleri eline alman\u0131n s\u0131ras\u0131 de\u011fil mi? Hepimiz da\u011f\u0131n\u0131k bir yapbozun par\u00e7as\u0131 gibi bir yere sa\u00e7\u0131lm\u0131\u015f, da\u011f\u0131lm\u0131\u015f h\u00e2ldeydik. Bir araya getirilmeyi, bir b\u00fct\u00fcn olmay\u0131 belki hi\u00e7 istememi\u015ftik.<span class=\"excerpt-hellip\"> [\u2026]<\/span><\/p>\n","protected":false},"featured_media":0,"template":"","meta":{"_monsterinsights_skip_tracking":false,"_monsterinsights_sitenote_active":false,"_monsterinsights_sitenote_note":"","_monsterinsights_sitenote_category":0},"product_brand":[],"product_cat":[12291,12711],"product_tag":[],"class_list":{"0":"post-742172","1":"product","2":"type-product","3":"status-publish","5":"product_cat-edebiyat","6":"product_cat-roman-oyku","7":"pa_cilt-ciltsiz","8":"pa_tur-kitap","9":"pa_yayinevi-yeni-insan-yayinlari","10":"pa_yazar-julia-ortay","12":"first","13":"instock","14":"sale","15":"shipping-taxable","16":"purchasable","17":"product-type-simple"},"_links":{"self":[{"href":"https:\/\/roveyayinevi.com.tr\/index.php\/wp-json\/wp\/v2\/product\/742172","targetHints":{"allow":["GET"]}}],"collection":[{"href":"https:\/\/roveyayinevi.com.tr\/index.php\/wp-json\/wp\/v2\/product"}],"about":[{"href":"https:\/\/roveyayinevi.com.tr\/index.php\/wp-json\/wp\/v2\/types\/product"}],"wp:attachment":[{"href":"https:\/\/roveyayinevi.com.tr\/index.php\/wp-json\/wp\/v2\/media?parent=742172"}],"wp:term":[{"taxonomy":"product_brand","embeddable":true,"href":"https:\/\/roveyayinevi.com.tr\/index.php\/wp-json\/wp\/v2\/product_brand?post=742172"},{"taxonomy":"product_cat","embeddable":true,"href":"https:\/\/roveyayinevi.com.tr\/index.php\/wp-json\/wp\/v2\/product_cat?post=742172"},{"taxonomy":"product_tag","embeddable":true,"href":"https:\/\/roveyayinevi.com.tr\/index.php\/wp-json\/wp\/v2\/product_tag?post=742172"}],"curies":[{"name":"wp","href":"https:\/\/api.w.org\/{rel}","templated":true}]}}