{"id":742170,"date":"2025-08-28T01:05:47","date_gmt":"2025-08-27T22:05:47","guid":{"rendered":"https:\/\/roveyayinevi.com.tr\/index.php\/urun\/dunya-senin-ellerinde\/"},"modified":"2026-04-16T02:53:20","modified_gmt":"2026-04-15T23:53:20","slug":"dunya-senin-ellerinde","status":"publish","type":"product","link":"https:\/\/roveyayinevi.com.tr\/index.php\/urun\/dunya-senin-ellerinde\/","title":{"rendered":"D\u00fcnya Senin Ellerinde"},"content":{"rendered":"<p>\u00d6yle bir d\u00f6nemdeyiz ki s\u00fcrd\u00fcr\u00fclebilir ya\u015fama her zamankinden \u00e7ok ihtiyac\u0131m\u0131z var. N\u00fcfusu g\u00fcn ge\u00e7tik\u00e7e artan d\u00fcnyam\u0131z yeni felaketlere gebe. Salg\u0131n, sava\u015flar, g\u00f6\u00e7ler, yoksulluk, biyo\u00e7e\u015fitlili\u011fin yok olmas\u0131 ve iklim krizi bize gelecekte neler ya\u015fayabilece\u011fimizin haberini veriyor.   D\u00fcnya Senin Ellerinde yazarlar\u0131, ekolojik fark\u0131ndal\u0131\u011f\u0131 art\u0131r\u0131p insanlar\u0131 harekete ge\u00e7irmek i\u00e7in bir araya geldiler. Mevcut durumu de\u011ferlendirip gelece\u011fi tasarlamay\u0131 da g\u00f6rev bildiler. M\u00fcberra M\u0131z\u0131kac\u0131\u2019n\u0131n edit\u00f6rl\u00fc\u011f\u00fcnde ya\u015fam savunucular\u0131, s\u00fcrd\u00fcr\u00fclebilirli\u011fin \u00e7e\u015fitli konular\u0131na dair fikir ve \u00f6ng\u00f6r\u00fclerini payla\u015f\u0131yor. K\u00fcresel salg\u0131n\u0131n hayat\u0131m\u0131zdaki yeri, g\u0131da hakk\u0131, toplumsal beslenme sistemleri ve mikroplastik gibi ba\u015fl\u0131klar \u201cs\u00fcrd\u00fcr\u00fclebilirlik\u201d oda\u011f\u0131nda ele al\u0131n\u0131yor.   Gelece\u011fi nas\u0131l tasarlar\u0131z? Bu sorunun yan\u0131t\u0131n\u0131 birlikte arayaca\u011f\u0131z. D\u00fcnya her \u015feye ra\u011fmen bizimle ve bizden sonra var olacak. Daha az\u0131n\u0131 isteyerek ve d\u00fcnyaya verdi\u011fimiz zarar\u0131 azaltarak daha adil bir gelece\u011fi m\u00fcmk\u00fcn k\u0131labiliriz.   Ekolojik ya\u015fam\u0131n bir par\u00e7as\u0131 olmak bizim ellerimizde, ve tabii \u201cd\u00fcnya\u201d da \u00f6yle\u2026   <\/p>\n","protected":false},"excerpt":{"rendered":"<p>\u00d6yle bir d\u00f6nemdeyiz ki s\u00fcrd\u00fcr\u00fclebilir ya\u015fama her zamankinden \u00e7ok ihtiyac\u0131m\u0131z var. N\u00fcfusu g\u00fcn ge\u00e7tik\u00e7e artan d\u00fcnyam\u0131z yeni felaketlere gebe. Salg\u0131n, sava\u015flar, g\u00f6\u00e7ler, yoksulluk, biyo\u00e7e\u015fitlili\u011fin yok olmas\u0131<span class=\"excerpt-hellip\"> [\u2026]<\/span><\/p>\n","protected":false},"featured_media":0,"template":"","meta":{"_monsterinsights_skip_tracking":false,"_monsterinsights_sitenote_active":false,"_monsterinsights_sitenote_note":"","_monsterinsights_sitenote_category":0},"product_brand":[],"product_cat":[13005,13010],"product_tag":[],"class_list":{"0":"post-742170","1":"product","2":"type-product","3":"status-publish","5":"product_cat-bilim-muhendislik","6":"product_cat-doga-bilimleri","7":"pa_cilt-ciltsiz","8":"pa_tur-kitap","9":"pa_yayinevi-yeni-insan-yayinlari","10":"pa_yazar-kolektif","12":"first","13":"instock","14":"sale","15":"shipping-taxable","16":"purchasable","17":"product-type-simple"},"_links":{"self":[{"href":"https:\/\/roveyayinevi.com.tr\/index.php\/wp-json\/wp\/v2\/product\/742170","targetHints":{"allow":["GET"]}}],"collection":[{"href":"https:\/\/roveyayinevi.com.tr\/index.php\/wp-json\/wp\/v2\/product"}],"about":[{"href":"https:\/\/roveyayinevi.com.tr\/index.php\/wp-json\/wp\/v2\/types\/product"}],"wp:attachment":[{"href":"https:\/\/roveyayinevi.com.tr\/index.php\/wp-json\/wp\/v2\/media?parent=742170"}],"wp:term":[{"taxonomy":"product_brand","embeddable":true,"href":"https:\/\/roveyayinevi.com.tr\/index.php\/wp-json\/wp\/v2\/product_brand?post=742170"},{"taxonomy":"product_cat","embeddable":true,"href":"https:\/\/roveyayinevi.com.tr\/index.php\/wp-json\/wp\/v2\/product_cat?post=742170"},{"taxonomy":"product_tag","embeddable":true,"href":"https:\/\/roveyayinevi.com.tr\/index.php\/wp-json\/wp\/v2\/product_tag?post=742170"}],"curies":[{"name":"wp","href":"https:\/\/api.w.org\/{rel}","templated":true}]}}