{"id":742164,"date":"2025-08-28T01:05:40","date_gmt":"2025-08-27T22:05:40","guid":{"rendered":"https:\/\/roveyayinevi.com.tr\/index.php\/urun\/rosario-vampire\/"},"modified":"2026-04-16T02:53:20","modified_gmt":"2026-04-15T23:53:20","slug":"rosario-vampire","status":"publish","type":"product","link":"https:\/\/roveyayinevi.com.tr\/index.php\/urun\/rosario-vampire\/","title":{"rendered":"Rosario + Vampire"},"content":{"rendered":"<p>Yeni d\u00f6nem ba\u015flad\u0131. Okula yeni bir \u00f6\u011frenci geldi, Japonya\u2019n\u0131n en b\u00fcy\u00fck mafya ailelerinin birinin varisi olan Fanfan Won. Fanfan Tsukune&#8217;nin sahip oldu\u011fu g\u00fc\u00e7ten etkilenir ve ailesine kat\u0131lmas\u0131 i\u00e7in elinden gelen her \u015feyi yapmaya haz\u0131rd\u0131r. Tam da o s\u0131ralarda okulda spor bayram\u0131 haz\u0131rl\u0131klar\u0131 son h\u0131z devam ederken Fanfan, Tsukune ve arkada\u015flar\u0131yla bir iddiaya girer. Kaybederlerse, sonu\u00e7 Tsukune i\u00e7in b\u00fcy\u00fck bir felakete sebep olabilir. Neyse ki Mizore, Yukari ve Kurumu&#8217;nun anneleri imdada yeti\u015fiyor!<\/p>\n","protected":false},"excerpt":{"rendered":"<p>Yeni d\u00f6nem ba\u015flad\u0131. Okula yeni bir \u00f6\u011frenci geldi, Japonya\u2019n\u0131n en b\u00fcy\u00fck mafya ailelerinin birinin varisi olan Fanfan Won. Fanfan Tsukune&#8217;nin sahip oldu\u011fu g\u00fc\u00e7ten etkilenir ve ailesine<span class=\"excerpt-hellip\"> [\u2026]<\/span><\/p>\n","protected":false},"featured_media":0,"template":"","meta":{"_monsterinsights_skip_tracking":false,"_monsterinsights_sitenote_active":false,"_monsterinsights_sitenote_note":"","_monsterinsights_sitenote_category":0},"product_brand":[],"product_cat":[12416,12291],"product_tag":[],"class_list":{"0":"post-742164","1":"product","2":"type-product","3":"status-publish","5":"product_cat-cizgi-roman","6":"product_cat-edebiyat","7":"pa_cilt-ciltsiz","8":"pa_tur-kitap","9":"pa_yayinevi-akil-celen-kitaplar","10":"pa_yazar-akihisa-ikeda","12":"first","13":"instock","14":"sale","15":"shipping-taxable","16":"purchasable","17":"product-type-simple"},"_links":{"self":[{"href":"https:\/\/roveyayinevi.com.tr\/index.php\/wp-json\/wp\/v2\/product\/742164","targetHints":{"allow":["GET"]}}],"collection":[{"href":"https:\/\/roveyayinevi.com.tr\/index.php\/wp-json\/wp\/v2\/product"}],"about":[{"href":"https:\/\/roveyayinevi.com.tr\/index.php\/wp-json\/wp\/v2\/types\/product"}],"wp:attachment":[{"href":"https:\/\/roveyayinevi.com.tr\/index.php\/wp-json\/wp\/v2\/media?parent=742164"}],"wp:term":[{"taxonomy":"product_brand","embeddable":true,"href":"https:\/\/roveyayinevi.com.tr\/index.php\/wp-json\/wp\/v2\/product_brand?post=742164"},{"taxonomy":"product_cat","embeddable":true,"href":"https:\/\/roveyayinevi.com.tr\/index.php\/wp-json\/wp\/v2\/product_cat?post=742164"},{"taxonomy":"product_tag","embeddable":true,"href":"https:\/\/roveyayinevi.com.tr\/index.php\/wp-json\/wp\/v2\/product_tag?post=742164"}],"curies":[{"name":"wp","href":"https:\/\/api.w.org\/{rel}","templated":true}]}}