{"id":742163,"date":"2025-08-28T01:05:39","date_gmt":"2025-08-27T22:05:39","guid":{"rendered":"https:\/\/roveyayinevi.com.tr\/index.php\/urun\/a-takimi-su-tasarrufu\/"},"modified":"2026-04-16T02:53:20","modified_gmt":"2026-04-15T23:53:20","slug":"a-takimi-su-tasarrufu","status":"publish","type":"product","link":"https:\/\/roveyayinevi.com.tr\/index.php\/urun\/a-takimi-su-tasarrufu\/","title":{"rendered":"A Tak\u0131m\u0131 Su Tasarrufu"},"content":{"rendered":"<p>D\u00fcnyam\u0131z\u0131n y\u00fczde 75\u2019i sularla kapl\u0131 ama temiz su oran\u0131 olduk\u00e7a az. Temizlik, yemek, sulama\u2026 Her \u015fey i\u00e7in suya ihtiya\u00e7 duyuyoruz. Su olmadan hayat\u0131n devam etmesi neredeyse imk\u00e2ns\u0131z!  Ay\u015fe, Ahmet ve robot Ayy\u0131ld\u0131z da sular kesilince tela\u015flan\u0131yor. Kovalar ortaya \u00e7\u0131k\u0131yor, s\u0131ra s\u0131ra diziliyor. Susuzlukla m\u00fccadele eden \u00fc\u00e7 kafadar\u0131n yeni projeleri ve unutulmaz maceras\u0131 hepimize \u00f6rnek olacak\u2026 <\/p>\n","protected":false},"excerpt":{"rendered":"<p>D\u00fcnyam\u0131z\u0131n y\u00fczde 75\u2019i sularla kapl\u0131 ama temiz su oran\u0131 olduk\u00e7a az. Temizlik, yemek, sulama\u2026 Her \u015fey i\u00e7in suya ihtiya\u00e7 duyuyoruz. Su olmadan hayat\u0131n devam etmesi neredeyse<span class=\"excerpt-hellip\"> [\u2026]<\/span><\/p>\n","protected":false},"featured_media":0,"template":"","meta":{"_monsterinsights_skip_tracking":false,"_monsterinsights_sitenote_active":false,"_monsterinsights_sitenote_note":"","_monsterinsights_sitenote_category":0},"product_brand":[],"product_cat":[12274,15842],"product_tag":[],"class_list":{"0":"post-742163","1":"product","2":"type-product","3":"status-publish","5":"product_cat-cocuk-ve-genclik-kitaplari","6":"product_cat-egitici-kitaplar","7":"pa_cilt-ciltsiz","8":"pa_tur-kitap","9":"pa_yayinevi-turkuvaz-kitap","10":"pa_yazar-ismail-bayazit-canan-ekici","12":"first","13":"instock","14":"sale","15":"shipping-taxable","16":"purchasable","17":"product-type-simple"},"_links":{"self":[{"href":"https:\/\/roveyayinevi.com.tr\/index.php\/wp-json\/wp\/v2\/product\/742163","targetHints":{"allow":["GET"]}}],"collection":[{"href":"https:\/\/roveyayinevi.com.tr\/index.php\/wp-json\/wp\/v2\/product"}],"about":[{"href":"https:\/\/roveyayinevi.com.tr\/index.php\/wp-json\/wp\/v2\/types\/product"}],"wp:attachment":[{"href":"https:\/\/roveyayinevi.com.tr\/index.php\/wp-json\/wp\/v2\/media?parent=742163"}],"wp:term":[{"taxonomy":"product_brand","embeddable":true,"href":"https:\/\/roveyayinevi.com.tr\/index.php\/wp-json\/wp\/v2\/product_brand?post=742163"},{"taxonomy":"product_cat","embeddable":true,"href":"https:\/\/roveyayinevi.com.tr\/index.php\/wp-json\/wp\/v2\/product_cat?post=742163"},{"taxonomy":"product_tag","embeddable":true,"href":"https:\/\/roveyayinevi.com.tr\/index.php\/wp-json\/wp\/v2\/product_tag?post=742163"}],"curies":[{"name":"wp","href":"https:\/\/api.w.org\/{rel}","templated":true}]}}