{"id":742162,"date":"2025-08-28T01:05:38","date_gmt":"2025-08-27T22:05:38","guid":{"rendered":"https:\/\/roveyayinevi.com.tr\/index.php\/urun\/a-takimi-plastik\/"},"modified":"2026-04-16T02:53:20","modified_gmt":"2026-04-15T23:53:20","slug":"a-takimi-plastik","status":"publish","type":"product","link":"https:\/\/roveyayinevi.com.tr\/index.php\/urun\/a-takimi-plastik\/","title":{"rendered":"A Tak\u0131m\u0131 Plastik"},"content":{"rendered":"<p>Oyuncak araba, bardak, \u00e7atal, sandalye, kalem\u2026 Plastik ne kadar da \u00e7ok yerde kullan\u0131l\u0131yor! Peki, plastik \u00fcretildi\u011fi gibi do\u011fada kolayca yok olabiliyor mu dersiniz?  Kahramanlar\u0131m\u0131z Ay\u015fe, Ahmet ve robot Ayy\u0131ld\u0131z da bu sorunun cevab\u0131n\u0131 ar\u0131yor. Daha ye\u015fil ve ya\u015fanabilir bir D\u00fcnya i\u00e7in yepyeni kararlar al\u0131yorlar. Kar\u015f\u0131la\u015ft\u0131klar\u0131 at\u0131k plastik da\u011flar\u0131 i\u00e7in \u00e7\u00f6z\u00fcmler \u00fcreten \u00fc\u00e7 kafadar\u0131n maceras\u0131, hepimize \u00f6rnek olacak\u2026 <\/p>\n","protected":false},"excerpt":{"rendered":"<p>Oyuncak araba, bardak, \u00e7atal, sandalye, kalem\u2026 Plastik ne kadar da \u00e7ok yerde kullan\u0131l\u0131yor! Peki, plastik \u00fcretildi\u011fi gibi do\u011fada kolayca yok olabiliyor mu dersiniz? Kahramanlar\u0131m\u0131z Ay\u015fe, Ahmet<span class=\"excerpt-hellip\"> [\u2026]<\/span><\/p>\n","protected":false},"featured_media":0,"template":"","meta":{"_monsterinsights_skip_tracking":false,"_monsterinsights_sitenote_active":false,"_monsterinsights_sitenote_note":"","_monsterinsights_sitenote_category":0},"product_brand":[],"product_cat":[12274,15842],"product_tag":[],"class_list":{"0":"post-742162","1":"product","2":"type-product","3":"status-publish","5":"product_cat-cocuk-ve-genclik-kitaplari","6":"product_cat-egitici-kitaplar","7":"pa_cilt-ciltsiz","8":"pa_tur-kitap","9":"pa_yayinevi-turkuvaz-kitap","10":"pa_yazar-ismail-bayazit-canan-ekici","12":"first","13":"instock","14":"sale","15":"shipping-taxable","16":"purchasable","17":"product-type-simple"},"_links":{"self":[{"href":"https:\/\/roveyayinevi.com.tr\/index.php\/wp-json\/wp\/v2\/product\/742162","targetHints":{"allow":["GET"]}}],"collection":[{"href":"https:\/\/roveyayinevi.com.tr\/index.php\/wp-json\/wp\/v2\/product"}],"about":[{"href":"https:\/\/roveyayinevi.com.tr\/index.php\/wp-json\/wp\/v2\/types\/product"}],"wp:attachment":[{"href":"https:\/\/roveyayinevi.com.tr\/index.php\/wp-json\/wp\/v2\/media?parent=742162"}],"wp:term":[{"taxonomy":"product_brand","embeddable":true,"href":"https:\/\/roveyayinevi.com.tr\/index.php\/wp-json\/wp\/v2\/product_brand?post=742162"},{"taxonomy":"product_cat","embeddable":true,"href":"https:\/\/roveyayinevi.com.tr\/index.php\/wp-json\/wp\/v2\/product_cat?post=742162"},{"taxonomy":"product_tag","embeddable":true,"href":"https:\/\/roveyayinevi.com.tr\/index.php\/wp-json\/wp\/v2\/product_tag?post=742162"}],"curies":[{"name":"wp","href":"https:\/\/api.w.org\/{rel}","templated":true}]}}