{"id":742161,"date":"2025-08-28T01:05:37","date_gmt":"2025-08-27T22:05:37","guid":{"rendered":"https:\/\/roveyayinevi.com.tr\/index.php\/urun\/a-takimi-geri-donusum\/"},"modified":"2026-04-16T02:53:20","modified_gmt":"2026-04-15T23:53:20","slug":"a-takimi-geri-donusum","status":"publish","type":"product","link":"https:\/\/roveyayinevi.com.tr\/index.php\/urun\/a-takimi-geri-donusum\/","title":{"rendered":"A Tak\u0131m\u0131 Geri D\u00f6n\u00fc\u015f\u00fcm"},"content":{"rendered":"<p>ARKA KAPAK   Kullan\u0131lm\u0131\u015f kutulardan masa, plastik deterjan kutular\u0131ndan sal\u0131ncak, meyve kabuklar\u0131ndan g\u00fcbre\u2026 Geri d\u00f6n\u00fc\u015f\u00fcm, \u00e7evre sorunlar\u0131yla m\u00fccadele eden D\u00fcnyam\u0131z i\u00e7in olduk\u00e7a \u00f6nemli.  At\u0131klar\u0131 ayr\u0131 ayr\u0131 toplayan ve geri d\u00f6n\u00fc\u015f\u00fcm merkezlerine g\u00f6nderilmek \u00fczere renkli kutular haz\u0131rlayan Ay\u015fe, Ahmet ve robot Ayy\u0131ld\u0131z\u2019\u0131n maceras\u0131, hepimize \u00f6rnek olacak\u2026 <\/p>\n","protected":false},"excerpt":{"rendered":"<p>ARKA KAPAK Kullan\u0131lm\u0131\u015f kutulardan masa, plastik deterjan kutular\u0131ndan sal\u0131ncak, meyve kabuklar\u0131ndan g\u00fcbre\u2026 Geri d\u00f6n\u00fc\u015f\u00fcm, \u00e7evre sorunlar\u0131yla m\u00fccadele eden D\u00fcnyam\u0131z i\u00e7in olduk\u00e7a \u00f6nemli. At\u0131klar\u0131 ayr\u0131 ayr\u0131 toplayan<span class=\"excerpt-hellip\"> [\u2026]<\/span><\/p>\n","protected":false},"featured_media":0,"template":"","meta":{"_monsterinsights_skip_tracking":false,"_monsterinsights_sitenote_active":false,"_monsterinsights_sitenote_note":"","_monsterinsights_sitenote_category":0},"product_brand":[],"product_cat":[12274,15842],"product_tag":[],"class_list":{"0":"post-742161","1":"product","2":"type-product","3":"status-publish","5":"product_cat-cocuk-ve-genclik-kitaplari","6":"product_cat-egitici-kitaplar","7":"pa_cilt-ciltsiz","8":"pa_tur-kitap","9":"pa_yayinevi-turkuvaz-kitap","10":"pa_yazar-ismail-bayazit-canan-ekici","12":"first","13":"instock","14":"sale","15":"shipping-taxable","16":"purchasable","17":"product-type-simple"},"_links":{"self":[{"href":"https:\/\/roveyayinevi.com.tr\/index.php\/wp-json\/wp\/v2\/product\/742161","targetHints":{"allow":["GET"]}}],"collection":[{"href":"https:\/\/roveyayinevi.com.tr\/index.php\/wp-json\/wp\/v2\/product"}],"about":[{"href":"https:\/\/roveyayinevi.com.tr\/index.php\/wp-json\/wp\/v2\/types\/product"}],"wp:attachment":[{"href":"https:\/\/roveyayinevi.com.tr\/index.php\/wp-json\/wp\/v2\/media?parent=742161"}],"wp:term":[{"taxonomy":"product_brand","embeddable":true,"href":"https:\/\/roveyayinevi.com.tr\/index.php\/wp-json\/wp\/v2\/product_brand?post=742161"},{"taxonomy":"product_cat","embeddable":true,"href":"https:\/\/roveyayinevi.com.tr\/index.php\/wp-json\/wp\/v2\/product_cat?post=742161"},{"taxonomy":"product_tag","embeddable":true,"href":"https:\/\/roveyayinevi.com.tr\/index.php\/wp-json\/wp\/v2\/product_tag?post=742161"}],"curies":[{"name":"wp","href":"https:\/\/api.w.org\/{rel}","templated":true}]}}