{"id":742158,"date":"2025-08-28T01:05:34","date_gmt":"2025-08-27T22:05:34","guid":{"rendered":"https:\/\/roveyayinevi.com.tr\/index.php\/urun\/multidisipliner-yaklasimla-ekonomi\/"},"modified":"2026-04-16T02:53:20","modified_gmt":"2026-04-15T23:53:20","slug":"multidisipliner-yaklasimla-ekonomi","status":"publish","type":"product","link":"https:\/\/roveyayinevi.com.tr\/index.php\/urun\/multidisipliner-yaklasimla-ekonomi\/","title":{"rendered":"Multidisipliner Yakla\u015f\u0131mla Ekonomi"},"content":{"rendered":"<p>\u0130\u00e7indekiler   1.      B\u00d6L\u00dcM End\u00fcstri 4.0 ve D\u00f6ng\u00fcsel Ekonomi: Ak\u0131ll\u0131 D\u00f6ng\u00fcsel Sistemler 2.      B\u00d6L\u00dcM T\u00fcrkiye Ekonomisinde Covid-19 Sonras\u0131 De\u011fi\u015fen Piyasa Al\u0131\u015fkanl\u0131klar\u0131 \u00c7er\u00e7evesinde Serbest ve Uzaktan \u0130\u00e7erik Yazarlar\u0131n\u0131n \u0130\u015f Hayat\u0131 Dengesi \u00dczerine Bir Ara\u015ft\u0131rma 3.      B\u00d6L\u00dcM N\u00f6robilimin Davran\u0131\u015fsal Finans \u00c7al\u0131\u015fmalar\u0131ndaki Yeri Ve \u00d6nemi 4.      B\u00d6L\u00dcM Rusya\u2019n\u0131n Enerji Politikas\u0131 ve Arktik B\u00f6lgesinde G\u00fc\u00e7 Dengeleri 5.      B\u00d6L\u00dcM Nepotizmin \u00d6rg\u00fctsel Ba\u011fl\u0131l\u0131k ve Ekonomik Geli\u015fme \u00dczerindeki Etkileri 6.      B\u00d6L\u00dcM Tersine Lojistik ve At\u0131k Lojisti\u011fin T\u00fcrkiye Ekonomisindeki Yeri 7.      B\u00d6L\u00dcM Cov\u0131d-19 ve Tersine Lojistik: Kavramsal \u0130nceleme 8.      B\u00d6L\u00dcM T\u00fcrk Kargo Sekt\u00f6r\u00fc Genel Durumu 9.      B\u00d6L\u00dcM Ye\u015fil Tedarik Zincirinin Ekonomik Etkileri   <\/p>\n","protected":false},"excerpt":{"rendered":"<p>\u0130\u00e7indekiler 1. B\u00d6L\u00dcM End\u00fcstri 4.0 ve D\u00f6ng\u00fcsel Ekonomi: Ak\u0131ll\u0131 D\u00f6ng\u00fcsel Sistemler 2. B\u00d6L\u00dcM T\u00fcrkiye Ekonomisinde Covid-19 Sonras\u0131 De\u011fi\u015fen Piyasa Al\u0131\u015fkanl\u0131klar\u0131 \u00c7er\u00e7evesinde Serbest ve Uzaktan \u0130\u00e7erik Yazarlar\u0131n\u0131n<span class=\"excerpt-hellip\"> [\u2026]<\/span><\/p>\n","protected":false},"featured_media":0,"template":"","meta":{"_monsterinsights_skip_tracking":false,"_monsterinsights_sitenote_active":false,"_monsterinsights_sitenote_note":"","_monsterinsights_sitenote_category":0},"product_brand":[],"product_cat":[12573,12566],"product_tag":[],"class_list":{"0":"post-742158","1":"product","2":"type-product","3":"status-publish","5":"product_cat-akademik-kitaplar","6":"product_cat-egitim","7":"pa_cilt-ciltsiz","8":"pa_tur-kitap","9":"pa_yayinevi-gazi-kitabevi","10":"pa_yazar-gazi-kitabevi-kolektif","12":"first","13":"instock","14":"sale","15":"shipping-taxable","16":"purchasable","17":"product-type-simple"},"_links":{"self":[{"href":"https:\/\/roveyayinevi.com.tr\/index.php\/wp-json\/wp\/v2\/product\/742158","targetHints":{"allow":["GET"]}}],"collection":[{"href":"https:\/\/roveyayinevi.com.tr\/index.php\/wp-json\/wp\/v2\/product"}],"about":[{"href":"https:\/\/roveyayinevi.com.tr\/index.php\/wp-json\/wp\/v2\/types\/product"}],"wp:attachment":[{"href":"https:\/\/roveyayinevi.com.tr\/index.php\/wp-json\/wp\/v2\/media?parent=742158"}],"wp:term":[{"taxonomy":"product_brand","embeddable":true,"href":"https:\/\/roveyayinevi.com.tr\/index.php\/wp-json\/wp\/v2\/product_brand?post=742158"},{"taxonomy":"product_cat","embeddable":true,"href":"https:\/\/roveyayinevi.com.tr\/index.php\/wp-json\/wp\/v2\/product_cat?post=742158"},{"taxonomy":"product_tag","embeddable":true,"href":"https:\/\/roveyayinevi.com.tr\/index.php\/wp-json\/wp\/v2\/product_tag?post=742158"}],"curies":[{"name":"wp","href":"https:\/\/api.w.org\/{rel}","templated":true}]}}