{"id":742157,"date":"2025-08-28T01:05:33","date_gmt":"2025-08-27T22:05:33","guid":{"rendered":"https:\/\/roveyayinevi.com.tr\/index.php\/urun\/neoliberal-iktisat-teori-ve-uygulama\/"},"modified":"2026-04-16T02:53:20","modified_gmt":"2026-04-15T23:53:20","slug":"neoliberal-iktisat-teori-ve-uygulama","status":"publish","type":"product","link":"https:\/\/roveyayinevi.com.tr\/index.php\/urun\/neoliberal-iktisat-teori-ve-uygulama\/","title":{"rendered":"Neoliberal \u0130ktisat Teori ve Uygulama"},"content":{"rendered":"<p>\u0130\u00e7indekiler   B\u0130R\u0130NC\u0130 B\u00d6L\u00dcM NEOL\u0130BERAL\u0130ZM \u00d6NCES\u0130 D\u00d6NEM \u0130K\u0130NC\u0130 B\u00d6L\u00dcM NEOL\u0130BERAL \u0130KT\u0130SATIN ORTAYA \u00c7IKI\u015eI \u00dc\u00c7\u00dcNC\u00dc B\u00d6L\u00dcM NEOL\u0130BERAL \u0130KT\u0130SAT POL\u0130T\u0130KASI; TEOR\u0130 D\u00d6RD\u00dcNC\u00dc B\u00d6L\u00dcM NEOL\u0130BERAL \u0130KT\u0130SAT POL\u0130T\u0130KASI; D\u00dcNYA\u201fDA UYGULAMA BE\u015e\u0130NC\u0130 B\u00d6L\u00dcM NEOL\u0130BERAL \u0130KT\u0130SAT POL\u0130T\u0130KASI; T\u00dcRK\u0130YE UYGULAMASI ALTINCI B\u00d6L\u00dcM NEOL\u0130BERAL \u0130KT\u0130SAT POL\u0130T\u0130KASI ve KR\u0130ZLER YED\u0130NC\u0130 B\u00d6L\u00dcM NEOL\u0130BERAL \u0130KT\u0130SAT POL\u0130T\u0130KASI VE ULUSLARARASI F\u0130NANSAL KURULU\u015eLAR SEK\u0130Z\u0130NC\u0130 B\u00d6L\u00dcM NEOL\u0130BERAL \u0130KT\u0130SAT POL\u0130T\u0130KASININ ELE\u015eT\u0130R\u0130S\u0130 <\/p>\n","protected":false},"excerpt":{"rendered":"<p>\u0130\u00e7indekiler B\u0130R\u0130NC\u0130 B\u00d6L\u00dcM NEOL\u0130BERAL\u0130ZM \u00d6NCES\u0130 D\u00d6NEM \u0130K\u0130NC\u0130 B\u00d6L\u00dcM NEOL\u0130BERAL \u0130KT\u0130SATIN ORTAYA \u00c7IKI\u015eI \u00dc\u00c7\u00dcNC\u00dc B\u00d6L\u00dcM NEOL\u0130BERAL \u0130KT\u0130SAT POL\u0130T\u0130KASI; TEOR\u0130 D\u00d6RD\u00dcNC\u00dc B\u00d6L\u00dcM NEOL\u0130BERAL \u0130KT\u0130SAT POL\u0130T\u0130KASI; D\u00dcNYA\u201fDA UYGULAMA BE\u015e\u0130NC\u0130<span class=\"excerpt-hellip\"> [\u2026]<\/span><\/p>\n","protected":false},"featured_media":0,"template":"","meta":{"_monsterinsights_skip_tracking":false,"_monsterinsights_sitenote_active":false,"_monsterinsights_sitenote_note":"","_monsterinsights_sitenote_category":0},"product_brand":[],"product_cat":[12573,12566],"product_tag":[],"class_list":{"0":"post-742157","1":"product","2":"type-product","3":"status-publish","5":"product_cat-akademik-kitaplar","6":"product_cat-egitim","7":"pa_cilt-ciltsiz","8":"pa_tur-kitap","9":"pa_yayinevi-gazi-kitabevi","10":"pa_yazar-ismail-cem-ozkurt","12":"first","13":"instock","14":"sale","15":"shipping-taxable","16":"purchasable","17":"product-type-simple"},"_links":{"self":[{"href":"https:\/\/roveyayinevi.com.tr\/index.php\/wp-json\/wp\/v2\/product\/742157","targetHints":{"allow":["GET"]}}],"collection":[{"href":"https:\/\/roveyayinevi.com.tr\/index.php\/wp-json\/wp\/v2\/product"}],"about":[{"href":"https:\/\/roveyayinevi.com.tr\/index.php\/wp-json\/wp\/v2\/types\/product"}],"wp:attachment":[{"href":"https:\/\/roveyayinevi.com.tr\/index.php\/wp-json\/wp\/v2\/media?parent=742157"}],"wp:term":[{"taxonomy":"product_brand","embeddable":true,"href":"https:\/\/roveyayinevi.com.tr\/index.php\/wp-json\/wp\/v2\/product_brand?post=742157"},{"taxonomy":"product_cat","embeddable":true,"href":"https:\/\/roveyayinevi.com.tr\/index.php\/wp-json\/wp\/v2\/product_cat?post=742157"},{"taxonomy":"product_tag","embeddable":true,"href":"https:\/\/roveyayinevi.com.tr\/index.php\/wp-json\/wp\/v2\/product_tag?post=742157"}],"curies":[{"name":"wp","href":"https:\/\/api.w.org\/{rel}","templated":true}]}}